{"id":49203,"date":"2024-07-29T18:45:25","date_gmt":"2024-09-12T16:08:53","guid":{"rendered":"https:\/\/staging.nbg.eu\/product\/ten-speed-single-m4-mag-pouch\/"},"modified":"2024-09-12T16:09:59","modified_gmt":"2024-09-12T16:09:59","slug":"ten-speed-viengubas-m4-detuves-deklas","status":"publish","type":"product","link":"https:\/\/staging.nbg.eu\/lt\/produktas\/ten-speed-viengubas-m4-detuves-deklas\/","title":{"rendered":"Ten-Speed\u00ae viengubas M4 d\u0117tuv\u0117s d\u0117klas"},"content":{"rendered":"<div class=\"product-description\">\n<h2>Ten-Speed\u00ae vieno M4 d\u0117tuv\u0117s d\u0117klas<\/h2>\n<p>\u0160is lengvas d\u0117klas laiko vien\u0105 M4 d\u0117tuv\u0119 arba pana\u0161aus dyd\u017eio daiktus. Pagamintas i\u0161 karin\u0117s klas\u0117s elastano ir ULTRAcomp\u2122, tu\u0161\u010dias guli plok\u0161\u010diai.<\/p>\n<h3>Pagrindin\u0117s savyb\u0117s:<\/h3>\n<ul>\n<li>Patentuota Helium Whisper\u00ae tvirtinimo sistema<\/li>\n<li>Suderinamas su MOLLE<\/li>\n<li>60% lengvesnis nei tradiciniai d\u0117klai<\/li>\n<li>Tvirtas laminatas<\/li>\n<li>Optimizuotas laikymas ir patvarumas<\/li>\n<\/ul>\n<h3>Specifikacijos:<\/h3>\n<ul>\n<li>Dydis: 0,32 cm x 7,62 cm x 15,24 cm<\/li>\n<li>MOLLE laukas: 3 x 2<\/li>\n<li>Med\u017eiagos: Ten-Speed\u00ae elastanas, ULTRAcomp\u2122 laminatas<\/li>\n<\/ul>\n<p>\u0160is d\u0117klas tinka kariuomenei, teis\u0117saugai ir taktin\u0117s \u012frangos m\u0117g\u0117jams.<\/p>\n<\/div>\n","protected":false},"excerpt":{"rendered":"<p>Lengvas, saugus M4 d\u0117tuv\u0117s d\u0117klas. Greitas pri\u0117jimas, plok\u0161\u010dias profilis.<\/p>\n","protected":false},"featured_media":49212,"template":"","meta":{"_acf_changed":false},"product_brand":[11135],"product_cat":[13684,13708,13699],"product_tag":[],"class_list":{"0":"post-49203","1":"product","2":"type-product","3":"status-publish","4":"has-post-thumbnail","6":"product_brand-blue-force-gear","7":"product_cat-detuviu-laikikliai","8":"product_cat-iranga","9":"product_cat-krepseliai","11":"first","12":"instock","13":"taxable","14":"shipping-taxable","15":"purchasable","16":"product-type-variable","17":"wvs-archive-product-wrapper"},"acf":[],"_links":{"self":[{"href":"https:\/\/staging.nbg.eu\/lt\/wp-json\/wp\/v2\/product\/49203","targetHints":{"allow":["GET"]}}],"collection":[{"href":"https:\/\/staging.nbg.eu\/lt\/wp-json\/wp\/v2\/product"}],"about":[{"href":"https:\/\/staging.nbg.eu\/lt\/wp-json\/wp\/v2\/types\/product"}],"wp:featuredmedia":[{"embeddable":true,"href":"https:\/\/staging.nbg.eu\/lt\/wp-json\/wp\/v2\/media\/49212"}],"wp:attachment":[{"href":"https:\/\/staging.nbg.eu\/lt\/wp-json\/wp\/v2\/media?parent=49203"}],"wp:term":[{"taxonomy":"product_brand","embeddable":true,"href":"https:\/\/staging.nbg.eu\/lt\/wp-json\/wp\/v2\/product_brand?post=49203"},{"taxonomy":"product_cat","embeddable":true,"href":"https:\/\/staging.nbg.eu\/lt\/wp-json\/wp\/v2\/product_cat?post=49203"},{"taxonomy":"product_tag","embeddable":true,"href":"https:\/\/staging.nbg.eu\/lt\/wp-json\/wp\/v2\/product_tag?post=49203"}],"curies":[{"name":"wp","href":"https:\/\/api.w.org\/{rel}","templated":true}]}}