{"id":48997,"date":"2024-07-29T18:46:44","date_gmt":"2024-09-12T16:04:33","guid":{"rendered":"https:\/\/staging.nbg.eu\/product\/horizontal-ten-speed-single-m4-mag-pouch\/"},"modified":"2024-09-12T16:05:30","modified_gmt":"2024-09-12T16:05:30","slug":"horizontalus-ten-speed-viengubas-m4-detuves-deklas","status":"publish","type":"product","link":"https:\/\/staging.nbg.eu\/lt\/produktas\/horizontalus-ten-speed-viengubas-m4-detuves-deklas\/","title":{"rendered":"Horizontalus Ten-Speed\u00ae viengubas M4 d\u0117tuv\u0117s d\u0117klas"},"content":{"rendered":"<h2>Horizontalus Ten-Speed\u00ae vienos M4 d\u0117tuv\u0117s d\u0117klas<\/h2>\n<p>Horizontalus Ten-Speed\u00ae M4 d\u0117tuv\u0117s d\u0117klas yra skirtas \u0161audmen\u0173 ne\u0161iojimui. Pagamintas i\u0161 karin\u0117s klas\u0117s elastin\u0117s med\u017eiagos, \u0161is d\u0117klas pritaikytas tvirtinti prie nenaudojam\u0173 MOLLE tvirtinimo sistem\u0173 ant liemeni\u0173, vest\u0173 ar dir\u017e\u0173.<\/p>\n<ul>\n<li>Tinka 30 \u0161ovini\u0173 STANAG M4 d\u0117tuv\u0117ms ir daugumai 5,56 kalibro d\u0117tuvi\u0173<\/li>\n<li>Talpina didesnes SMG d\u0117tuves (UMP, CZ Scorpion, P90) ir kai kurias AK-74 d\u0117tuves<\/li>\n<li>Galima laikyti \u0161ovinius nukreiptus \u012f vir\u0161\u0173\/apa\u010di\u0105, priek\u012f\/atgal<\/li>\n<li>Galima \u012fsigyti su MOLLE suderinamu Helium Whisper ir dir\u017eo tvirtinimo variantais<\/li>\n<li>Dir\u017eo tvirtinimo versija tinka dir\u017eams iki 2 coli\u0173 plo\u010dio su reguliuojamais kabliukais ir kilpomis<\/li>\n<\/ul>\n<p>Horizontalus Ten-Speed\u00ae vienos M4 d\u0117tuv\u0117s d\u0117klas yra skirtas efektyviam \u0161audmen\u0173 valdymui.<\/p>\n","protected":false},"excerpt":{"rendered":"<p>Universalus horizontalus d\u0117klas M4\/5,56 kalibro d\u0117tuv\u0117ms. Tvirtinamas prie MOLLE sistemos arba dir\u017eo.<\/p>\n","protected":false},"featured_media":49004,"template":"","meta":{"_acf_changed":false},"product_brand":[11135],"product_cat":[13684,13708,13699],"product_tag":[],"class_list":{"0":"post-48997","1":"product","2":"type-product","3":"status-publish","4":"has-post-thumbnail","6":"product_brand-blue-force-gear","7":"product_cat-detuviu-laikikliai","8":"product_cat-iranga","9":"product_cat-krepseliai","11":"first","12":"instock","13":"taxable","14":"shipping-taxable","15":"purchasable","16":"product-type-simple"},"acf":[],"_links":{"self":[{"href":"https:\/\/staging.nbg.eu\/lt\/wp-json\/wp\/v2\/product\/48997","targetHints":{"allow":["GET"]}}],"collection":[{"href":"https:\/\/staging.nbg.eu\/lt\/wp-json\/wp\/v2\/product"}],"about":[{"href":"https:\/\/staging.nbg.eu\/lt\/wp-json\/wp\/v2\/types\/product"}],"wp:featuredmedia":[{"embeddable":true,"href":"https:\/\/staging.nbg.eu\/lt\/wp-json\/wp\/v2\/media\/49004"}],"wp:attachment":[{"href":"https:\/\/staging.nbg.eu\/lt\/wp-json\/wp\/v2\/media?parent=48997"}],"wp:term":[{"taxonomy":"product_brand","embeddable":true,"href":"https:\/\/staging.nbg.eu\/lt\/wp-json\/wp\/v2\/product_brand?post=48997"},{"taxonomy":"product_cat","embeddable":true,"href":"https:\/\/staging.nbg.eu\/lt\/wp-json\/wp\/v2\/product_cat?post=48997"},{"taxonomy":"product_tag","embeddable":true,"href":"https:\/\/staging.nbg.eu\/lt\/wp-json\/wp\/v2\/product_tag?post=48997"}],"curies":[{"name":"wp","href":"https:\/\/api.w.org\/{rel}","templated":true}]}}