{"id":48805,"date":"2024-07-29T18:47:29","date_gmt":"2024-09-12T15:57:52","guid":{"rendered":"https:\/\/staging.nbg.eu\/product\/ten-speed-triple-m4-mag-pouch\/"},"modified":"2024-09-12T15:58:50","modified_gmt":"2024-09-12T15:58:50","slug":"ten-speed-trigubas-m4-detuves-deklas","status":"publish","type":"product","link":"https:\/\/staging.nbg.eu\/lt\/produktas\/ten-speed-trigubas-m4-detuves-deklas\/","title":{"rendered":"Ten-Speed\u00ae trigubas M4 d\u0117tuv\u0117s d\u0117klas"},"content":{"rendered":"<div class=\"product-description\">\n<h2>Ten-Speed\u00ae trigubas M4 d\u0117tuvi\u0173 d\u0117klas nuo BFG<\/h2>\n<p>\u0160is lengvas d\u0117klas laiko tris AR\/M4 arba M16 d\u0117tuves. Pagamintas i\u0161 karin\u0117s klas\u0117s elastiko ir ULTRAcomp\u00ae laminato, tu\u0161\u010dias guli plok\u0161\u010diai.<\/p>\n<ul>\n<li>Tinka polimerin\u0117ms ir metalin\u0117ms d\u0117tuv\u0117ms<\/li>\n<li>Gali b\u016bti naudojamas medicinos reikmenims, apsvaiginamosioms granatoms ir kt.<\/li>\n<li>Suderinamas su MOLLE sistema, naudojant Helium Whisper\u00ae tvirtinim\u0105<\/li>\n<li>Matmenys: 0,3175 cm x 22,86 cm x 15,24 cm<\/li>\n<li>Reikalauja 3 x 6 MOLLE lauko<\/li>\n<\/ul>\n<p>Ten-Speed\u00ae technologija kompakti\u0161kame pakete. Tinka kariuomenei, teis\u0117saugai ir taktiniams entuziastams.<\/p>\n<\/div>\n","protected":false},"excerpt":{"rendered":"<p>Lengvas, lankstus MOLLE krep\u0161elis 3 AR\/M4 d\u0117tuv\u0117ms ar pana\u0161iems daiktams.<\/p>\n","protected":false},"featured_media":48815,"template":"","meta":{"_acf_changed":false},"product_brand":[11135],"product_cat":[13684,13708,13699],"product_tag":[],"class_list":{"0":"post-48805","1":"product","2":"type-product","3":"status-publish","4":"has-post-thumbnail","6":"product_brand-blue-force-gear","7":"product_cat-detuviu-laikikliai","8":"product_cat-iranga","9":"product_cat-krepseliai","11":"first","12":"instock","13":"taxable","14":"shipping-taxable","15":"purchasable","16":"product-type-simple"},"acf":[],"_links":{"self":[{"href":"https:\/\/staging.nbg.eu\/lt\/wp-json\/wp\/v2\/product\/48805","targetHints":{"allow":["GET"]}}],"collection":[{"href":"https:\/\/staging.nbg.eu\/lt\/wp-json\/wp\/v2\/product"}],"about":[{"href":"https:\/\/staging.nbg.eu\/lt\/wp-json\/wp\/v2\/types\/product"}],"wp:featuredmedia":[{"embeddable":true,"href":"https:\/\/staging.nbg.eu\/lt\/wp-json\/wp\/v2\/media\/48815"}],"wp:attachment":[{"href":"https:\/\/staging.nbg.eu\/lt\/wp-json\/wp\/v2\/media?parent=48805"}],"wp:term":[{"taxonomy":"product_brand","embeddable":true,"href":"https:\/\/staging.nbg.eu\/lt\/wp-json\/wp\/v2\/product_brand?post=48805"},{"taxonomy":"product_cat","embeddable":true,"href":"https:\/\/staging.nbg.eu\/lt\/wp-json\/wp\/v2\/product_cat?post=48805"},{"taxonomy":"product_tag","embeddable":true,"href":"https:\/\/staging.nbg.eu\/lt\/wp-json\/wp\/v2\/product_tag?post=48805"}],"curies":[{"name":"wp","href":"https:\/\/api.w.org\/{rel}","templated":true}]}}