{"id":48631,"date":"2024-07-29T19:02:28","date_gmt":"2024-09-12T15:50:02","guid":{"rendered":"https:\/\/staging.nbg.eu\/product\/ten-speed-single-308-mag-pouch\/"},"modified":"2024-09-12T15:50:56","modified_gmt":"2024-09-12T15:50:56","slug":"ten-speed-viengubas-308-detuves-deklas","status":"publish","type":"product","link":"https:\/\/staging.nbg.eu\/lt\/produktas\/ten-speed-viengubas-308-detuves-deklas\/","title":{"rendered":"Ten-Speed\u00ae viengubas 308 d\u0117tuv\u0117s d\u0117klas"},"content":{"rendered":"<div class=\"product-description\">\n<h2>Ten-Speed\u00ae vieno 308 Mag d\u0117tuv\u0117s d\u0117klas<\/h2>\n<p>D\u0117klas skirtas ne\u0161ioti .308 d\u0117tuves ir kitus daiktus. \u0160is d\u0117klas tinka vienai .308 d\u0117tuvei (suderinamas su SR-25, SIG 716, M110, FAL, SCAR-17, NGSW, XM7) arba pana\u0161aus dyd\u017eio daiktams, tokiems kaip medicinin\u0117s priemon\u0117s, ma\u017ei radijo aparatai ar GPS \u012frenginiai.<\/p>\n<h3>Pagrindin\u0117s savyb\u0117s:<\/h3>\n<ul>\n<li>Lengvas ir plonas dizainas<\/li>\n<li>Karin\u0117s klas\u0117s elastanas ir ULTRAcomp\u2122 laminatas<\/li>\n<li>Patentuota Helium Whisper\u00ae tvirtinimo sistema<\/li>\n<li>Suderinamas su MOLLE sistema<\/li>\n<li>Pagerintas i\u0161laikymas ir patvarumas<\/li>\n<li>Sveria 60% ma\u017eiau nei tradiciniai d\u0117klai<\/li>\n<\/ul>\n<p>Ten-Speed\u00ae vieno 308 Mag d\u0117tuv\u0117s d\u0117klas.<\/p>\n<\/div>\n","protected":false},"excerpt":{"rendered":"<p>Lengvas, universalus .308 kalibro \u0161ovini\u0173 d\u0117klas su patikimu elastiniu laikikliu.<\/p>\n","protected":false},"featured_media":48634,"template":"","meta":{"_acf_changed":false},"product_brand":[11135],"product_cat":[13684,13708,13699],"product_tag":[],"class_list":{"0":"post-48631","1":"product","2":"type-product","3":"status-publish","4":"has-post-thumbnail","6":"product_brand-blue-force-gear","7":"product_cat-detuviu-laikikliai","8":"product_cat-iranga","9":"product_cat-krepseliai","11":"first","12":"instock","13":"taxable","14":"shipping-taxable","15":"purchasable","16":"product-type-simple"},"acf":[],"_links":{"self":[{"href":"https:\/\/staging.nbg.eu\/lt\/wp-json\/wp\/v2\/product\/48631","targetHints":{"allow":["GET"]}}],"collection":[{"href":"https:\/\/staging.nbg.eu\/lt\/wp-json\/wp\/v2\/product"}],"about":[{"href":"https:\/\/staging.nbg.eu\/lt\/wp-json\/wp\/v2\/types\/product"}],"wp:featuredmedia":[{"embeddable":true,"href":"https:\/\/staging.nbg.eu\/lt\/wp-json\/wp\/v2\/media\/48634"}],"wp:attachment":[{"href":"https:\/\/staging.nbg.eu\/lt\/wp-json\/wp\/v2\/media?parent=48631"}],"wp:term":[{"taxonomy":"product_brand","embeddable":true,"href":"https:\/\/staging.nbg.eu\/lt\/wp-json\/wp\/v2\/product_brand?post=48631"},{"taxonomy":"product_cat","embeddable":true,"href":"https:\/\/staging.nbg.eu\/lt\/wp-json\/wp\/v2\/product_cat?post=48631"},{"taxonomy":"product_tag","embeddable":true,"href":"https:\/\/staging.nbg.eu\/lt\/wp-json\/wp\/v2\/product_tag?post=48631"}],"curies":[{"name":"wp","href":"https:\/\/api.w.org\/{rel}","templated":true}]}}