{"id":48539,"date":"2024-07-30T17:57:46","date_gmt":"2024-07-30T17:57:46","guid":{"rendered":"https:\/\/staging.nbg.eu\/product\/red-dot-sight-holosun-hs503gu\/"},"modified":"2024-09-12T15:42:39","modified_gmt":"2024-09-12T15:42:39","slug":"raudonas-taskiniu-nutaikymu-holosun-hs503gu","status":"publish","type":"product","link":"https:\/\/staging.nbg.eu\/lt\/produktas\/raudonas-taskiniu-nutaikymu-holosun-hs503gu\/","title":{"rendered":"Raudonas ta\u0161kini\u0173 nutaikym\u0173 Holosun HS503GU"},"content":{"rendered":"<h2>Holosun HS503GU raudonojo ta\u0161ko taikiklis<\/h2>\n<p>Holosun HS503GU raudonojo ta\u0161ko taikiklio savyb\u0117s:<\/p>\n<ul>\n<li>Apskritimo su ta\u0161ku tinklelis: 2 MOA ta\u0161kas ir 65 MOA apskritimas<\/li>\n<li>Baterijos \u012fd\u0117jimas \u012f prisukam\u0105 bok\u0161tel\u012f<\/li>\n<li>Apsauginis korpusas horizontalaus ir vertikalaus reguliavimo bok\u0161teliams<\/li>\n<li>Baterijos veikimo laikas iki 2 met\u0173 nuolatinio naudojimo<\/li>\n<li>Judesiu aktyvuojama \u012fjungimo\/i\u0161jungimo funkcija<\/li>\n<li>LED technologija<\/li>\n<li>Ne centrin\u0117 l\u0119\u0161io pad\u0117tis \u0161viesos atspind\u0117jimui<\/li>\n<li>Lengvas aliuminio korpusas (0,18 kg)<\/li>\n<li>Kompakti\u0161kas dydis: 6,6 cm ilgis x 3,8 cm plotis x 6,9 cm auk\u0161tis<\/li>\n<li>1x didinimas<\/li>\n<li>Suderinamas su Picatinny tvirtinimo sistema<\/li>\n<\/ul>\n<p>HS503GU tinka med\u017eioklei ir taktiniam \u0161audymui. \u0160is taikiklis pasi\u017eymi tikslumu ir patvarumu.<\/p>\n","protected":false},"excerpt":{"rendered":"<p>Kompakti\u0161kas raudonojo ta\u0161ko taikiklis su apskritimo ta\u0161ko tinkleliu ir ilgai veikian\u010dia baterija.<\/p>\n","protected":false},"featured_media":48540,"template":"","meta":{"_acf_changed":false},"product_brand":[11433],"product_cat":[13718,13751,13717],"product_tag":[],"class_list":{"0":"post-48539","1":"product","2":"type-product","3":"status-publish","4":"has-post-thumbnail","6":"product_brand-holosun","7":"product_cat-raudoni-taskai","8":"product_cat-sautuvu-taikikliai","9":"product_cat-taikymas","11":"first","12":"outofstock","13":"taxable","14":"shipping-taxable","15":"purchasable","16":"product-type-simple"},"acf":[],"_links":{"self":[{"href":"https:\/\/staging.nbg.eu\/lt\/wp-json\/wp\/v2\/product\/48539","targetHints":{"allow":["GET"]}}],"collection":[{"href":"https:\/\/staging.nbg.eu\/lt\/wp-json\/wp\/v2\/product"}],"about":[{"href":"https:\/\/staging.nbg.eu\/lt\/wp-json\/wp\/v2\/types\/product"}],"wp:featuredmedia":[{"embeddable":true,"href":"https:\/\/staging.nbg.eu\/lt\/wp-json\/wp\/v2\/media\/48540"}],"wp:attachment":[{"href":"https:\/\/staging.nbg.eu\/lt\/wp-json\/wp\/v2\/media?parent=48539"}],"wp:term":[{"taxonomy":"product_brand","embeddable":true,"href":"https:\/\/staging.nbg.eu\/lt\/wp-json\/wp\/v2\/product_brand?post=48539"},{"taxonomy":"product_cat","embeddable":true,"href":"https:\/\/staging.nbg.eu\/lt\/wp-json\/wp\/v2\/product_cat?post=48539"},{"taxonomy":"product_tag","embeddable":true,"href":"https:\/\/staging.nbg.eu\/lt\/wp-json\/wp\/v2\/product_tag?post=48539"}],"curies":[{"name":"wp","href":"https:\/\/api.w.org\/{rel}","templated":true}]}}