{"id":48235,"date":"2024-07-30T18:00:01","date_gmt":"2024-09-12T15:21:10","guid":{"rendered":"https:\/\/staging.nbg.eu\/product\/red-dot-sight-holosun-hs507k\/"},"modified":"2024-09-12T15:21:56","modified_gmt":"2024-09-12T15:21:56","slug":"raudonas-taskiniu-nutaikymu-holosun-hs507k","status":"publish","type":"product","link":"https:\/\/staging.nbg.eu\/lt\/produktas\/raudonas-taskiniu-nutaikymu-holosun-hs507k\/","title":{"rendered":"Raudonas ta\u0161kini\u0173 nutaikym\u0173 Holosun HS507K"},"content":{"rendered":"<h2>Holosun HS507K X2 raudonojo ta\u0161ko taikiklis<\/h2>\n<p>Holosun HS507K X2 yra atviro reflekso optinis taikiklis, skirtas kompakti\u0161kiems pistoletams. \u0160is taikiklis turi u\u017erakinimo re\u017eim\u0105, kuris apsaugo mygtuk\u0173 nustatymus nuo atsitiktini\u0173 pakeitim\u0173.<\/p>\n<h2>Pagrindin\u0117s savyb\u0117s:<\/h2>\n<ul>\n<li>Raudonas Super LED su iki 50 000 valand\u0173 baterijos veikimo laiku<\/li>\n<li>Keli\u0173 taikikli\u0173 sistema: apskritimas su ta\u0161ku, 2 MOA ta\u0161kas ir 32 MOA apskritimas<\/li>\n<li>Pa\u017eadinimo technologija aktyvavimui<\/li>\n<li>7075 aliuminio korpusas<\/li>\n<li>\u0160oninis d\u0117klas lengvam 1632 baterijos pakeitimui<\/li>\n<li>Suderinamas su P365X\/XL (reikalinga adapterio plok\u0161tel\u0117 keturi\u0173 ta\u0161k\u0173 s\u0105sajos skl\u0105s\u010diams)<\/li>\n<\/ul>\n<h2>Specifikacijos:<\/h2>\n<ul>\n<li>12 ry\u0161kumo nustatym\u0173: 10 dienos \u0161viesos ir 2 naktinio matymo<\/li>\n<li>Be paralakso ir neribotu akies atstumu<\/li>\n<li>IP67 atsparumo vandeniui reitingas<\/li>\n<li>Lango dydis: 0,58&#8243; x 0,77&#8243;<\/li>\n<li>Matmenys: 1,6&#8243; x 0,98&#8243; x 0,95&#8243;<\/li>\n<li>Svoris: 1 uncija<\/li>\n<li>1 MOA reguliavimas spragtel\u0117jimu<\/li>\n<li>\u00b130 MOA v\u0117jo ir auk\u0161\u010dio reguliavimo diapazonas<\/li>\n<li>Darbin\u0117 temperat\u016bra: nuo -20\u00b0C iki 51\u00b0C<\/li>\n<li>Laikymo temperat\u016bra: nuo -20\u00b0C iki 65\u00b0C<\/li>\n<li>Atsparumas vibracijai: 5000G<\/li>\n<\/ul>\n<p>HS507K X2 tinka pasl\u0117ptam ne\u0161iojimui. Jis si\u016blo kompakti\u0161k\u0105 sprendim\u0105 taikinio aptikimui. Jo konstrukcija ir funkcijos daro j\u012f tinkam\u0105 \u0161aunam\u0173j\u0173 ginkl\u0173 entuziastams ir profesionalams.<\/p>\n","protected":false},"excerpt":{"rendered":"<p>Kompakti\u0161kas raudonojo ta\u0161ko taikiklis pistoletams. Keli\u0173 tinkleli\u0173, ilgaam\u017e\u0117 baterija, patvarus.<\/p>\n","protected":false},"featured_media":48236,"template":"","meta":{"_acf_changed":false},"product_brand":[11433],"product_cat":[13698,13697,13718,13717],"product_tag":[],"class_list":{"0":"post-48235","1":"product","2":"type-product","3":"status-publish","4":"has-post-thumbnail","6":"product_brand-holosun","7":"product_cat-pistoletas","8":"product_cat-pistoleto-taskai","9":"product_cat-raudoni-taskai","10":"product_cat-taikymas","12":"first","13":"instock","14":"taxable","15":"shipping-taxable","16":"purchasable","17":"product-type-simple"},"acf":[],"_links":{"self":[{"href":"https:\/\/staging.nbg.eu\/lt\/wp-json\/wp\/v2\/product\/48235","targetHints":{"allow":["GET"]}}],"collection":[{"href":"https:\/\/staging.nbg.eu\/lt\/wp-json\/wp\/v2\/product"}],"about":[{"href":"https:\/\/staging.nbg.eu\/lt\/wp-json\/wp\/v2\/types\/product"}],"wp:featuredmedia":[{"embeddable":true,"href":"https:\/\/staging.nbg.eu\/lt\/wp-json\/wp\/v2\/media\/48236"}],"wp:attachment":[{"href":"https:\/\/staging.nbg.eu\/lt\/wp-json\/wp\/v2\/media?parent=48235"}],"wp:term":[{"taxonomy":"product_brand","embeddable":true,"href":"https:\/\/staging.nbg.eu\/lt\/wp-json\/wp\/v2\/product_brand?post=48235"},{"taxonomy":"product_cat","embeddable":true,"href":"https:\/\/staging.nbg.eu\/lt\/wp-json\/wp\/v2\/product_cat?post=48235"},{"taxonomy":"product_tag","embeddable":true,"href":"https:\/\/staging.nbg.eu\/lt\/wp-json\/wp\/v2\/product_tag?post=48235"}],"curies":[{"name":"wp","href":"https:\/\/api.w.org\/{rel}","templated":true}]}}