{"id":47959,"date":"2024-01-30T18:01:01","date_gmt":"2024-01-30T18:01:01","guid":{"rendered":"https:\/\/staging.nbg.eu\/product\/red-dot-sight-hs507comp-rd\/"},"modified":"2024-09-12T13:59:33","modified_gmt":"2024-09-12T13:59:33","slug":"surefire-slopintuvo-suderinimo-strypas","status":"publish","type":"product","link":"https:\/\/staging.nbg.eu\/lt\/produktas\/surefire-slopintuvo-suderinimo-strypas\/","title":{"rendered":"Surefire slopintuvo suderinimo strypas"},"content":{"rendered":"<div class=\"product-description\">\n<h2>Holosun HS507COMP-RD raudonojo ta\u0161ko taikiklis<\/h2>\n<p>Holosun HS507COMP-RD yra rankinio ginklo taikiklis, skirtas var\u017eybiniams \u0161auliams ir entuziastams. Jis turi 1,1&#8243; x 0,87&#8243; objektyvo l\u0119\u0161\u012f, suteikiant\u012f plat\u0173 matymo lauk\u0105 greitam taikinio aptikimui.<\/p>\n<h3>Pagrindin\u0117s savyb\u0117s:<\/h3>\n<ul>\n<li>Var\u017eybin\u0117 taikinio sistema (CRS) su keliais taikinio pasirinkimais<\/li>\n<li>650nm raudonas Super LED taikinio ta\u0161kas<\/li>\n<li>50 000 valand\u0173 baterijos veikimo laikas su CR1632 elementu<\/li>\n<li>7075 aliuminio konstrukcija<\/li>\n<li>Judesio aktyvavimo technologija<\/li>\n<li>8 ry\u0161kumo nustatymai (6 dienos \u0161viesos, 2 suderinami su naktiniu matymu)<\/li>\n<li>Dizainas be paralakso su neribotu akies atstumu<\/li>\n<\/ul>\n<p>HS507COMP-RD CRS sistema si\u016blo 2 MOA ta\u0161k\u0105, 8 MOA apskritim\u0105, 20 MOA apskritim\u0105 ir 32 MOA apskritim\u0105, leid\u017eian\u010dius \u0161auliams pritaikyti taikikl\u012f \u012fvairiems poreikiams. \u0160is taikiklis turi standartin\u012f tvirtinim\u0105 ir yra tinkamas var\u017eybiniam \u0161audymui bei gynybai.<\/p>\n<\/div>\n","protected":false},"excerpt":{"rendered":"<p>Didelio l\u0119\u0161io, keli\u0173 taikikli\u0173 raudonojo ta\u0161ko taikiklis su ilga baterijos veikimo trukme.<\/p>\n","protected":false},"featured_media":47960,"template":"","meta":{"_acf_changed":false},"product_brand":[11433],"product_cat":[13697,13718,13717],"product_tag":[],"class_list":{"0":"post-47959","1":"product","2":"type-product","3":"status-publish","4":"has-post-thumbnail","6":"product_brand-holosun","7":"product_cat-pistoleto-taskai","8":"product_cat-raudoni-taskai","9":"product_cat-taikymas","11":"first","12":"instock","13":"taxable","14":"shipping-taxable","15":"purchasable","16":"product-type-simple"},"acf":[],"_links":{"self":[{"href":"https:\/\/staging.nbg.eu\/lt\/wp-json\/wp\/v2\/product\/47959","targetHints":{"allow":["GET"]}}],"collection":[{"href":"https:\/\/staging.nbg.eu\/lt\/wp-json\/wp\/v2\/product"}],"about":[{"href":"https:\/\/staging.nbg.eu\/lt\/wp-json\/wp\/v2\/types\/product"}],"wp:featuredmedia":[{"embeddable":true,"href":"https:\/\/staging.nbg.eu\/lt\/wp-json\/wp\/v2\/media\/47960"}],"wp:attachment":[{"href":"https:\/\/staging.nbg.eu\/lt\/wp-json\/wp\/v2\/media?parent=47959"}],"wp:term":[{"taxonomy":"product_brand","embeddable":true,"href":"https:\/\/staging.nbg.eu\/lt\/wp-json\/wp\/v2\/product_brand?post=47959"},{"taxonomy":"product_cat","embeddable":true,"href":"https:\/\/staging.nbg.eu\/lt\/wp-json\/wp\/v2\/product_cat?post=47959"},{"taxonomy":"product_tag","embeddable":true,"href":"https:\/\/staging.nbg.eu\/lt\/wp-json\/wp\/v2\/product_tag?post=47959"}],"curies":[{"name":"wp","href":"https:\/\/api.w.org\/{rel}","templated":true}]}}