{"id":47767,"date":"2024-07-30T18:21:46","date_gmt":"2024-09-12T13:52:25","guid":{"rendered":"https:\/\/staging.nbg.eu\/product\/surefire-supressor-alighnment-rod\/"},"modified":"2024-09-12T13:53:16","modified_gmt":"2024-09-12T13:53:16","slug":"surefire-dg-11-jungiklis","status":"publish","type":"product","link":"https:\/\/staging.nbg.eu\/lt\/produktas\/surefire-dg-11-jungiklis\/","title":{"rendered":"SureFire DG-11 jungiklis"},"content":{"rendered":"<p style=\"text-align: center\"><span style=\"font-size: 170%\"><strong>SureFire vamzd\u017eio i\u0161lyginimo strypai<\/strong><\/span><\/p>\n<p>SureFire vamzd\u017eio strypai yra \u012frankiai, u\u017etikrinantys tinkam\u0105 koncentracij\u0105 i\u0161ilgai kulkos skryd\u017eio kelio, kai \u0161audoma su slopintuvu ant naujos platformos. Strypas geriausiai atspindi kulkos skryd\u017eio keli\u0105 ir parodys bet kok\u012f netinkam\u0105 i\u0161lygiavim\u0105, jei toks yra. SureFire rekomenduoja operatoriams patikrinti vamzd\u017eio, adapterio ir slopintuvo i\u0161lygiavim\u0105 bet kokiam naujam rinkiniui arba anks\u010diau nenaudotai s\u0105rankai. SureFire vamzd\u017eio strypai yra efektyviausias b\u016bdas tai patvirtinti. Tiesiog pasirinkite atitinkam\u0105 stryp\u0105 savo kalibro \u0161autuvui ar karabinui.<\/p>\n<p><span style=\"color: #282828\"><strong><span style=\"font-size: 150%\">SAVYB\u0116S:<\/span><\/strong><\/span><\/p>\n<p style=\"padding-left: 40px\"><span style=\"color: #282828\"><strong>\u2588 <\/strong><\/span>Pagaminta JAV.<\/p>\n<p style=\"padding-left: 40px\"><span style=\"color: #282828\"><strong>\u2588 <\/strong><\/span>Termi\u0161kai apdorotas ner\u016bdijantis plienas.<\/p>\n<p style=\"padding-left: 40px\"><span style=\"color: #282828\"><strong>\u2588 <\/strong><\/span>Skirta s\u0105rankos patvirtinimui prie\u0161 pirm\u0105j\u012f \u0161\u016bv\u012f.<\/p>\n<p style=\"padding-left: 40px\"><span style=\"color: #282828\"><strong>\u2588 <\/strong><\/span>Precizi\u0161kai apdirbti strypai tikslesniam patikrinimui.<\/p>\n<p style=\"padding-left: 40px\"><span style=\"color: #282828\"><strong>\u2588 <\/strong><\/span>Precizi\u0161kai apdirbtas strypas parodys bet kok\u012f i\u0161lygiavimo nukrypim\u0105.<\/p>\n<p style=\"padding-left: 40px\"><span style=\"color: #282828\"><strong>\u2588 <\/strong><\/span>SureFire patvirtintas b\u016bdas patikrinti tinkam\u0105 slopintuvo i\u0161lygiavim\u0105.<\/p>\n<p style=\"padding-left: 40px\"><span style=\"color: #282828\"><strong>\u2588 <\/strong><\/span>Specifiniai kalibr\u0173 strypai populiariausiems variantams rinkoje.<\/p>\n<p style=\"padding-left: 40px\"><span style=\"color: #282828\"><strong>\u2588 <\/strong><\/span>Tarp slopintuvo vamzd\u017eio ir centruoto strypo tur\u0117t\u0173 matytis vienodas tarpas.<\/p>\n<p style=\"padding-left: 40px\"><span style=\"color: #282828\"><strong>\u2588 <\/strong><\/span>Tiesiog \u012fki\u0161kite stryp\u0105 per pritvirtint\u0105 slopintuv\u0105 neu\u017etaisyto ginklo.<\/p>\n<p style=\"padding-left: 40px\"><span style=\"color: #282828\"><strong>\u2588 <\/strong><\/span>Special\u016bs strypai skirti populiariausiems kalibrams, pvz., (5,56 mm, 6,5 mm, 6,8 mm, 7,62 mm, 9 mm, .338)<\/p>\n<table width=\"595\">\n<tbody>\n<tr>\n<td colspan=\"2\" width=\"595\"><span style=\"font-size: 150%;color: #282828\"><b>PAGRINDIN\u0116S SAVYB\u0116S<\/b><\/span><\/td>\n<\/tr>\n<tr>\n","protected":false},"excerpt":{"rendered":"<p><strong>SureFire slopintuvo centravimo \u012frankiai<\/strong><\/p>\n","protected":false},"featured_media":47769,"template":"","meta":{"_acf_changed":false},"product_brand":[11872],"product_cat":[13744,13676,13713],"product_tag":[],"class_list":{"0":"post-47767","1":"product","2":"type-product","3":"status-publish","4":"has-post-thumbnail","6":"product_brand-surefire","7":"product_cat-irankiai","8":"product_cat-slopintuvai","9":"product_cat-slopintuvo-priedai","11":"first","12":"instock","13":"taxable","14":"shipping-taxable","15":"purchasable","16":"product-type-variable","17":"wvs-archive-product-wrapper"},"acf":[],"_links":{"self":[{"href":"https:\/\/staging.nbg.eu\/lt\/wp-json\/wp\/v2\/product\/47767","targetHints":{"allow":["GET"]}}],"collection":[{"href":"https:\/\/staging.nbg.eu\/lt\/wp-json\/wp\/v2\/product"}],"about":[{"href":"https:\/\/staging.nbg.eu\/lt\/wp-json\/wp\/v2\/types\/product"}],"wp:featuredmedia":[{"embeddable":true,"href":"https:\/\/staging.nbg.eu\/lt\/wp-json\/wp\/v2\/media\/47769"}],"wp:attachment":[{"href":"https:\/\/staging.nbg.eu\/lt\/wp-json\/wp\/v2\/media?parent=47767"}],"wp:term":[{"taxonomy":"product_brand","embeddable":true,"href":"https:\/\/staging.nbg.eu\/lt\/wp-json\/wp\/v2\/product_brand?post=47767"},{"taxonomy":"product_cat","embeddable":true,"href":"https:\/\/staging.nbg.eu\/lt\/wp-json\/wp\/v2\/product_cat?post=47767"},{"taxonomy":"product_tag","embeddable":true,"href":"https:\/\/staging.nbg.eu\/lt\/wp-json\/wp\/v2\/product_tag?post=47767"}],"curies":[{"name":"wp","href":"https:\/\/api.w.org\/{rel}","templated":true}]}}