{"id":47593,"date":"2024-07-30T18:46:42","date_gmt":"2024-09-12T13:45:06","guid":{"rendered":"https:\/\/staging.nbg.eu\/product\/surefire-dg-11-switch\/"},"modified":"2024-09-12T13:45:52","modified_gmt":"2024-09-12T13:45:52","slug":"surefire-x400t-a-rd","status":"publish","type":"product","link":"https:\/\/staging.nbg.eu\/lt\/produktas\/surefire-x400t-a-rd\/","title":{"rendered":"SureFire X400T-A-RD"},"content":{"rendered":"<div class=\"product-description\">\n<h2>SureFire DG-11 JUNGIKLIS<\/h2>\n<p>SureFire DG-11 JUNGIKLIS skirtas Glock Gen 3\/4\/5 pistoletams su pried\u0173 b\u0117geliais. \u0160is jungiklis si\u016blo:<\/p>\n<ul>\n<li>Ginklo \u0161viesos aktyvavim\u0105 nekei\u010diant rankenos laikymo<\/li>\n<li>Abipus\u012f momentin\u012f ir nuolatin\u012f paspaudimo\/perjungimo jungikl\u012f<\/li>\n<li>Ma\u017e\u0105 centrin\u012f mygtuk\u0105 tiksliam valdymui<\/li>\n<li>Suderinamum\u0105 su X serijos ginklo \u0161viesomis (i\u0161skyrus XH50G)<\/li>\n<\/ul>\n<p>DG-11 leid\u017eia naudotojams aktyvuoti \u0161vies\u0105 pir\u0161to paspaudimu, i\u0161laikant tvirt\u0105 ginklo laikym\u0105. \u0160is dizainas u\u017etikrina greit\u0105 ir tiksl\u0173 \u0161viesos valdym\u0105 \u012ftemptose situacijose, tod\u0117l tai yra svarbus priedas teis\u0117saugos pareig\u016bnams, kari\u0161kiams ir atsakingiems ginkl\u0173 savininkams.<\/p>\n<\/div>\n","protected":false},"excerpt":{"rendered":"<p>Ant rankenos montuojamas jungiklis, skirtas tiksliam ginklo \u017eibintuv\u0117lio valdymui ant &#8222;Glock&#8221; pistolet\u0173.<\/p>\n","protected":false},"featured_media":47594,"template":"","meta":{"_acf_changed":false},"product_brand":[11872],"product_cat":[13725,13732,13756],"product_tag":[],"class_list":{"0":"post-47593","1":"product","2":"type-product","3":"status-publish","4":"has-post-thumbnail","6":"product_brand-surefire","7":"product_cat-pistoletu-zibintuveliai","8":"product_cat-zibintuveliai","9":"product_cat-zibintuveliu-priedai","11":"first","12":"instock","13":"taxable","14":"shipping-taxable","15":"purchasable","16":"product-type-simple"},"acf":[],"_links":{"self":[{"href":"https:\/\/staging.nbg.eu\/lt\/wp-json\/wp\/v2\/product\/47593","targetHints":{"allow":["GET"]}}],"collection":[{"href":"https:\/\/staging.nbg.eu\/lt\/wp-json\/wp\/v2\/product"}],"about":[{"href":"https:\/\/staging.nbg.eu\/lt\/wp-json\/wp\/v2\/types\/product"}],"wp:featuredmedia":[{"embeddable":true,"href":"https:\/\/staging.nbg.eu\/lt\/wp-json\/wp\/v2\/media\/47594"}],"wp:attachment":[{"href":"https:\/\/staging.nbg.eu\/lt\/wp-json\/wp\/v2\/media?parent=47593"}],"wp:term":[{"taxonomy":"product_brand","embeddable":true,"href":"https:\/\/staging.nbg.eu\/lt\/wp-json\/wp\/v2\/product_brand?post=47593"},{"taxonomy":"product_cat","embeddable":true,"href":"https:\/\/staging.nbg.eu\/lt\/wp-json\/wp\/v2\/product_cat?post=47593"},{"taxonomy":"product_tag","embeddable":true,"href":"https:\/\/staging.nbg.eu\/lt\/wp-json\/wp\/v2\/product_tag?post=47593"}],"curies":[{"name":"wp","href":"https:\/\/api.w.org\/{rel}","templated":true}]}}