{"id":47329,"date":"2024-07-30T18:47:47","date_gmt":"2024-09-12T13:24:59","guid":{"rendered":"https:\/\/staging.nbg.eu\/product\/surefire-maxvision-tactician-e2t-mv\/"},"modified":"2024-09-12T13:25:45","modified_gmt":"2024-09-12T13:25:45","slug":"surefire-b12-licio-polimero-baterija","status":"publish","type":"product","link":"https:\/\/staging.nbg.eu\/lt\/produktas\/surefire-b12-licio-polimero-baterija\/","title":{"rendered":"SureFire B12 li\u010dio polimero baterija"},"content":{"rendered":"<div class=\"product-description\">\n<h2>SureFire MAXVISION Tactician E2T-MV<\/h2>\n<p>SureFire MAXVISION Tactician E2T-MV yra kasdieninio ne\u0161iojimo \u0161viesos \u0161altinis, kur\u012f galima naudoti ir kaip ginklo \u017eibintuv\u0117l\u012f.<\/p>\n<ul>\n<li>Dviej\u0173 galios LED su MaxVision Beam\u00ae reflektoriumi<\/li>\n<li>800 liumen\u0173 auk\u0161tu re\u017eimu<\/li>\n<li>5 liumenai \u017eemu re\u017eimu (95 valand\u0173 veikimo laikas)<\/li>\n<li>Taktinis galinis jungiklis momentiniam arba nuolatiniam \u012fjungimui<\/li>\n<li>Kompakti\u0161kas 12,7 cm ilgis ir 99 g svoris<\/li>\n<li>Pagamintas i\u0161 aliuminio su karinio standarto anodizuota danga<\/li>\n<li>IPX7 atsparumo vandeniui klas\u0117<\/li>\n<li>Maitinamas dviem pridedamomis 123A baterijomis<\/li>\n<\/ul>\n<p>Priekinio dangtelio dizainas leid\u017eia greitai reguliuoti gali\u0105: priver\u017ekite maksimaliai galiai arba pasukite prie\u0161 laikrod\u017eio rodykl\u0119 \u017eemai galiai. Maksimalus \u0161viesos intensyvumas yra 3200 kandelos, o \u0161viesos spindulys siekia 115 metr\u0173.<\/p>\n<\/div>\n","protected":false},"excerpt":{"rendered":"<p>\u0160tai produkto apra\u0161ymas lietuvi\u0173 kalba:<\/p>\n<p>Universalus 800 liumen\u0173 taktinis \u017eibintuv\u0117lis su dvigubu re\u017eimu ir MaxVision Beam\u00ae technologija.<\/p>\n","protected":false},"featured_media":47330,"template":"","meta":{"_acf_changed":false},"product_brand":[11872],"product_cat":[13731,13700,13732],"product_tag":[],"class_list":{"0":"post-47329","1":"product","2":"type-product","3":"status-publish","4":"has-post-thumbnail","6":"product_brand-surefire","7":"product_cat-edc","8":"product_cat-edc-zibintuveliai","9":"product_cat-zibintuveliai","11":"first","12":"instock","13":"taxable","14":"shipping-taxable","15":"purchasable","16":"product-type-simple"},"acf":[],"_links":{"self":[{"href":"https:\/\/staging.nbg.eu\/lt\/wp-json\/wp\/v2\/product\/47329","targetHints":{"allow":["GET"]}}],"collection":[{"href":"https:\/\/staging.nbg.eu\/lt\/wp-json\/wp\/v2\/product"}],"about":[{"href":"https:\/\/staging.nbg.eu\/lt\/wp-json\/wp\/v2\/types\/product"}],"wp:featuredmedia":[{"embeddable":true,"href":"https:\/\/staging.nbg.eu\/lt\/wp-json\/wp\/v2\/media\/47330"}],"wp:attachment":[{"href":"https:\/\/staging.nbg.eu\/lt\/wp-json\/wp\/v2\/media?parent=47329"}],"wp:term":[{"taxonomy":"product_brand","embeddable":true,"href":"https:\/\/staging.nbg.eu\/lt\/wp-json\/wp\/v2\/product_brand?post=47329"},{"taxonomy":"product_cat","embeddable":true,"href":"https:\/\/staging.nbg.eu\/lt\/wp-json\/wp\/v2\/product_cat?post=47329"},{"taxonomy":"product_tag","embeddable":true,"href":"https:\/\/staging.nbg.eu\/lt\/wp-json\/wp\/v2\/product_tag?post=47329"}],"curies":[{"name":"wp","href":"https:\/\/api.w.org\/{rel}","templated":true}]}}