{"id":47237,"date":"2024-07-30T18:50:58","date_gmt":"2024-09-12T13:12:30","guid":{"rendered":"https:\/\/staging.nbg.eu\/product\/surefire-b12-lithium-polymer-battery\/"},"modified":"2024-09-12T13:13:15","modified_gmt":"2024-09-12T13:13:15","slug":"surefire-sflfp123-baterijos-su-krovikliu","status":"publish","type":"product","link":"https:\/\/staging.nbg.eu\/lt\/produktas\/surefire-sflfp123-baterijos-su-krovikliu\/","title":{"rendered":"SureFire SFLFP123 baterijos su krovikliu"},"content":{"rendered":"<div class=\"product-description\">\n<h2>SureFire B12 LI\u010cIO POLIMER\u0172 BATERIJA<\/h2>\n<p>B12 li\u010dio polimer\u0173 baterija skirta SureFire XSC serijos ginkl\u0173 \u0161viestuvams. \u0160i greitai atjungiama, \u012fkraunama baterija leid\u017eia greitai pakeisti maitinimo \u0161altin\u012f nenuimant XSC nuo pistoleto.<\/p>\n<ul>\n<li>Sukurta specialiai SureFire XSC ginkl\u0173 \u0161viestuvams<\/li>\n<li>U\u017etikrina iki 30 minu\u010di\u0173 veikimo laik\u0105 350 liumen\u0173 re\u017eimu<\/li>\n<li>Turi \u012fkrovos lygio indikatori\u0173 greitam patikrinimui<\/li>\n<li>Suderinama su SureFire CH21 \u012fkrovikliu<\/li>\n<li>Ekonomi\u0161kas sprendimas ilgalaikiam naudojimui<\/li>\n<\/ul>\n<p>SureFire B12 yra maitinimo \u0161altinis j\u016bs\u0173 XSC ginklo \u0161viestuvui.<\/p>\n<\/div>\n","protected":false},"excerpt":{"rendered":"<p>\u012ekraunama baterija, skirta SureFire XSC ginkl\u0173 \u017eibintuv\u0117liams. Greitai kei\u010diama, 30 minu\u010di\u0173 veikimo trukm\u0117.<\/p>\n","protected":false},"featured_media":47238,"template":"","meta":{"_acf_changed":false},"product_brand":[11872],"product_cat":[13680,13732],"product_tag":[],"class_list":{"0":"post-47237","1":"product","2":"type-product","3":"status-publish","4":"has-post-thumbnail","6":"product_brand-surefire","7":"product_cat-baterijos","8":"product_cat-zibintuveliai","10":"first","11":"instock","12":"taxable","13":"shipping-taxable","14":"purchasable","15":"product-type-simple"},"acf":[],"_links":{"self":[{"href":"https:\/\/staging.nbg.eu\/lt\/wp-json\/wp\/v2\/product\/47237","targetHints":{"allow":["GET"]}}],"collection":[{"href":"https:\/\/staging.nbg.eu\/lt\/wp-json\/wp\/v2\/product"}],"about":[{"href":"https:\/\/staging.nbg.eu\/lt\/wp-json\/wp\/v2\/types\/product"}],"wp:featuredmedia":[{"embeddable":true,"href":"https:\/\/staging.nbg.eu\/lt\/wp-json\/wp\/v2\/media\/47238"}],"wp:attachment":[{"href":"https:\/\/staging.nbg.eu\/lt\/wp-json\/wp\/v2\/media?parent=47237"}],"wp:term":[{"taxonomy":"product_brand","embeddable":true,"href":"https:\/\/staging.nbg.eu\/lt\/wp-json\/wp\/v2\/product_brand?post=47237"},{"taxonomy":"product_cat","embeddable":true,"href":"https:\/\/staging.nbg.eu\/lt\/wp-json\/wp\/v2\/product_cat?post=47237"},{"taxonomy":"product_tag","embeddable":true,"href":"https:\/\/staging.nbg.eu\/lt\/wp-json\/wp\/v2\/product_tag?post=47237"}],"curies":[{"name":"wp","href":"https:\/\/api.w.org\/{rel}","templated":true}]}}