{"id":47195,"date":"2024-07-30T18:50:58","date_gmt":"2024-07-30T18:50:58","guid":{"rendered":"https:\/\/staging.nbg.eu\/product\/surefire-sflfp123-batteries-charger\/"},"modified":"2024-09-12T13:08:45","modified_gmt":"2024-09-12T13:08:45","slug":"surefire-sflfp123-baterijos-2-vnt","status":"publish","type":"product","link":"https:\/\/staging.nbg.eu\/lt\/produktas\/surefire-sflfp123-baterijos-2-vnt\/","title":{"rendered":"SureFire SFLFP123 baterijos 2 vnt"},"content":{"rendered":"<p>SureFire SFLFP123 baterij\u0173 ir \u012fkroviklio rinkinys<\/p>\n<ul>\n<li>\u012ekraunamos SFLFP123 baterijos yra pigesn\u0117s nei vienkartin\u0117s 123A li\u010dio baterijos<\/li>\n<li>Neturi kenksming\u0173 sunki\u0173j\u0173 metal\u0173<\/li>\n<li>Dviej\u0173 viet\u0173 \u012fkroviklis patogiam \u012fkrovimui namuose ar kelion\u0117je<\/li>\n<li>Rinkinyje yra:\n<ul>\n<li>Du li\u010dio gele\u017eies fosfato (LiFePO4) 450mAh 3.2V \u012fkraunami elementai<\/li>\n<li>Dviej\u0173 viet\u0173 baterij\u0173 \u012fkroviklis<\/li>\n<li>MICRO-USB \u012f USB-A laidas<\/li>\n<\/ul>\n<\/li>\n<\/ul>\n<p>SureFire SFLFP123 baterijos ir \u012fkroviklis<\/p>\n","protected":false},"excerpt":{"rendered":"<p>\u012ekraunamos LiFePO4 baterijos su \u012fkrovikliu. Ekologi\u0161kos, ekonomi\u0161kos.<\/p>\n","protected":false},"featured_media":47173,"template":"","meta":{"_acf_changed":false},"product_brand":[11872],"product_cat":[13680,13732,13756],"product_tag":[],"class_list":{"0":"post-47195","1":"product","2":"type-product","3":"status-publish","4":"has-post-thumbnail","6":"product_brand-surefire","7":"product_cat-baterijos","8":"product_cat-zibintuveliai","9":"product_cat-zibintuveliu-priedai","11":"first","12":"outofstock","13":"taxable","14":"shipping-taxable","15":"purchasable","16":"product-type-simple"},"acf":[],"_links":{"self":[{"href":"https:\/\/staging.nbg.eu\/lt\/wp-json\/wp\/v2\/product\/47195","targetHints":{"allow":["GET"]}}],"collection":[{"href":"https:\/\/staging.nbg.eu\/lt\/wp-json\/wp\/v2\/product"}],"about":[{"href":"https:\/\/staging.nbg.eu\/lt\/wp-json\/wp\/v2\/types\/product"}],"wp:featuredmedia":[{"embeddable":true,"href":"https:\/\/staging.nbg.eu\/lt\/wp-json\/wp\/v2\/media\/47173"}],"wp:attachment":[{"href":"https:\/\/staging.nbg.eu\/lt\/wp-json\/wp\/v2\/media?parent=47195"}],"wp:term":[{"taxonomy":"product_brand","embeddable":true,"href":"https:\/\/staging.nbg.eu\/lt\/wp-json\/wp\/v2\/product_brand?post=47195"},{"taxonomy":"product_cat","embeddable":true,"href":"https:\/\/staging.nbg.eu\/lt\/wp-json\/wp\/v2\/product_cat?post=47195"},{"taxonomy":"product_tag","embeddable":true,"href":"https:\/\/staging.nbg.eu\/lt\/wp-json\/wp\/v2\/product_tag?post=47195"}],"curies":[{"name":"wp","href":"https:\/\/api.w.org\/{rel}","templated":true}]}}