{"id":47133,"date":"2024-07-30T18:50:58","date_gmt":"2024-07-30T18:50:58","guid":{"rendered":"https:\/\/staging.nbg.eu\/product\/surefire-sflfp123-batteries-2-pack\/"},"modified":"2024-09-12T13:04:32","modified_gmt":"2024-09-12T13:04:32","slug":"iosso-ar-sautuvo-pilnas-valymo-rinkinys","status":"publish","type":"product","link":"https:\/\/staging.nbg.eu\/lt\/produktas\/iosso-ar-sautuvo-pilnas-valymo-rinkinys\/","title":{"rendered":"Iosso AR \u0161autuvo pilnas valymo rinkinys"},"content":{"rendered":"<div class=\"product-description\">\n<h2>SureFire SFLFP123 baterijos &#8211; 2 vnt. pakuot\u0117<\/h2>\n<p>SureFire SFLFP123 baterijos. \u0160i 2 vnt. li\u010dio fosfato baterij\u0173 pakuot\u0117 si\u016blo:<\/p>\n<ul>\n<li>Energij\u0105 \u017eibintuv\u0117liams, ginkl\u0173 \u017eibintuv\u0117liams ir kitiems prietaisams<\/li>\n<li>3,2V nominali \u012ftampa su 1500mAh talpa<\/li>\n<li>Atsparumas ekstremalioms temperat\u016broms (nuo -40\u00b0C iki 60\u00b0C)<\/li>\n<li>10 met\u0173 galiojimo laikas<\/li>\n<li>\u012ekraunamos iki 500 kart\u0173<\/li>\n<li>Pagaminta JAV<\/li>\n<\/ul>\n<p>\u0160ios kompakti\u0161kos, lengvos baterijos veikia \u012fvairiomis s\u0105lygomis.<\/p>\n<\/div>\n","protected":false},"excerpt":{"rendered":"<p>\u201eSureFire SFLFP123&#8243; baterijos: auk\u0161tos kokyb\u0117s 3V li\u010dio fosfato elementai, sukurti maksimaliam na\u0161umui ir ilgaam\u017ei\u0161kumui. \u0160ioje dviej\u0173 vienet\u0173 pakuot\u0117je yra patikimas energijos \u0161altinis \u017eibintuv\u0117liams, ginkl\u0173 \u017eibintuv\u0117liams ir kitiems prietaisams. Pasitik\u0117kite \u201eSureFire&#8221; kokybe, u\u017etikrinan\u010dia nuolatin\u0119, ilgalaik\u0119 energij\u0105 kompakti\u0161kame dydyje.<\/p>\n","protected":false},"featured_media":47134,"template":"","meta":{"_acf_changed":false},"product_brand":[11872],"product_cat":[13680,13731,13700,13732,13756],"product_tag":[],"class_list":{"0":"post-47133","1":"product","2":"type-product","3":"status-publish","4":"has-post-thumbnail","6":"product_brand-surefire","7":"product_cat-baterijos","8":"product_cat-edc","9":"product_cat-edc-zibintuveliai","10":"product_cat-zibintuveliai","11":"product_cat-zibintuveliu-priedai","13":"first","14":"instock","15":"taxable","16":"shipping-taxable","17":"purchasable","18":"product-type-simple"},"acf":[],"_links":{"self":[{"href":"https:\/\/staging.nbg.eu\/lt\/wp-json\/wp\/v2\/product\/47133","targetHints":{"allow":["GET"]}}],"collection":[{"href":"https:\/\/staging.nbg.eu\/lt\/wp-json\/wp\/v2\/product"}],"about":[{"href":"https:\/\/staging.nbg.eu\/lt\/wp-json\/wp\/v2\/types\/product"}],"wp:featuredmedia":[{"embeddable":true,"href":"https:\/\/staging.nbg.eu\/lt\/wp-json\/wp\/v2\/media\/47134"}],"wp:attachment":[{"href":"https:\/\/staging.nbg.eu\/lt\/wp-json\/wp\/v2\/media?parent=47133"}],"wp:term":[{"taxonomy":"product_brand","embeddable":true,"href":"https:\/\/staging.nbg.eu\/lt\/wp-json\/wp\/v2\/product_brand?post=47133"},{"taxonomy":"product_cat","embeddable":true,"href":"https:\/\/staging.nbg.eu\/lt\/wp-json\/wp\/v2\/product_cat?post=47133"},{"taxonomy":"product_tag","embeddable":true,"href":"https:\/\/staging.nbg.eu\/lt\/wp-json\/wp\/v2\/product_tag?post=47133"}],"curies":[{"name":"wp","href":"https:\/\/api.w.org\/{rel}","templated":true}]}}