{"id":47061,"date":"2024-07-30T19:06:10","date_gmt":"2024-09-12T12:56:09","guid":{"rendered":"https:\/\/staging.nbg.eu\/product\/iosso-ar-rifle-complete-cleaning-kit\/"},"modified":"2024-09-12T12:56:59","modified_gmt":"2024-09-12T12:56:59","slug":"surefire-scout-light-galinis-dangtelis","status":"publish","type":"product","link":"https:\/\/staging.nbg.eu\/lt\/produktas\/surefire-scout-light-galinis-dangtelis\/","title":{"rendered":"SureFire Scout Light galinis dangtelis"},"content":{"rendered":"<div class=\"product-description\">\n<h2>Iosso AR \u0161autuvo pilnas valymo rinkinys<\/h2>\n<p>\u0160aunamojo ginklo prie\u017ei\u016bros rinkinys. Savyb\u0117s:<\/p>\n<ul>\n<li>6 tiksliai pritaikyti \u0161epe\u010diai valymui<\/li>\n<li>Valo vir\u0161utin\u012f imtuv\u0105, kamer\u0105, spynos r\u0117m\u0105, .223\/.30 vamzd\u012f, raktin\u012f vamzdel\u012f ir duj\u0173 vamzdel\u012f<\/li>\n<li>Duj\u0173 vamzdelio \u0161epetys valo nei\u0161ardant<\/li>\n<li>\u012etraukti visi reikalingi \u012frankiai, kotas ir virv\u0117<\/li>\n<li>Tinka pistoletams, \u0161autuvams ir lygiavamzd\u017eiams ginklams<\/li>\n<li>Pridedamas ne\u0161iojimo krep\u0161ys<\/li>\n<\/ul>\n<p>Naudokite kartu su Iosso vamzd\u017eio valikliu ir trigubo veikimo alyva geriausiems rezultatams (parduodama atskirai).<\/p>\n<\/div>\n","protected":false},"excerpt":{"rendered":"<p>I\u0161sami AR \u0161autuvo valymo rinkinys su 6 \u0161epet\u0117liais ir b\u016btinais \u012frankiais.<\/p>\n","protected":false},"featured_media":107640,"template":"","meta":{"_acf_changed":false},"product_brand":[11471],"product_cat":[13722,13749,13687],"product_tag":[],"class_list":{"0":"post-47061","1":"product","2":"type-product","3":"status-publish","4":"has-post-thumbnail","6":"product_brand-iosso","7":"product_cat-ginklu-valymas","8":"product_cat-sepeteliai","9":"product_cat-valymo-komplektai","10":"pa_model-ar-308-lt-2","11":"pa_model-ar-15-lt","13":"first","14":"instock","15":"taxable","16":"shipping-taxable","17":"purchasable","18":"product-type-variable","19":"wvs-archive-product-wrapper"},"acf":[],"_links":{"self":[{"href":"https:\/\/staging.nbg.eu\/lt\/wp-json\/wp\/v2\/product\/47061","targetHints":{"allow":["GET"]}}],"collection":[{"href":"https:\/\/staging.nbg.eu\/lt\/wp-json\/wp\/v2\/product"}],"about":[{"href":"https:\/\/staging.nbg.eu\/lt\/wp-json\/wp\/v2\/types\/product"}],"wp:featuredmedia":[{"embeddable":true,"href":"https:\/\/staging.nbg.eu\/lt\/wp-json\/wp\/v2\/media\/107640"}],"wp:attachment":[{"href":"https:\/\/staging.nbg.eu\/lt\/wp-json\/wp\/v2\/media?parent=47061"}],"wp:term":[{"taxonomy":"product_brand","embeddable":true,"href":"https:\/\/staging.nbg.eu\/lt\/wp-json\/wp\/v2\/product_brand?post=47061"},{"taxonomy":"product_cat","embeddable":true,"href":"https:\/\/staging.nbg.eu\/lt\/wp-json\/wp\/v2\/product_cat?post=47061"},{"taxonomy":"product_tag","embeddable":true,"href":"https:\/\/staging.nbg.eu\/lt\/wp-json\/wp\/v2\/product_tag?post=47061"}],"curies":[{"name":"wp","href":"https:\/\/api.w.org\/{rel}","templated":true}]}}