{"id":46965,"date":"2024-07-30T19:11:42","date_gmt":"2024-09-12T12:43:10","guid":{"rendered":"https:\/\/staging.nbg.eu\/product\/surefire-scout-light-rear-cap\/"},"modified":"2024-09-12T12:43:58","modified_gmt":"2024-09-12T12:43:58","slug":"surefire-csm-07-ginklu-zibinto-jungiklis","status":"publish","type":"product","link":"https:\/\/staging.nbg.eu\/lt\/produktas\/surefire-csm-07-ginklu-zibinto-jungiklis\/","title":{"rendered":"SureFire CSM-07 ginkl\u0173 \u017eibinto jungiklis"},"content":{"rendered":"<div class=\"product-description\">\n<h2>SureFire SCOUT LIGHT GALINIS DANGTELIS<\/h2>\n<p>Pakeiskite savo Scout Light galin\u012f dangtel\u012f SureFire SCOUT LIGHT GALINIU DANGTELIU, skirtu padidinti universalum\u0105 ir funkcionalum\u0105.<\/p>\n<h3>Pagrindin\u0117s savyb\u0117s:<\/h3>\n<ul>\n<li>Suderinamas su SureFire juostiniais jungikliais (ST07 nepridedamas)<\/li>\n<li>U\u017erakinimo funkcija apsaugo nuo atsitiktinio \u012fjungimo<\/li>\n<li>Pagamintas i\u0161 aviacin\u0117s klas\u0117s aliuminio<\/li>\n<li>Mil-Spec Type III kietas anodinis pavir\u0161ius<\/li>\n<li>Galima rinktis juod\u0105 arba sm\u0117lio spalv\u0105<\/li>\n<\/ul>\n<p>\u0160is galinis dangtelis leid\u017eia prijungti SureFire juostin\u012f jungikl\u012f, suteikiant\u012f didesn\u0119 kontrol\u0119 ir lankstum\u0105 taktini\u0173 operacij\u0173 metu. U\u017erakinimo funkcija u\u017etikrina saugum\u0105 transportavimo ir laikymo metu.<\/p>\n<h3>Suderinamumas:<\/h3>\n<p>Tinka Scout Light ginkl\u0173 \u017eibintuv\u0117liams ir pro\u017eektoriams su 0,75 colio skersmens jungikliu, \u012fskaitant:<\/p>\n<ul>\n<li>E1E-HA, E1B, E1L-HA-WH<\/li>\n<li>E2D-BK, E2DL-BK, E2L-HA-WH<\/li>\n<li>L4-HA-WH<\/li>\n<\/ul>\n<p><strong>Pastaba:<\/strong> Nesuderinamas su Micro Scout Light Pro<\/p>\n<p>Pagerinkite savo Scout Light veikim\u0105 \u0161iuo patvarios konstrukcijos ir universaliu galiniu dangteliu.<\/p>\n<\/div>\n","protected":false},"excerpt":{"rendered":"<p>Atsargin\u0117 garbin\u0117 dangtelis skirtas Scout \u017eibintuv\u0117liams. Leid\u017eia naudoti juostin\u012f jungikl\u012f.<\/p>\n","protected":false},"featured_media":46966,"template":"","meta":{"_acf_changed":false},"product_brand":[11872],"product_cat":[13741,13732,13756],"product_tag":[],"class_list":{"0":"post-46965","1":"product","2":"type-product","3":"status-publish","4":"has-post-thumbnail","6":"product_brand-surefire","7":"product_cat-sautuvas","8":"product_cat-zibintuveliai","9":"product_cat-zibintuveliu-priedai","11":"first","12":"instock","13":"taxable","14":"shipping-taxable","15":"purchasable","16":"product-type-variable","17":"wvs-archive-product-wrapper"},"acf":[],"_links":{"self":[{"href":"https:\/\/staging.nbg.eu\/lt\/wp-json\/wp\/v2\/product\/46965","targetHints":{"allow":["GET"]}}],"collection":[{"href":"https:\/\/staging.nbg.eu\/lt\/wp-json\/wp\/v2\/product"}],"about":[{"href":"https:\/\/staging.nbg.eu\/lt\/wp-json\/wp\/v2\/types\/product"}],"wp:featuredmedia":[{"embeddable":true,"href":"https:\/\/staging.nbg.eu\/lt\/wp-json\/wp\/v2\/media\/46966"}],"wp:attachment":[{"href":"https:\/\/staging.nbg.eu\/lt\/wp-json\/wp\/v2\/media?parent=46965"}],"wp:term":[{"taxonomy":"product_brand","embeddable":true,"href":"https:\/\/staging.nbg.eu\/lt\/wp-json\/wp\/v2\/product_brand?post=46965"},{"taxonomy":"product_cat","embeddable":true,"href":"https:\/\/staging.nbg.eu\/lt\/wp-json\/wp\/v2\/product_cat?post=46965"},{"taxonomy":"product_tag","embeddable":true,"href":"https:\/\/staging.nbg.eu\/lt\/wp-json\/wp\/v2\/product_tag?post=46965"}],"curies":[{"name":"wp","href":"https:\/\/api.w.org\/{rel}","templated":true}]}}