{"id":46803,"date":"2024-07-30T19:41:53","date_gmt":"2024-09-12T12:04:32","guid":{"rendered":"https:\/\/staging.nbg.eu\/product\/iosso-pistol-brush\/"},"modified":"2024-09-12T12:05:53","modified_gmt":"2024-09-12T12:05:53","slug":"iosso-sautuvo-sepetelis","status":"publish","type":"product","link":"https:\/\/staging.nbg.eu\/lt\/produktas\/iosso-sautuvo-sepetelis\/","title":{"rendered":"Iosso \u0161autuvo \u0161epet\u0117lis"},"content":{"rendered":"<p>\n<strong>Iosso pistoleto \u0161epetys<\/strong> yra vamzd\u017eio valymo \u012frankis:<\/p>\n<ul>\n<li>M\u0117lynos spalvos \u0161ereliai lengvam atpa\u017einimui<\/li>\n<li>Storesni, kietesni \u0161ereliai leid\u017eia valyti pirmyn ir atgal<\/li>\n<li>8-10 kart\u0173 patvaresnis nei \u012fprasti \u0161epe\u010diai<\/li>\n<li>Tankiai supinti \u0161ereliai<\/li>\n<li>Tinka naudoti su Iosso vamzd\u017eio valikliu ir trigubos veiklos tirpalu<\/li>\n<li>Efektyviai \u0161alina vis\u0173 tip\u0173 ne\u0161varumus<\/li>\n<li>Sutrumpina valymo laik\u0105<\/li>\n<\/ul>\n<p>Galima \u012fsigyti \u012fvairi\u0173 \u0161aunam\u0173j\u0173 ginkl\u0173 dyd\u017eiams. M\u0117lyni \u0161epe\u010diai yra Iosso Products prek\u0117s \u017eenklas.<\/p>\n","protected":false},"excerpt":{"rendered":"<p>Patvari kobalto m\u0117lynumo pistoletin\u0117 \u0161epet\u0117lis efektyviam ir kruop\u0161\u010diam vamzd\u017eio valymui.<\/p>\n","protected":false},"featured_media":107495,"template":"","meta":{"_acf_changed":false},"product_brand":[11471],"product_cat":[13722,13749],"product_tag":[],"class_list":{"0":"post-46803","1":"product","2":"type-product","3":"status-publish","4":"has-post-thumbnail","6":"product_brand-iosso","7":"product_cat-ginklu-valymas","8":"product_cat-sepeteliai","10":"first","11":"instock","12":"taxable","13":"shipping-taxable","14":"purchasable","15":"product-type-variable","16":"wvs-archive-product-wrapper"},"acf":[],"_links":{"self":[{"href":"https:\/\/staging.nbg.eu\/lt\/wp-json\/wp\/v2\/product\/46803","targetHints":{"allow":["GET"]}}],"collection":[{"href":"https:\/\/staging.nbg.eu\/lt\/wp-json\/wp\/v2\/product"}],"about":[{"href":"https:\/\/staging.nbg.eu\/lt\/wp-json\/wp\/v2\/types\/product"}],"wp:featuredmedia":[{"embeddable":true,"href":"https:\/\/staging.nbg.eu\/lt\/wp-json\/wp\/v2\/media\/107495"}],"wp:attachment":[{"href":"https:\/\/staging.nbg.eu\/lt\/wp-json\/wp\/v2\/media?parent=46803"}],"wp:term":[{"taxonomy":"product_brand","embeddable":true,"href":"https:\/\/staging.nbg.eu\/lt\/wp-json\/wp\/v2\/product_brand?post=46803"},{"taxonomy":"product_cat","embeddable":true,"href":"https:\/\/staging.nbg.eu\/lt\/wp-json\/wp\/v2\/product_cat?post=46803"},{"taxonomy":"product_tag","embeddable":true,"href":"https:\/\/staging.nbg.eu\/lt\/wp-json\/wp\/v2\/product_tag?post=46803"}],"curies":[{"name":"wp","href":"https:\/\/api.w.org\/{rel}","templated":true}]}}