{"id":46627,"date":"2024-07-30T19:46:24","date_gmt":"2024-09-11T16:04:21","guid":{"rendered":"https:\/\/staging.nbg.eu\/product\/iosso-rifle-brush\/"},"modified":"2024-09-11T16:06:11","modified_gmt":"2024-09-11T16:06:11","slug":"sratinio-sautuvo-sepetelis","status":"publish","type":"product","link":"https:\/\/staging.nbg.eu\/lt\/produktas\/sratinio-sautuvo-sepetelis\/","title":{"rendered":"\u0160ratinio \u0161autuvo \u0161epet\u0117lis"},"content":{"rendered":"<p>\nIosso Products \u0161autuvo \u0161epet\u0117lis. Savyb\u0117s:<\/p>\n<ul>\n<li>Storesni, kietesni \u0161ereliai valymui pirmyn ir atgal<\/li>\n<li>Tankiai supinti su daugiau \u0161ereli\u0173 colyje<\/li>\n<li>Daugkartinio naudojimo<\/li>\n<li>Tinka naudoti su Iosso vamzd\u017eio valikliu<\/li>\n<li>Pa\u0161alina vis\u0173 tip\u0173 ne\u0161varumus<\/li>\n<li>Sutrumpina valymo laik\u0105<\/li>\n<\/ul>\n<p>Efektyvus vamzd\u017eio valymas.<\/p>\n","protected":false},"excerpt":{"rendered":"<p>Patvari kobalto m\u0117lynumo \u0161autuvo \u0161epet\u0117lis efektyviam ir ilgalaikiam vamzd\u017eio valymui.<\/p>\n","protected":false},"featured_media":107426,"template":"","meta":{"_acf_changed":false},"product_brand":[11471],"product_cat":[13722,13749],"product_tag":[],"class_list":{"0":"post-46627","1":"product","2":"type-product","3":"status-publish","4":"has-post-thumbnail","6":"product_brand-iosso","7":"product_cat-ginklu-valymas","8":"product_cat-sepeteliai","10":"first","11":"instock","12":"taxable","13":"shipping-taxable","14":"purchasable","15":"product-type-variable","16":"wvs-archive-product-wrapper"},"acf":[],"_links":{"self":[{"href":"https:\/\/staging.nbg.eu\/lt\/wp-json\/wp\/v2\/product\/46627","targetHints":{"allow":["GET"]}}],"collection":[{"href":"https:\/\/staging.nbg.eu\/lt\/wp-json\/wp\/v2\/product"}],"about":[{"href":"https:\/\/staging.nbg.eu\/lt\/wp-json\/wp\/v2\/types\/product"}],"wp:featuredmedia":[{"embeddable":true,"href":"https:\/\/staging.nbg.eu\/lt\/wp-json\/wp\/v2\/media\/107426"}],"wp:attachment":[{"href":"https:\/\/staging.nbg.eu\/lt\/wp-json\/wp\/v2\/media?parent=46627"}],"wp:term":[{"taxonomy":"product_brand","embeddable":true,"href":"https:\/\/staging.nbg.eu\/lt\/wp-json\/wp\/v2\/product_brand?post=46627"},{"taxonomy":"product_cat","embeddable":true,"href":"https:\/\/staging.nbg.eu\/lt\/wp-json\/wp\/v2\/product_cat?post=46627"},{"taxonomy":"product_tag","embeddable":true,"href":"https:\/\/staging.nbg.eu\/lt\/wp-json\/wp\/v2\/product_tag?post=46627"}],"curies":[{"name":"wp","href":"https:\/\/api.w.org\/{rel}","templated":true}]}}