{"id":46457,"date":"2024-07-31T20:54:52","date_gmt":"2024-09-11T15:53:06","guid":{"rendered":"https:\/\/staging.nbg.eu\/product\/shotgun-brush\/"},"modified":"2024-09-11T15:53:56","modified_gmt":"2024-09-11T15:53:56","slug":"fox-soviniai-65-creed-123-gr","status":"publish","type":"product","link":"https:\/\/staging.nbg.eu\/lt\/produktas\/fox-soviniai-65-creed-123-gr\/","title":{"rendered":"Fox \u0161oviniai 6,5 Creed. &#8211; 123 gr"},"content":{"rendered":"<p>\nIosso Products \u0161autuvo \u0161epetys. Savyb\u0117s:<\/p>\n<ul>\n<li>Storesni, standesni \u0161ereliai valymui pirmyn ir atgal<\/li>\n<li>Tankiai supinti su daugiau \u0161ereli\u0173 colyje<\/li>\n<li>Daugkartinio naudojimo<\/li>\n<li>Tinka naudoti su Iosso vamzd\u017eio valikliu<\/li>\n<li>Pa\u0161alina vis\u0173 tip\u0173 ne\u0161varumus<\/li>\n<li>\u017dymiai sutrumpina valymo laik\u0105<\/li>\n<\/ul>\n<p>Efektyvus vamzd\u017eio valymas.<\/p>\n","protected":false},"excerpt":{"rendered":"<p>Auk\u0161\u010diausios kokyb\u0117s kobalto m\u0117lynumo \u0161epetys efektyviam ir kruop\u0161\u010diam \u0161autuvo valymui.<\/p>\n","protected":false},"featured_media":46458,"template":"","meta":{"_acf_changed":false},"product_brand":[],"product_cat":[13722,13749],"product_tag":[],"class_list":{"0":"post-46457","1":"product","2":"type-product","3":"status-publish","4":"has-post-thumbnail","6":"product_cat-ginklu-valymas","7":"product_cat-sepeteliai","9":"first","10":"instock","11":"taxable","12":"shipping-taxable","13":"purchasable","14":"product-type-variable","15":"wvs-archive-product-wrapper"},"acf":[],"_links":{"self":[{"href":"https:\/\/staging.nbg.eu\/lt\/wp-json\/wp\/v2\/product\/46457","targetHints":{"allow":["GET"]}}],"collection":[{"href":"https:\/\/staging.nbg.eu\/lt\/wp-json\/wp\/v2\/product"}],"about":[{"href":"https:\/\/staging.nbg.eu\/lt\/wp-json\/wp\/v2\/types\/product"}],"wp:featuredmedia":[{"embeddable":true,"href":"https:\/\/staging.nbg.eu\/lt\/wp-json\/wp\/v2\/media\/46458"}],"wp:attachment":[{"href":"https:\/\/staging.nbg.eu\/lt\/wp-json\/wp\/v2\/media?parent=46457"}],"wp:term":[{"taxonomy":"product_brand","embeddable":true,"href":"https:\/\/staging.nbg.eu\/lt\/wp-json\/wp\/v2\/product_brand?post=46457"},{"taxonomy":"product_cat","embeddable":true,"href":"https:\/\/staging.nbg.eu\/lt\/wp-json\/wp\/v2\/product_cat?post=46457"},{"taxonomy":"product_tag","embeddable":true,"href":"https:\/\/staging.nbg.eu\/lt\/wp-json\/wp\/v2\/product_tag?post=46457"}],"curies":[{"name":"wp","href":"https:\/\/api.w.org\/{rel}","templated":true}]}}