{"id":46297,"date":"2024-07-31T20:30:37","date_gmt":"2024-09-11T15:45:56","guid":{"rendered":"https:\/\/staging.nbg.eu\/product\/fox-ammunition-65-creed-123-gr\/"},"modified":"2024-09-11T15:46:44","modified_gmt":"2024-09-11T15:46:44","slug":"desiniarankio-isorinis-taktinis-deklas","status":"publish","type":"product","link":"https:\/\/staging.nbg.eu\/lt\/produktas\/desiniarankio-isorinis-taktinis-deklas\/","title":{"rendered":"De\u0161iniarankio i\u0161orinis taktinis d\u0117klas"},"content":{"rendered":"<h2>Fox Ammunition 6.5 Creed &#8211; 123 gr<\/h2>\n<p>Fox Ammunition 6.5 Creed 123 gr \u0161oviniai naudoja Fox Classic med\u017eiokl\u0117s kulk\u0105. \u0160ie be\u0161viniai \u0161audmenys pagaminti i\u0161 vario ir cinko lydinio.<\/p>\n<ul>\n<li>Be\u0161vin\u0117 sud\u0117tis<\/li>\n<li>Grioveli\u0173 dizainas ma\u017eina vamzd\u017eio sl\u0117g\u012f ir didina greit\u012f<\/li>\n<li>Termostabilus plastikinis antgalis pagerina balistik\u0105 ir poveik\u012f taikinyje<\/li>\n<li>Kontroliuojamas i\u0161siskleidimas energijos perdavimui<\/li>\n<li>Efektyvus artimame ir tolimame nuotolyje<\/li>\n<li>Stabdymo galia su minimaliu m\u0117sos pa\u017eeidimu<\/li>\n<\/ul>\n<p>Fox Ammunition u\u017etikrina tikslum\u0105 ir patikimum\u0105.<\/p>\n","protected":false},"excerpt":{"rendered":"<p>Bekryp\u010dio \u0161vino, tiksl\u016bs 6.5 Creedmoore \u0161oviniai<\/p>\n","protected":false},"featured_media":46298,"template":"","meta":{"_acf_changed":false},"product_brand":[],"product_cat":[13716,13753],"product_tag":[],"class_list":{"0":"post-46297","1":"product","2":"type-product","3":"status-publish","4":"has-post-thumbnail","6":"product_cat-saudmenys","7":"product_cat-sautuvu-saudmenys","9":"first","10":"instock","11":"taxable","12":"shipping-taxable","13":"purchasable","14":"product-type-simple"},"acf":[],"_links":{"self":[{"href":"https:\/\/staging.nbg.eu\/lt\/wp-json\/wp\/v2\/product\/46297","targetHints":{"allow":["GET"]}}],"collection":[{"href":"https:\/\/staging.nbg.eu\/lt\/wp-json\/wp\/v2\/product"}],"about":[{"href":"https:\/\/staging.nbg.eu\/lt\/wp-json\/wp\/v2\/types\/product"}],"wp:featuredmedia":[{"embeddable":true,"href":"https:\/\/staging.nbg.eu\/lt\/wp-json\/wp\/v2\/media\/46298"}],"wp:attachment":[{"href":"https:\/\/staging.nbg.eu\/lt\/wp-json\/wp\/v2\/media?parent=46297"}],"wp:term":[{"taxonomy":"product_brand","embeddable":true,"href":"https:\/\/staging.nbg.eu\/lt\/wp-json\/wp\/v2\/product_brand?post=46297"},{"taxonomy":"product_cat","embeddable":true,"href":"https:\/\/staging.nbg.eu\/lt\/wp-json\/wp\/v2\/product_cat?post=46297"},{"taxonomy":"product_tag","embeddable":true,"href":"https:\/\/staging.nbg.eu\/lt\/wp-json\/wp\/v2\/product_tag?post=46297"}],"curies":[{"name":"wp","href":"https:\/\/api.w.org\/{rel}","templated":true}]}}