{"id":46175,"date":"2024-08-03T08:31:54","date_gmt":"2024-09-11T15:11:08","guid":{"rendered":"https:\/\/staging.nbg.eu\/product\/rh-owb-tac-duty-holster\/"},"modified":"2024-09-11T15:12:19","modified_gmt":"2024-09-11T15:12:19","slug":"desiniarankio-sharky-vidinis-deklas","status":"publish","type":"product","link":"https:\/\/staging.nbg.eu\/lt\/produktas\/desiniarankio-sharky-vidinis-deklas\/","title":{"rendered":"De\u0161iniarankio Sharky vidinis d\u0117klas"},"content":{"rendered":"<p>RH OWB Tac\/Duty d\u0117klas yra universalus kydex d\u0117klas, skirtas taktiniam ir tarnybiniam naudojimui. Savyb\u0117s:<\/p>\n<ul>\n<li>Suderinamas su ginklui pritvirtintais \u017eibintuv\u0117liais<\/li>\n<li>Tinka Safariland, Blackhawk arba Blade-Tech platformoms<\/li>\n<li>Tinkamas ne\u0161ioti ant \u017eemesn\u0117s \u0161launies dalies<\/li>\n<li>Lengva pri\u017ei\u016br\u0117ti ir valyti<\/li>\n<li>Naudojamas \u010cekijos ginkluot\u0173j\u0173 paj\u0117g\u0173 ir policijos<\/li>\n<\/ul>\n<p>Skirtas tarnybiniams ginklams, mokymams ir taktin\u0117ms operacijoms.<\/p>\n","protected":false},"excerpt":{"rendered":"<p>Patvarus Kydex d\u0117klas tarnybiniam naudojimui. Tinka tarnybiniams ginklams ir \u017eibintuv\u0117liams.<\/p>\n","protected":false},"featured_media":46176,"template":"","meta":{"_acf_changed":false},"product_brand":[11639],"product_cat":[13695,13733,13682],"product_tag":[],"class_list":{"0":"post-46175","1":"product","2":"type-product","3":"status-publish","4":"has-post-thumbnail","6":"product_brand-rh-holsters","7":"product_cat-deklas","8":"product_cat-sportinis-deklas","9":"product_cat-taktinis-deklas","10":"pa_light-surefire-x300-ultra-a-lt","11":"pa_model-glock-17-lt","12":"pa_safety-automatic-lt","13":"pa_strong-hand-right-lt","15":"first","16":"instock","17":"taxable","18":"shipping-taxable","19":"purchasable","20":"product-type-variable","21":"wvs-archive-product-wrapper"},"acf":[],"_links":{"self":[{"href":"https:\/\/staging.nbg.eu\/lt\/wp-json\/wp\/v2\/product\/46175","targetHints":{"allow":["GET"]}}],"collection":[{"href":"https:\/\/staging.nbg.eu\/lt\/wp-json\/wp\/v2\/product"}],"about":[{"href":"https:\/\/staging.nbg.eu\/lt\/wp-json\/wp\/v2\/types\/product"}],"wp:featuredmedia":[{"embeddable":true,"href":"https:\/\/staging.nbg.eu\/lt\/wp-json\/wp\/v2\/media\/46176"}],"wp:attachment":[{"href":"https:\/\/staging.nbg.eu\/lt\/wp-json\/wp\/v2\/media?parent=46175"}],"wp:term":[{"taxonomy":"product_brand","embeddable":true,"href":"https:\/\/staging.nbg.eu\/lt\/wp-json\/wp\/v2\/product_brand?post=46175"},{"taxonomy":"product_cat","embeddable":true,"href":"https:\/\/staging.nbg.eu\/lt\/wp-json\/wp\/v2\/product_cat?post=46175"},{"taxonomy":"product_tag","embeddable":true,"href":"https:\/\/staging.nbg.eu\/lt\/wp-json\/wp\/v2\/product_tag?post=46175"}],"curies":[{"name":"wp","href":"https:\/\/api.w.org\/{rel}","templated":true}]}}