{"id":45809,"date":"2024-08-03T14:31:50","date_gmt":"2024-09-10T15:01:11","guid":{"rendered":"https:\/\/staging.nbg.eu\/product\/rh-frogy-owb-holster\/"},"modified":"2024-09-10T15:02:13","modified_gmt":"2024-09-10T15:02:13","slug":"desiniarankio-frogy-isorinis-deklas","status":"publish","type":"product","link":"https:\/\/staging.nbg.eu\/lt\/produktas\/desiniarankio-frogy-isorinis-deklas\/","title":{"rendered":"# De\u0161iniarankio Frogy i\u0161orinis d\u0117klas"},"content":{"rendered":"<div class=\"product-description\">\n<h2>RH Frogy OWB d\u0117klas<\/h2>\n<p>Patirkite auk\u0161\u010diausios kokyb\u0117s pasl\u0117pt\u0105 ne\u0161iojim\u0105 su RH Frogy OWB d\u0117klu. Sukurtas ne\u0161ioti ant dir\u017eo i\u0161or\u0117s, \u0161is d\u0117klas pasi\u017eymi:<\/p>\n<ul>\n<li>Unikalia konstrukcija su integruotu spaudimo elementu geresniam ginklo pasl\u0117pimui<\/li>\n<li>Patogiu ne\u0161iojimu su erdv\u0119 u\u017epildan\u010diu dizainu po dir\u017eu stabiliam pozicionavimui<\/li>\n<li>Vakuuminiu b\u016bdu presuotu 2,5 mm storio Kydex su briaunomis didesniam patvarumui ir standumui<\/li>\n<li>Rankomis nu\u0161lifuotais kra\u0161tais maksimaliam patogumui<\/li>\n<li>Pakreiptu ginklo pozicionavimu geresniam pasl\u0117pimui ir i\u0161traukimui<\/li>\n<li>Reguliuojama rankena ir pasvirimo kampu<\/li>\n<li>Suderinamas su raudonais ta\u0161kais ir pailgintais vamzd\u017eiais\/sriegiais<\/li>\n<\/ul>\n<p>Tiksliai i\u0161lietas ir pagamintas i\u0161 vieno Kydex gabalo, \u0161is d\u0117klas u\u017etikrina optimal\u0173 pasl\u0117pim\u0105 ir komfort\u0105. Jo atviras dizainas leid\u017eia lengvai valyti ir tinka \u012fvairioms ginklo modifikacijoms.<\/p>\n<\/div>\n","protected":false},"excerpt":{"rendered":"<p>RH Frogy OWB d\u0117klas: pasl\u0117ptas, patogus, reguliuojamas kydex ne\u0161iojimas.<\/p>\n","protected":false},"featured_media":45813,"template":"","meta":{"_acf_changed":false},"product_brand":[11639],"product_cat":[13695,13733,13682],"product_tag":[],"class_list":{"0":"post-45809","1":"product","2":"type-product","3":"status-publish","4":"has-post-thumbnail","6":"product_brand-rh-holsters","7":"product_cat-deklas","8":"product_cat-sportinis-deklas","9":"product_cat-taktinis-deklas","10":"pa_belt-size-40mm-lt","11":"pa_model-glock-17-lt","12":"pa_model-glock-19-23-32-lt","13":"pa_strong-hand-right-lt","15":"first","16":"instock","17":"taxable","18":"shipping-taxable","19":"purchasable","20":"product-type-variable","21":"wvs-archive-product-wrapper"},"acf":[],"_links":{"self":[{"href":"https:\/\/staging.nbg.eu\/lt\/wp-json\/wp\/v2\/product\/45809","targetHints":{"allow":["GET"]}}],"collection":[{"href":"https:\/\/staging.nbg.eu\/lt\/wp-json\/wp\/v2\/product"}],"about":[{"href":"https:\/\/staging.nbg.eu\/lt\/wp-json\/wp\/v2\/types\/product"}],"wp:featuredmedia":[{"embeddable":true,"href":"https:\/\/staging.nbg.eu\/lt\/wp-json\/wp\/v2\/media\/45813"}],"wp:attachment":[{"href":"https:\/\/staging.nbg.eu\/lt\/wp-json\/wp\/v2\/media?parent=45809"}],"wp:term":[{"taxonomy":"product_brand","embeddable":true,"href":"https:\/\/staging.nbg.eu\/lt\/wp-json\/wp\/v2\/product_brand?post=45809"},{"taxonomy":"product_cat","embeddable":true,"href":"https:\/\/staging.nbg.eu\/lt\/wp-json\/wp\/v2\/product_cat?post=45809"},{"taxonomy":"product_tag","embeddable":true,"href":"https:\/\/staging.nbg.eu\/lt\/wp-json\/wp\/v2\/product_tag?post=45809"}],"curies":[{"name":"wp","href":"https:\/\/api.w.org\/{rel}","templated":true}]}}