{"id":45640,"date":"2024-08-04T20:46:31","date_gmt":"2024-09-10T14:52:17","guid":{"rendered":"https:\/\/staging.nbg.eu\/product\/rh-ar15-m4-owb-mag-holder\/"},"modified":"2024-09-10T14:53:19","modified_gmt":"2024-09-10T14:53:19","slug":"rh-ar15m4-owb-detuves-laikiklis","status":"publish","type":"product","link":"https:\/\/staging.nbg.eu\/lt\/produktas\/rh-ar15m4-owb-detuves-laikiklis\/","title":{"rendered":"RH AR15\/M4 OWB d\u0117tuv\u0117s laikiklis"},"content":{"rendered":"<p>RH AR15\/M4 OWB d\u0117tuv\u0117s laikiklis puikiai tinka IPSC ir tarnybiniam naudojimui. Ypatyb\u0117s:<\/p>\n<ul>\n<li>Reguliuojamas griebimas optimaliam pasiprie\u0161inimui<\/li>\n<li>Lengvas prieinamumas<\/li>\n<li>Suderinamas su sportiniais ir taktiniais dir\u017eais<\/li>\n<li>Tiksliai formuotas tobulam pritaikymui<\/li>\n<li>Ry\u0161k\u016bs \u012fdubimai su glotniais kra\u0161tais<\/li>\n<\/ul>\n<p>Idealiai tinkantis PCC d\u0117tuv\u0117ms, \u0161is d\u0117klas u\u017etikrina auk\u0161\u010diausi\u0105 efektyvum\u0105 ir patogum\u0105.<\/p>\n","protected":false},"excerpt":{"rendered":"<p>Reguliuojamas IPSC\/tarnybini\u0173 d\u0117tuvi\u0173 laikiklis, skirtas lengvam pri\u0117jimui ant taktini\u0173 dir\u017e\u0173<\/p>\n","protected":false},"featured_media":45642,"template":"","meta":{"_acf_changed":false},"product_brand":[11639],"product_cat":[13695,13684],"product_tag":[],"class_list":{"0":"post-45640","1":"product","2":"type-product","3":"status-publish","4":"has-post-thumbnail","6":"product_brand-rh-holsters","7":"product_cat-deklas","8":"product_cat-detuviu-laikikliai","9":"pa_model-ar-15-lt","10":"pa_strong-hand-right-lt","12":"first","13":"instock","14":"taxable","15":"shipping-taxable","16":"purchasable","17":"product-type-variable","18":"wvs-archive-product-wrapper"},"acf":[],"_links":{"self":[{"href":"https:\/\/staging.nbg.eu\/lt\/wp-json\/wp\/v2\/product\/45640","targetHints":{"allow":["GET"]}}],"collection":[{"href":"https:\/\/staging.nbg.eu\/lt\/wp-json\/wp\/v2\/product"}],"about":[{"href":"https:\/\/staging.nbg.eu\/lt\/wp-json\/wp\/v2\/types\/product"}],"wp:featuredmedia":[{"embeddable":true,"href":"https:\/\/staging.nbg.eu\/lt\/wp-json\/wp\/v2\/media\/45642"}],"wp:attachment":[{"href":"https:\/\/staging.nbg.eu\/lt\/wp-json\/wp\/v2\/media?parent=45640"}],"wp:term":[{"taxonomy":"product_brand","embeddable":true,"href":"https:\/\/staging.nbg.eu\/lt\/wp-json\/wp\/v2\/product_brand?post=45640"},{"taxonomy":"product_cat","embeddable":true,"href":"https:\/\/staging.nbg.eu\/lt\/wp-json\/wp\/v2\/product_cat?post=45640"},{"taxonomy":"product_tag","embeddable":true,"href":"https:\/\/staging.nbg.eu\/lt\/wp-json\/wp\/v2\/product_tag?post=45640"}],"curies":[{"name":"wp","href":"https:\/\/api.w.org\/{rel}","templated":true}]}}