{"id":45556,"date":"2024-08-16T11:10:46","date_gmt":"2024-09-10T14:47:32","guid":{"rendered":"https:\/\/staging.nbg.eu\/product\/barwarus-knob-for-ak47-charging-handle\/"},"modified":"2024-09-10T14:48:20","modified_gmt":"2024-09-10T14:48:20","slug":"barwarus-rankenele-ak47-ikrovimo-svirtis","status":"publish","type":"product","link":"https:\/\/staging.nbg.eu\/lt\/produktas\/barwarus-rankenele-ak47-ikrovimo-svirtis\/","title":{"rendered":"Barwarus ranken\u0117l\u0117 AK47 (\u012fkrovimo svirtis)"},"content":{"rendered":"<div class=\"product-description\">\n<h2>Barwarus ranken\u0117l\u0117 AK47 u\u017etaisymo rankenai<\/h2>\n<p>Patobulinkite savo AK47 su Barwarus ranken\u0117le &#8211; auk\u0161\u010diausios kokyb\u0117s priedu j\u016bs\u0173 u\u017etaisymo rankenai. \u0160is precizi\u0161kai pagamintas priedas lengvai prisukamas prie esamos u\u017etaisymo rankenos, suteikdamas didesn\u012f ir patogesn\u012f pavir\u0161i\u0173 skland\u017eiam ginklo valdymui.<\/p>\n<ul>\n<li>Kruop\u0161\u010diai suprojektuota tikti AK47 ir pana\u0161iems modeliams<\/li>\n<li>Ergonomi\u0161ka forma patogiai tinka bet kokiai pir\u0161t\u0173 pad\u0117\u010diai<\/li>\n<li>Saugus tvirtinimas u\u017ekerta keli\u0105 atsijungimo problemoms, b\u016bdingoms kitoms ranken\u0117l\u0117ms<\/li>\n<li>Nereikia suvirinimo &#8211; naudoja esam\u0105 fiksuojam\u0105j\u012f var\u017et\u0105 lengvam montavimui<\/li>\n<li>Suderinama su dauguma AK47 variant\u0173<\/li>\n<\/ul>\n<p>Patirkite pager\u0117jus\u012f valdym\u0105 ir patikimum\u0105 su Barwarus ranken\u0117le. Pakelkite savo \u0161audymo patirt\u012f \u012f nauj\u0105 lyg\u012f jau \u0161iandien!<\/p>\n<\/div>\n","protected":false},"excerpt":{"rendered":"<p>Patobulintas AK47 u\u017etaisymo rankenos bumbulas sklandesniam veikimui<\/p>\n","protected":false},"featured_media":101462,"template":"","meta":{"_acf_changed":false},"product_brand":[11116],"product_cat":[13675,13690],"product_tag":[],"class_list":{"0":"post-45556","1":"product","2":"type-product","3":"status-publish","4":"has-post-thumbnail","6":"product_brand-barwarus","7":"product_cat-ak-derinimas","8":"product_cat-sautuvo-derinimas","10":"first","11":"outofstock","12":"taxable","13":"shipping-taxable","14":"purchasable","15":"product-type-variable","16":"wvs-archive-product-wrapper"},"acf":[],"_links":{"self":[{"href":"https:\/\/staging.nbg.eu\/lt\/wp-json\/wp\/v2\/product\/45556","targetHints":{"allow":["GET"]}}],"collection":[{"href":"https:\/\/staging.nbg.eu\/lt\/wp-json\/wp\/v2\/product"}],"about":[{"href":"https:\/\/staging.nbg.eu\/lt\/wp-json\/wp\/v2\/types\/product"}],"wp:featuredmedia":[{"embeddable":true,"href":"https:\/\/staging.nbg.eu\/lt\/wp-json\/wp\/v2\/media\/101462"}],"wp:attachment":[{"href":"https:\/\/staging.nbg.eu\/lt\/wp-json\/wp\/v2\/media?parent=45556"}],"wp:term":[{"taxonomy":"product_brand","embeddable":true,"href":"https:\/\/staging.nbg.eu\/lt\/wp-json\/wp\/v2\/product_brand?post=45556"},{"taxonomy":"product_cat","embeddable":true,"href":"https:\/\/staging.nbg.eu\/lt\/wp-json\/wp\/v2\/product_cat?post=45556"},{"taxonomy":"product_tag","embeddable":true,"href":"https:\/\/staging.nbg.eu\/lt\/wp-json\/wp\/v2\/product_tag?post=45556"}],"curies":[{"name":"wp","href":"https:\/\/api.w.org\/{rel}","templated":true}]}}