{"id":45352,"date":"2024-08-16T18:05:19","date_gmt":"2024-08-16T18:05:19","guid":{"rendered":"https:\/\/staging.nbg.eu\/product\/calypso-mini-weather-station-45m-s\/"},"modified":"2024-10-16T09:35:50","modified_gmt":"2024-10-16T09:35:50","slug":"calypso-ultragarsinisu-nesiojamas-mini-vejo-matuoklis-45ms","status":"publish","type":"product","link":"https:\/\/staging.nbg.eu\/lt\/produktas\/calypso-ultragarsinisu-nesiojamas-mini-vejo-matuoklis-45ms\/","title":{"rendered":"Calypso ultragarsinis\u0173 ne\u0161iojamas mini v\u0117jo matuoklis 45m\/s"},"content":{"rendered":"<h2>Calypso Mini 45m\/s Ultragarsinis Anemometras<\/h2>\n<p>Pristatome Calypso Mini 45m\/s &#8211; kompakti\u0161k\u0105 ir universal\u0173 v\u0117jo matavimo sprendim\u0105. \u0160is miniati\u016brinis ultragarsinis anemometras ir v\u0117jarodis suderina pa\u017eangiausias technologijas su ne\u0161iojamumu.<\/p>\n<h2>Pagrindin\u0117s Savyb\u0117s:<\/h2>\n<ul>\n<li>Bluetooth ry\u0161ys lengvam duomen\u0173 registravimui<\/li>\n<li>Maitinimas i\u0161 baterijos su belaid\u017eiu QI \u012fkrovimu<\/li>\n<li>Ultragarsiniai jutikliai u\u017etikrina patikim\u0105 veikim\u0105<\/li>\n<li>Matuoja v\u0117jo greit\u012f ir krypt\u012f<\/li>\n<li>Kompakti\u0161kas dydis: tik 43mm skersmens<\/li>\n<li>1\/4&#8243; vidinis sriegis trikojui tvirtinti<\/li>\n<li>Suderinamas su Anemotracker program\u0117le<\/li>\n<li>Galimas papildomas telefono laikiklio priedas<\/li>\n<\/ul>\n<p>Puikiai tinkantis \u012fvairioms pramon\u0117s \u0161akoms ir pritaikymams, Calypso Mini 45m\/s si\u016blo profesionalaus lygio v\u0117jo matavimus rankiniame prietaise. Jo belaidis dizainas ir suderinamumas su NMEA sietuvais daro j\u012f idealiu pasirinkimu tiek savaranki\u0161kam naudojimui, tiek integracijai \u012f esamas sistemas.<\/p>\n","protected":false},"excerpt":{"rendered":"<p>Kompakti\u0161kas, &#8220;Bluetooth&#8221; ry\u0161iu veikiantis anemometras matuoja v\u0117jo greit\u012f ir krypt\u012f. Valdomas program\u0117le.<\/p>\n","protected":false},"featured_media":101830,"template":"","meta":{"_acf_changed":false},"product_brand":[11187],"product_cat":[13744,13683],"product_tag":[],"class_list":{"0":"post-45352","1":"product","2":"type-product","3":"status-publish","4":"has-post-thumbnail","6":"product_brand-calypso","7":"product_cat-irankiai","8":"product_cat-oro-salygu-matuokliai","10":"first","11":"instock","12":"taxable","13":"shipping-taxable","14":"purchasable","15":"product-type-simple"},"acf":[],"_links":{"self":[{"href":"https:\/\/staging.nbg.eu\/lt\/wp-json\/wp\/v2\/product\/45352","targetHints":{"allow":["GET"]}}],"collection":[{"href":"https:\/\/staging.nbg.eu\/lt\/wp-json\/wp\/v2\/product"}],"about":[{"href":"https:\/\/staging.nbg.eu\/lt\/wp-json\/wp\/v2\/types\/product"}],"wp:featuredmedia":[{"embeddable":true,"href":"https:\/\/staging.nbg.eu\/lt\/wp-json\/wp\/v2\/media\/101830"}],"wp:attachment":[{"href":"https:\/\/staging.nbg.eu\/lt\/wp-json\/wp\/v2\/media?parent=45352"}],"wp:term":[{"taxonomy":"product_brand","embeddable":true,"href":"https:\/\/staging.nbg.eu\/lt\/wp-json\/wp\/v2\/product_brand?post=45352"},{"taxonomy":"product_cat","embeddable":true,"href":"https:\/\/staging.nbg.eu\/lt\/wp-json\/wp\/v2\/product_cat?post=45352"},{"taxonomy":"product_tag","embeddable":true,"href":"https:\/\/staging.nbg.eu\/lt\/wp-json\/wp\/v2\/product_tag?post=45352"}],"curies":[{"name":"wp","href":"https:\/\/api.w.org\/{rel}","templated":true}]}}