{"id":45330,"date":"2024-08-16T18:09:38","date_gmt":"2024-08-16T18:09:38","guid":{"rendered":"https:\/\/staging.nbg.eu\/product\/weather-dot\/"},"modified":"2024-10-16T09:42:26","modified_gmt":"2024-10-16T09:42:26","slug":"calypso-weather-dot","status":"publish","type":"product","link":"https:\/\/staging.nbg.eu\/lt\/produktas\/calypso-weather-dot\/","title":{"rendered":"Calypso Weather DOT"},"content":{"rendered":"<div class=\"product-description\">\n<h2>WeatherDot: Ne\u0161iojama or\u0173 stotis<\/h2>\n<p>Patirkite tiksl\u0173 oro steb\u0117jim\u0105 su WeatherDot, j\u016bs\u0173 kompakti\u0161ka ir universalia or\u0173 stotimi. Su temperat\u016bros, sl\u0117gio ir dr\u0117gm\u0117s jutikliais, \u0161is lengvas prietaisas si\u016blo:<\/p>\n<ul>\n<li>Bluetooth ry\u0161\u012f<\/li>\n<li>24 000 duomen\u0173 ta\u0161k\u0173 saugojim\u0105<\/li>\n<li>Suderinamum\u0105 su trikoju stovu<\/li>\n<li>400 valand\u0173 baterijos veikimo laik\u0105 su belaid\u017eiu QI \u012fkrovimu<\/li>\n<li>Suderinamum\u0105 su nemokama Anemotracker program\u0117le (iOS\/Android)<\/li>\n<\/ul>\n<p>Puikiai tinka naudoti atskirai arba kartu su m\u016bs\u0173 ultragarsiniu ne\u0161iojamuoju mini v\u0117jo matuokliu. \u012e komplekt\u0105 \u012feina WeatherDot prietaisas, belaidis QI \u012fkroviklis su USB laidu ir trumpas naudotojo vadovas.<\/p>\n<p>B\u016bkite informuoti apie savo aplink\u0105 su WeatherDot \u2013 j\u016bs\u0173 ne\u0161iojamu or\u0173 palydovu!<\/p>\n<\/div>\n","protected":false},"excerpt":{"rendered":"<p>Ne\u0161iojama meteorologin\u0117 stotel\u0117: temperat\u016bra, sl\u0117gis, dr\u0117gm\u0117. Bluetooth, suderinama su program\u0117le.<\/p>\n","protected":false},"featured_media":102245,"template":"","meta":{"_acf_changed":false},"product_brand":[11187],"product_cat":[13744,13683],"product_tag":[],"class_list":{"0":"post-45330","1":"product","2":"type-product","3":"status-publish","4":"has-post-thumbnail","6":"product_brand-calypso","7":"product_cat-irankiai","8":"product_cat-oro-salygu-matuokliai","10":"first","11":"outofstock","12":"taxable","13":"shipping-taxable","14":"purchasable","15":"product-type-simple"},"acf":[],"_links":{"self":[{"href":"https:\/\/staging.nbg.eu\/lt\/wp-json\/wp\/v2\/product\/45330","targetHints":{"allow":["GET"]}}],"collection":[{"href":"https:\/\/staging.nbg.eu\/lt\/wp-json\/wp\/v2\/product"}],"about":[{"href":"https:\/\/staging.nbg.eu\/lt\/wp-json\/wp\/v2\/types\/product"}],"wp:featuredmedia":[{"embeddable":true,"href":"https:\/\/staging.nbg.eu\/lt\/wp-json\/wp\/v2\/media\/102245"}],"wp:attachment":[{"href":"https:\/\/staging.nbg.eu\/lt\/wp-json\/wp\/v2\/media?parent=45330"}],"wp:term":[{"taxonomy":"product_brand","embeddable":true,"href":"https:\/\/staging.nbg.eu\/lt\/wp-json\/wp\/v2\/product_brand?post=45330"},{"taxonomy":"product_cat","embeddable":true,"href":"https:\/\/staging.nbg.eu\/lt\/wp-json\/wp\/v2\/product_cat?post=45330"},{"taxonomy":"product_tag","embeddable":true,"href":"https:\/\/staging.nbg.eu\/lt\/wp-json\/wp\/v2\/product_tag?post=45330"}],"curies":[{"name":"wp","href":"https:\/\/api.w.org\/{rel}","templated":true}]}}