{"id":45179,"date":"2024-08-18T09:26:06","date_gmt":"2024-09-10T13:11:44","guid":{"rendered":"https:\/\/staging.nbg.eu\/product\/premium-belt-security-loop\/"},"modified":"2024-09-10T13:12:30","modified_gmt":"2024-09-10T13:12:30","slug":"auksciausios-kokybes-dirzo-saugos-kilpa","status":"publish","type":"product","link":"https:\/\/staging.nbg.eu\/lt\/produktas\/auksciausios-kokybes-dirzo-saugos-kilpa\/","title":{"rendered":"Auk\u0161\u010diausios kokyb\u0117s dir\u017eo saugos kilpa"},"content":{"rendered":"<p>U\u017efiksuokite savo dir\u017e\u0105 su DAA Premium dir\u017eo apsauginiu kilpeliu. Gumuotas patogumui ir sukibimui, jis i\u0161laiko j\u016bs\u0173 dir\u017e\u0105 vietoje intensyvi\u0173 \u0161audymo sesij\u0173 metu. Tinka daugumai standartini\u0173 dir\u017e\u0173.<\/p>\n","protected":false},"excerpt":{"rendered":"<p>Saugus dir\u017eo laikiklis: gumin\u0117 rankena, apsaugo nuo slydimo, tinka standartiniams dir\u017eams.<\/p>\n","protected":false},"featured_media":26101,"template":"","meta":{"_acf_changed":false},"product_brand":[11275],"product_cat":[13708,13711],"product_tag":[],"class_list":{"0":"post-45179","1":"product","2":"type-product","3":"status-publish","4":"has-post-thumbnail","6":"product_brand-doublealpha","7":"product_cat-iranga","8":"product_cat-sportiniai-dirzai","10":"first","11":"instock","12":"taxable","13":"shipping-taxable","14":"purchasable","15":"product-type-simple"},"acf":[],"_links":{"self":[{"href":"https:\/\/staging.nbg.eu\/lt\/wp-json\/wp\/v2\/product\/45179","targetHints":{"allow":["GET"]}}],"collection":[{"href":"https:\/\/staging.nbg.eu\/lt\/wp-json\/wp\/v2\/product"}],"about":[{"href":"https:\/\/staging.nbg.eu\/lt\/wp-json\/wp\/v2\/types\/product"}],"wp:featuredmedia":[{"embeddable":true,"href":"https:\/\/staging.nbg.eu\/lt\/wp-json\/wp\/v2\/media\/26101"}],"wp:attachment":[{"href":"https:\/\/staging.nbg.eu\/lt\/wp-json\/wp\/v2\/media?parent=45179"}],"wp:term":[{"taxonomy":"product_brand","embeddable":true,"href":"https:\/\/staging.nbg.eu\/lt\/wp-json\/wp\/v2\/product_brand?post=45179"},{"taxonomy":"product_cat","embeddable":true,"href":"https:\/\/staging.nbg.eu\/lt\/wp-json\/wp\/v2\/product_cat?post=45179"},{"taxonomy":"product_tag","embeddable":true,"href":"https:\/\/staging.nbg.eu\/lt\/wp-json\/wp\/v2\/product_tag?post=45179"}],"curies":[{"name":"wp","href":"https:\/\/api.w.org\/{rel}","templated":true}]}}