{"id":45157,"date":"2024-08-18T09:26:36","date_gmt":"2024-08-18T09:26:36","guid":{"rendered":"https:\/\/staging.nbg.eu\/product\/daa-magnet-cover\/"},"modified":"2024-09-10T12:58:00","modified_gmt":"2024-09-10T12:58:00","slug":"daa-magneto-dangtelis","status":"publish","type":"product","link":"https:\/\/staging.nbg.eu\/lt\/produktas\/daa-magneto-dangtelis\/","title":{"rendered":"DAA magneto dangtelis"},"content":{"rendered":"<p>\nDAA magnetin\u0117 danga: stilinga, patvari nailonin\u0117 danga 48 mm magnetams. Turi magnetin\u012f plienin\u012f DAA logotip\u0105. Suma\u017eina nepageidaujam\u0105 magnetin\u012f traukim\u0105, i\u0161saugodama funkcionalum\u0105.<\/p>\n","protected":false},"excerpt":{"rendered":"<p>Stilinga, apsaugin\u0117 danga 48 mm DAA magnetams. Suma\u017eina magnetin\u0119 trauk\u0105.<\/p>\n","protected":false},"featured_media":26124,"template":"","meta":{"_acf_changed":false},"product_brand":[11275],"product_cat":[13695,13728],"product_tag":[],"class_list":{"0":"post-45157","1":"product","2":"type-product","3":"status-publish","4":"has-post-thumbnail","6":"product_brand-doublealpha","7":"product_cat-deklas","8":"product_cat-deklo-priedai","10":"first","11":"instock","12":"taxable","13":"shipping-taxable","14":"purchasable","15":"product-type-simple"},"acf":[],"_links":{"self":[{"href":"https:\/\/staging.nbg.eu\/lt\/wp-json\/wp\/v2\/product\/45157","targetHints":{"allow":["GET"]}}],"collection":[{"href":"https:\/\/staging.nbg.eu\/lt\/wp-json\/wp\/v2\/product"}],"about":[{"href":"https:\/\/staging.nbg.eu\/lt\/wp-json\/wp\/v2\/types\/product"}],"wp:featuredmedia":[{"embeddable":true,"href":"https:\/\/staging.nbg.eu\/lt\/wp-json\/wp\/v2\/media\/26124"}],"wp:attachment":[{"href":"https:\/\/staging.nbg.eu\/lt\/wp-json\/wp\/v2\/media?parent=45157"}],"wp:term":[{"taxonomy":"product_brand","embeddable":true,"href":"https:\/\/staging.nbg.eu\/lt\/wp-json\/wp\/v2\/product_brand?post=45157"},{"taxonomy":"product_cat","embeddable":true,"href":"https:\/\/staging.nbg.eu\/lt\/wp-json\/wp\/v2\/product_cat?post=45157"},{"taxonomy":"product_tag","embeddable":true,"href":"https:\/\/staging.nbg.eu\/lt\/wp-json\/wp\/v2\/product_tag?post=45157"}],"curies":[{"name":"wp","href":"https:\/\/api.w.org\/{rel}","templated":true}]}}