{"id":45135,"date":"2024-08-18T09:27:28","date_gmt":"2024-09-10T12:42:26","guid":{"rendered":"https:\/\/staging.nbg.eu\/product\/dillon-precision-daa-223-fast-flow-powder-funnel\/"},"modified":"2024-09-10T12:43:11","modified_gmt":"2024-09-10T12:43:11","slug":"dillon-precision-daa-223-greito-srauto-milteliu-piltuvas","status":"publish","type":"product","link":"https:\/\/staging.nbg.eu\/lt\/produktas\/dillon-precision-daa-223-greito-srauto-milteliu-piltuvas\/","title":{"rendered":"Dillon Precision &#8211; Daa .223 greito srauto milteli\u0173 piltuvas"},"content":{"rendered":"<div class=\"product-description\">\n<h2>Dillon Precision &#8211; DAA .223 greitojo srauto parako piltuv\u0117lis<\/h2>\n<p>Patobulinkite savo .223 u\u017etaisymo patirt\u012f su DAA .223 greitojo srauto piltuv\u0117liu. Sukurtas bendradarbiaujant su aviacijos ir kosmoso sistem\u0173 in\u017einieriumi Andrew Murrell, CSEP, \u0161is piltuv\u0117lis pagerina parako srauto nuoseklum\u0105 ir suma\u017eina lazdeli\u0173 ar dribsni\u0173 pavidalo parako u\u017esikim\u0161im\u0105.<\/p>\n<ul>\n<li>Pagamintas i\u0161 SUS303 ner\u016bdijan\u010dio plieno<\/li>\n<li>Elektropoliruotas veidrodinis pavir\u0161ius<\/li>\n<li>Puikus atsparumas r\u016bdims ir nusid\u0117v\u0117jimui<\/li>\n<li>Unikalus vidinis piltuv\u0117lio pavidalas geresniam parako srautui<\/li>\n<li>Suderinamas su Dillon parako dozatoriais<\/li>\n<\/ul>\n<p>Pajuskite skirtum\u0105 su m\u016bs\u0173 tiksliai pagamintu piltuv\u0117liu, pasi\u017eymin\u010diu ma\u017eomis paklaidomis ir stiklo lygumu, u\u017etikrinan\u010diu auk\u0161\u010diausi\u0105 efektyvum\u0105 ir parako sraut\u0105.<\/p>\n<\/div>\n","protected":false},"excerpt":{"rendered":"<p>Aerodinaminis .223 milteli\u0173 piltuvas u\u017etikrina nuosekl\u0173, be u\u017esikim\u0161im\u0173 vykstant\u012f \u0161ovini\u0173 u\u017etaisym\u0105.<\/p>\n","protected":false},"featured_media":26239,"template":"","meta":{"_acf_changed":false},"product_brand":[11275],"product_cat":[13737,13691],"product_tag":[],"class_list":{"0":"post-45135","1":"product","2":"type-product","3":"status-publish","4":"has-post-thumbnail","6":"product_brand-doublealpha","7":"product_cat-perkrovimas","8":"product_cat-perkrovimo-priedai","10":"first","11":"instock","12":"taxable","13":"shipping-taxable","14":"purchasable","15":"product-type-simple"},"acf":[],"_links":{"self":[{"href":"https:\/\/staging.nbg.eu\/lt\/wp-json\/wp\/v2\/product\/45135","targetHints":{"allow":["GET"]}}],"collection":[{"href":"https:\/\/staging.nbg.eu\/lt\/wp-json\/wp\/v2\/product"}],"about":[{"href":"https:\/\/staging.nbg.eu\/lt\/wp-json\/wp\/v2\/types\/product"}],"wp:featuredmedia":[{"embeddable":true,"href":"https:\/\/staging.nbg.eu\/lt\/wp-json\/wp\/v2\/media\/26239"}],"wp:attachment":[{"href":"https:\/\/staging.nbg.eu\/lt\/wp-json\/wp\/v2\/media?parent=45135"}],"wp:term":[{"taxonomy":"product_brand","embeddable":true,"href":"https:\/\/staging.nbg.eu\/lt\/wp-json\/wp\/v2\/product_brand?post=45135"},{"taxonomy":"product_cat","embeddable":true,"href":"https:\/\/staging.nbg.eu\/lt\/wp-json\/wp\/v2\/product_cat?post=45135"},{"taxonomy":"product_tag","embeddable":true,"href":"https:\/\/staging.nbg.eu\/lt\/wp-json\/wp\/v2\/product_tag?post=45135"}],"curies":[{"name":"wp","href":"https:\/\/api.w.org\/{rel}","templated":true}]}}