{"id":45113,"date":"2024-08-18T09:27:48","date_gmt":"2024-09-10T12:34:34","guid":{"rendered":"https:\/\/staging.nbg.eu\/product\/thigh-pad-for-flex-alpha-x-racer-x-holsters\/"},"modified":"2024-09-10T12:35:19","modified_gmt":"2024-09-10T12:35:19","slug":"slaunies-pagalvele-flex-alpha-x-racer-x-deklams","status":"publish","type":"product","link":"https:\/\/staging.nbg.eu\/lt\/produktas\/slaunies-pagalvele-flex-alpha-x-racer-x-deklams\/","title":{"rendered":"\u0160launies pagalv\u0117l\u0117 Flex \/ Alpha-X \/ Racer-X d\u0117klams"},"content":{"rendered":"<div class=\"product-description\">\n<h2>DAA \u0161launies pagalv\u0117l\u0117 Flex \/ Alpha-X \/ Racer-X d\u0117klams<\/h2>\n<p>Pagerinkite savo \u0161audymo patirt\u012f su DAA \u0161launies pagalv\u0117le, suderinama su Alpha-X, Racer-X ir FLEX d\u0117klais. \u0160i universali pagalv\u0117l\u0117 si\u016blo:<\/p>\n<ul>\n<li>Lengv\u0105 montavim\u0105 &#8211; nereikia var\u017et\u0173 ar klij\u0173<\/li>\n<li>Saug\u0173 pritaikym\u0105 su spragtel\u0117jimo \u0105sel\u0117mis<\/li>\n<li>Kompakti\u0161k\u0105, bet efektyv\u0173 dizain\u0105<\/li>\n<li>Tinka tiek de\u0161in\u0117s, tiek kair\u0117s rankos d\u0117klams<\/li>\n<\/ul>\n<p>Tiesiog u\u017estumkite \u0161launies pagalv\u0117l\u0119 ant d\u0117klo dir\u017eo tvirtinimo, kol \u0105sel\u0117s spragtel\u0117s \u012f viet\u0105. Nuimkite patraukdami \u0105seles auk\u0161tyn ir nustumdami. \u0160i pagalv\u0117l\u0117 yra puikus priedas j\u016bs\u0173 Double-Alpha d\u0117klui, suteikiantis papildom\u0105 komfort\u0105 ir stabilum\u0105 geriausiems \u0161auliams visame pasaulyje.<\/p>\n<\/div>\n","protected":false},"excerpt":{"rendered":"<p>Alpha-X\/Racer-X \u0161laun\u0173 apsauga: Saugi, patogi, nereikia \u012franki\u0173.<\/p>\n","protected":false},"featured_media":26285,"template":"","meta":{"_acf_changed":false},"product_brand":[11275],"product_cat":[13728,13733],"product_tag":[],"class_list":{"0":"post-45113","1":"product","2":"type-product","3":"status-publish","4":"has-post-thumbnail","6":"product_brand-doublealpha","7":"product_cat-deklo-priedai","8":"product_cat-sportinis-deklas","10":"first","11":"instock","12":"taxable","13":"shipping-taxable","14":"purchasable","15":"product-type-simple"},"acf":[],"_links":{"self":[{"href":"https:\/\/staging.nbg.eu\/lt\/wp-json\/wp\/v2\/product\/45113","targetHints":{"allow":["GET"]}}],"collection":[{"href":"https:\/\/staging.nbg.eu\/lt\/wp-json\/wp\/v2\/product"}],"about":[{"href":"https:\/\/staging.nbg.eu\/lt\/wp-json\/wp\/v2\/types\/product"}],"wp:featuredmedia":[{"embeddable":true,"href":"https:\/\/staging.nbg.eu\/lt\/wp-json\/wp\/v2\/media\/26285"}],"wp:attachment":[{"href":"https:\/\/staging.nbg.eu\/lt\/wp-json\/wp\/v2\/media?parent=45113"}],"wp:term":[{"taxonomy":"product_brand","embeddable":true,"href":"https:\/\/staging.nbg.eu\/lt\/wp-json\/wp\/v2\/product_brand?post=45113"},{"taxonomy":"product_cat","embeddable":true,"href":"https:\/\/staging.nbg.eu\/lt\/wp-json\/wp\/v2\/product_cat?post=45113"},{"taxonomy":"product_tag","embeddable":true,"href":"https:\/\/staging.nbg.eu\/lt\/wp-json\/wp\/v2\/product_tag?post=45113"}],"curies":[{"name":"wp","href":"https:\/\/api.w.org\/{rel}","templated":true}]}}