{"id":45091,"date":"2024-08-18T09:28:23","date_gmt":"2024-08-18T09:28:23","guid":{"rendered":"https:\/\/staging.nbg.eu\/product\/daa-reloading-press-tool-holder\/"},"modified":"2024-09-10T12:29:37","modified_gmt":"2024-09-10T12:29:37","slug":"daa-perkrovimo-presiniu-irankiu-laikiklis","status":"publish","type":"product","link":"https:\/\/staging.nbg.eu\/lt\/produktas\/daa-perkrovimo-presiniu-irankiu-laikiklis\/","title":{"rendered":"Daa perkrovimo presini\u0173 \u012franki\u0173 laikiklis"},"content":{"rendered":"<div class=\"product-description\">\n<h2>DAA \u012franki\u0173 laikiklis perkrovimo presui<\/h2>\n<p>Sutvarkykite savo perkrovimo \u012frankius su \u0161iuo patogiu laikikliu! Sukurtas Dillon RL1100\/1050\/750\/650 presams, jis lengvai tvirtinamas ant 1 colio kvadratini\u0173 ar apvali\u0173 vamzd\u017ei\u0173.<\/p>\n<ul>\n<li>Patvari, stiklo pluo\u0161tu sustiprinto nailono konstrukcija<\/li>\n<li>Guminis da\u017e\u0173 sluoksnis patraukliai i\u0161vaizdai<\/li>\n<li>Talpina 7 \u0161e\u0161iakampius raktus, \u0161tamp\u0173 ver\u017eliarakt\u012f ir 3 papildomus \u012frankius<\/li>\n<li>Didel\u0117 ertm\u0117 smulki\u0173 detali\u0173 laikymui<\/li>\n<li>\u012emontuotas magnetas metaliniams daiktams laikyti<\/li>\n<\/ul>\n<p>Patobulinkite savo perkrovimo \u012frang\u0105 su \u0161iuo universaliu \u012franki\u0173 laikikliu! (\u012erankiai nepridedami)<\/p>\n<\/div>\n","protected":false},"excerpt":{"rendered":"<p>Universalus prie preso tvirtinamas laikiklis, skirtas \u0161ovini\u0173 pildymo \u012frankiams ir dalims.<\/p>\n","protected":false},"featured_media":26574,"template":"","meta":{"_acf_changed":false},"product_brand":[11275],"product_cat":[13737,13691],"product_tag":[],"class_list":{"0":"post-45091","1":"product","2":"type-product","3":"status-publish","4":"has-post-thumbnail","6":"product_brand-doublealpha","7":"product_cat-perkrovimas","8":"product_cat-perkrovimo-priedai","10":"first","11":"outofstock","12":"taxable","13":"shipping-taxable","14":"purchasable","15":"product-type-simple"},"acf":[],"_links":{"self":[{"href":"https:\/\/staging.nbg.eu\/lt\/wp-json\/wp\/v2\/product\/45091","targetHints":{"allow":["GET"]}}],"collection":[{"href":"https:\/\/staging.nbg.eu\/lt\/wp-json\/wp\/v2\/product"}],"about":[{"href":"https:\/\/staging.nbg.eu\/lt\/wp-json\/wp\/v2\/types\/product"}],"wp:featuredmedia":[{"embeddable":true,"href":"https:\/\/staging.nbg.eu\/lt\/wp-json\/wp\/v2\/media\/26574"}],"wp:attachment":[{"href":"https:\/\/staging.nbg.eu\/lt\/wp-json\/wp\/v2\/media?parent=45091"}],"wp:term":[{"taxonomy":"product_brand","embeddable":true,"href":"https:\/\/staging.nbg.eu\/lt\/wp-json\/wp\/v2\/product_brand?post=45091"},{"taxonomy":"product_cat","embeddable":true,"href":"https:\/\/staging.nbg.eu\/lt\/wp-json\/wp\/v2\/product_cat?post=45091"},{"taxonomy":"product_tag","embeddable":true,"href":"https:\/\/staging.nbg.eu\/lt\/wp-json\/wp\/v2\/product_tag?post=45091"}],"curies":[{"name":"wp","href":"https:\/\/api.w.org\/{rel}","templated":true}]}}