{"id":45069,"date":"2024-08-18T09:28:37","date_gmt":"2024-08-18T09:28:37","guid":{"rendered":"https:\/\/staging.nbg.eu\/product\/lynx-belt-steel-mini-punch-tool\/"},"modified":"2024-09-10T12:25:59","modified_gmt":"2024-09-10T12:25:59","slug":"lynx-dirzas-plieno-mini-kalimo-irankis","status":"publish","type":"product","link":"https:\/\/staging.nbg.eu\/lt\/produktas\/lynx-dirzas-plieno-mini-kalimo-irankis\/","title":{"rendered":"Lynx dir\u017eas: Plieno mini kalimo \u012frankis"},"content":{"rendered":"<p>\u201eLynx Belt: Steel Mini Punch Tool&#8221; yra kompakti\u0161kas, pagal u\u017esakym\u0105 pagamintas plieninis i\u0161mu\u0161iklis, skirtas greitam ir lengvam ritinini\u0173 kai\u0161\u010di\u0173 pa\u0161alinimui. Puikiai tinka dir\u017eo grand\u017ei\u0173 reguliavimui, \u0161is lengvas \u012frankis yra 70 mm ilgio, jo galvut\u0117s skersmuo 6 mm, o koto skersmuo 2,5 mm. Idealiai tinka j\u016bs\u0173 \u0161audyklos \u012franki\u0173 rinkiniui.<\/p>\n","protected":false},"excerpt":{"rendered":"<p>Kompakti\u0161kas plieninis \u012frankis greitam ir lengvam dir\u017eo grand\u017ei\u0173 reguliavimui.<\/p>\n","protected":false},"featured_media":26712,"template":"","meta":{"_acf_changed":false},"product_brand":[11275],"product_cat":[13708,13711],"product_tag":[],"class_list":{"0":"post-45069","1":"product","2":"type-product","3":"status-publish","4":"has-post-thumbnail","6":"product_brand-doublealpha","7":"product_cat-iranga","8":"product_cat-sportiniai-dirzai","10":"first","11":"instock","12":"taxable","13":"shipping-taxable","14":"purchasable","15":"product-type-simple"},"acf":[],"_links":{"self":[{"href":"https:\/\/staging.nbg.eu\/lt\/wp-json\/wp\/v2\/product\/45069","targetHints":{"allow":["GET"]}}],"collection":[{"href":"https:\/\/staging.nbg.eu\/lt\/wp-json\/wp\/v2\/product"}],"about":[{"href":"https:\/\/staging.nbg.eu\/lt\/wp-json\/wp\/v2\/types\/product"}],"wp:featuredmedia":[{"embeddable":true,"href":"https:\/\/staging.nbg.eu\/lt\/wp-json\/wp\/v2\/media\/26712"}],"wp:attachment":[{"href":"https:\/\/staging.nbg.eu\/lt\/wp-json\/wp\/v2\/media?parent=45069"}],"wp:term":[{"taxonomy":"product_brand","embeddable":true,"href":"https:\/\/staging.nbg.eu\/lt\/wp-json\/wp\/v2\/product_brand?post=45069"},{"taxonomy":"product_cat","embeddable":true,"href":"https:\/\/staging.nbg.eu\/lt\/wp-json\/wp\/v2\/product_cat?post=45069"},{"taxonomy":"product_tag","embeddable":true,"href":"https:\/\/staging.nbg.eu\/lt\/wp-json\/wp\/v2\/product_tag?post=45069"}],"curies":[{"name":"wp","href":"https:\/\/api.w.org\/{rel}","templated":true}]}}