{"id":45047,"date":"2024-08-18T09:29:43","date_gmt":"2024-08-18T09:29:43","guid":{"rendered":"https:\/\/staging.nbg.eu\/product\/daa-primer-tube-cap-5-pack\/"},"modified":"2024-09-10T12:24:01","modified_gmt":"2024-09-10T12:24:01","slug":"daa-kapsuliu-vamzdelio-dangtelis-5-vnt-pakuote","status":"publish","type":"product","link":"https:\/\/staging.nbg.eu\/lt\/produktas\/daa-kapsuliu-vamzdelio-dangtelis-5-vnt-pakuote\/","title":{"rendered":"Daa kapsuli\u0173 vamzdelio dangtelis, 5 vnt. pakuot\u0117"},"content":{"rendered":"<p>\n<strong>DAA kapsuli\u0173 vamzdelio dangtelis, 5 vnt. pakuot\u0117<\/strong><br \/>\nSpecial\u016bs silikonin\u0117s gumos dangteliai 8 mm kapsuli\u0173 vamzdeliams. Apsaugo nuo i\u0161siliejimo naudojant greito u\u017epildymo \u012frenginius. Paprasta naudoti: u\u017emaukite ir pad\u0117kite plok\u0161\u010diai. Daugiau jokios netvarkos su kapsul\u0117mis!<\/p>\n<ul>\n<li>Tinka daugumai u\u017etaisymo vamzdeli\u0173<\/li>\n<li>Suderinamas su DAA Primer-Pro ir kitais u\u017epildymo \u012frenginiais<\/li>\n<li>Spalva: Raudona<\/li>\n<li>5 vnt. pakuot\u0117<\/li>\n<\/ul>\n<p>Apsaugokite savo kapsules \u0161iais patogiais dangteliais!<\/p>\n","protected":false},"excerpt":{"rendered":"<p>Saug\u016bs 8 mm pradmen\u0173 vamzdeliai su lengvai u\u017ededamais, nuo i\u0161siliejimo apsaugan\u010diais silikoniniais dangteliais.<\/p>\n","protected":false},"featured_media":26735,"template":"","meta":{"_acf_changed":false},"product_brand":[11275],"product_cat":[13737,13691],"product_tag":[],"class_list":{"0":"post-45047","1":"product","2":"type-product","3":"status-publish","4":"has-post-thumbnail","6":"product_brand-doublealpha","7":"product_cat-perkrovimas","8":"product_cat-perkrovimo-priedai","10":"first","11":"outofstock","12":"taxable","13":"shipping-taxable","14":"purchasable","15":"product-type-simple"},"acf":[],"_links":{"self":[{"href":"https:\/\/staging.nbg.eu\/lt\/wp-json\/wp\/v2\/product\/45047","targetHints":{"allow":["GET"]}}],"collection":[{"href":"https:\/\/staging.nbg.eu\/lt\/wp-json\/wp\/v2\/product"}],"about":[{"href":"https:\/\/staging.nbg.eu\/lt\/wp-json\/wp\/v2\/types\/product"}],"wp:featuredmedia":[{"embeddable":true,"href":"https:\/\/staging.nbg.eu\/lt\/wp-json\/wp\/v2\/media\/26735"}],"wp:attachment":[{"href":"https:\/\/staging.nbg.eu\/lt\/wp-json\/wp\/v2\/media?parent=45047"}],"wp:term":[{"taxonomy":"product_brand","embeddable":true,"href":"https:\/\/staging.nbg.eu\/lt\/wp-json\/wp\/v2\/product_brand?post=45047"},{"taxonomy":"product_cat","embeddable":true,"href":"https:\/\/staging.nbg.eu\/lt\/wp-json\/wp\/v2\/product_cat?post=45047"},{"taxonomy":"product_tag","embeddable":true,"href":"https:\/\/staging.nbg.eu\/lt\/wp-json\/wp\/v2\/product_tag?post=45047"}],"curies":[{"name":"wp","href":"https:\/\/api.w.org\/{rel}","templated":true}]}}