{"id":45025,"date":"2024-08-18T09:29:56","date_gmt":"2024-09-10T12:18:14","guid":{"rendered":"https:\/\/staging.nbg.eu\/product\/buckle-kit-lynx\/"},"modified":"2024-09-10T12:18:56","modified_gmt":"2024-09-10T12:18:56","slug":"sagties-rinkinys-lynx","status":"publish","type":"product","link":"https:\/\/staging.nbg.eu\/lt\/produktas\/sagties-rinkinys-lynx\/","title":{"rendered":"Sagties rinkinys &#8211; Lynx"},"content":{"rendered":"<div class=\"product-description\">\n<h2>Sagties rinkinys &#8211; Lynx<\/h2>\n<p>Atnaujinkite savo Lynx dir\u017e\u0105 su m\u016bs\u0173 paruo\u0161tu naudojimui sagties rinkiniu! \u0160iame i\u0161samiame pakete rasite:<\/p>\n<ul>\n<li>Pilnai surinkt\u0105 Lynx sagt\u012f<\/li>\n<li>Lynx dir\u017eo gal\u0105<\/li>\n<li>50 sukimo kai\u0161\u010di\u0173 dir\u017eo surinkimui<\/li>\n<li>Atsargin\u012f silikonin\u012f O formos \u017eied\u0105<\/li>\n<li>Specialiai sukurt\u0105 plienin\u012f mini skylmu\u0161\u012f<\/li>\n<\/ul>\n<p>Tiesiog pritvirtinkite i\u0161 anksto surinkt\u0105 sagt\u012f prie savo Lynx dir\u017eo ir i\u0161kart naudokite. M\u016bs\u0173 rinkinys suteikia visk\u0105, ko reikia greitam ir paprastam dir\u017eo atnaujinimui.<\/p>\n<\/div>\n","protected":false},"excerpt":{"rendered":"<p>Paruo\u0161tas naudoti &#8222;Lynx&#8221; sagties komplektas su \u012frankiais paprastam dir\u017eo surinkimui.<\/p>\n","protected":false},"featured_media":26781,"template":"","meta":{"_acf_changed":false},"product_brand":[11275],"product_cat":[13708,13711],"product_tag":[],"class_list":{"0":"post-45025","1":"product","2":"type-product","3":"status-publish","4":"has-post-thumbnail","6":"product_brand-doublealpha","7":"product_cat-iranga","8":"product_cat-sportiniai-dirzai","10":"first","11":"instock","12":"taxable","13":"shipping-taxable","14":"purchasable","15":"product-type-simple"},"acf":[],"_links":{"self":[{"href":"https:\/\/staging.nbg.eu\/lt\/wp-json\/wp\/v2\/product\/45025","targetHints":{"allow":["GET"]}}],"collection":[{"href":"https:\/\/staging.nbg.eu\/lt\/wp-json\/wp\/v2\/product"}],"about":[{"href":"https:\/\/staging.nbg.eu\/lt\/wp-json\/wp\/v2\/types\/product"}],"wp:featuredmedia":[{"embeddable":true,"href":"https:\/\/staging.nbg.eu\/lt\/wp-json\/wp\/v2\/media\/26781"}],"wp:attachment":[{"href":"https:\/\/staging.nbg.eu\/lt\/wp-json\/wp\/v2\/media?parent=45025"}],"wp:term":[{"taxonomy":"product_brand","embeddable":true,"href":"https:\/\/staging.nbg.eu\/lt\/wp-json\/wp\/v2\/product_brand?post=45025"},{"taxonomy":"product_cat","embeddable":true,"href":"https:\/\/staging.nbg.eu\/lt\/wp-json\/wp\/v2\/product_cat?post=45025"},{"taxonomy":"product_tag","embeddable":true,"href":"https:\/\/staging.nbg.eu\/lt\/wp-json\/wp\/v2\/product_tag?post=45025"}],"curies":[{"name":"wp","href":"https:\/\/api.w.org\/{rel}","templated":true}]}}