{"id":45003,"date":"2024-08-18T09:30:21","date_gmt":"2024-08-18T09:30:21","guid":{"rendered":"https:\/\/staging.nbg.eu\/product\/lynx-belt-ratchet-buckle\/"},"modified":"2024-09-10T12:03:09","modified_gmt":"2024-09-10T12:03:09","slug":"lynx-dirzo-rascio-sagtis","status":"publish","type":"product","link":"https:\/\/staging.nbg.eu\/lt\/produktas\/lynx-dirzo-rascio-sagtis\/","title":{"rendered":"Lynx dir\u017eo r\u0105s\u010dio sagtis"},"content":{"rendered":"<div class=\"product-description\">\n<h2>DAA Lynx dir\u017eo fiksavimo sagtis<\/h2>\n<p>Patobulinkite savo \u0161audymo \u012frang\u0105 su DAA Lynx dir\u017eo fiksavimo sagties sistema. \u0160i inovatyvi sagtis si\u016blo:<\/p>\n<ul>\n<li>Didesn\u012f ilgio reguliavim\u0105 lengvam drabu\u017ei\u0173 kompensavimui<\/li>\n<li>Greit\u0105 atlaisvinim\u0105 ir priver\u017eim\u0105 tarp etap\u0173<\/li>\n<li>Patvari\u0105 plieno ir aliuminio konstrukcij\u0105<\/li>\n<li>23 mm plo\u010dio gumin\u012f dir\u017eel\u012f su 16 cm reguliavimo diapazonu<\/li>\n<li>Dvi i\u0161 anksto i\u0161gr\u0119\u017etas juodas jungtis su plieniniais srieginiais \u012fd\u0117klais<\/li>\n<\/ul>\n<p>Rekomenduojama vieta: priekyje, tarp d\u0117klo ir pirmos ki\u0161en\u0117s. Jei pageidaujama, dir\u017eel\u012f galima sutrumpinti ir pakeisti sagties krypt\u012f. Pagerinkite savo \u0161audymo patirt\u012f su didesniu patogumu ir funkcionalumu!<\/p>\n<\/div>\n","protected":false},"excerpt":{"rendered":"<p>Spragtukin\u0117 sagtis lengvam dir\u017eo reguliavimui ir greitam priver\u017eimui.<\/p>\n","protected":false},"featured_media":26873,"template":"","meta":{"_acf_changed":false},"product_brand":[11275],"product_cat":[13708,13711],"product_tag":[],"class_list":{"0":"post-45003","1":"product","2":"type-product","3":"status-publish","4":"has-post-thumbnail","6":"product_brand-doublealpha","7":"product_cat-iranga","8":"product_cat-sportiniai-dirzai","10":"first","11":"instock","12":"taxable","13":"shipping-taxable","14":"purchasable","15":"product-type-simple"},"acf":[],"_links":{"self":[{"href":"https:\/\/staging.nbg.eu\/lt\/wp-json\/wp\/v2\/product\/45003","targetHints":{"allow":["GET"]}}],"collection":[{"href":"https:\/\/staging.nbg.eu\/lt\/wp-json\/wp\/v2\/product"}],"about":[{"href":"https:\/\/staging.nbg.eu\/lt\/wp-json\/wp\/v2\/types\/product"}],"wp:featuredmedia":[{"embeddable":true,"href":"https:\/\/staging.nbg.eu\/lt\/wp-json\/wp\/v2\/media\/26873"}],"wp:attachment":[{"href":"https:\/\/staging.nbg.eu\/lt\/wp-json\/wp\/v2\/media?parent=45003"}],"wp:term":[{"taxonomy":"product_brand","embeddable":true,"href":"https:\/\/staging.nbg.eu\/lt\/wp-json\/wp\/v2\/product_brand?post=45003"},{"taxonomy":"product_cat","embeddable":true,"href":"https:\/\/staging.nbg.eu\/lt\/wp-json\/wp\/v2\/product_cat?post=45003"},{"taxonomy":"product_tag","embeddable":true,"href":"https:\/\/staging.nbg.eu\/lt\/wp-json\/wp\/v2\/product_tag?post=45003"}],"curies":[{"name":"wp","href":"https:\/\/api.w.org\/{rel}","templated":true}]}}