{"id":44981,"date":"2024-08-18T09:31:04","date_gmt":"2024-08-18T09:31:04","guid":{"rendered":"https:\/\/staging.nbg.eu\/product\/daa-1-die-box-end-wrench\/"},"modified":"2024-09-10T11:56:38","modified_gmt":"2024-09-10T11:56:38","slug":"daa-1-matrica-dezutes-galo-raktas","status":"publish","type":"product","link":"https:\/\/staging.nbg.eu\/lt\/produktas\/daa-1-matrica-dezutes-galo-raktas\/","title":{"rendered":"Daa 1&#8243; matrica, d\u0117\u017eut\u0117s galo raktas"},"content":{"rendered":"<div class=\"product-description\">\n<h2>DAA 1&#8243; Ver\u017eliaraktis su u\u017edaru galu<\/h2>\n<p>Puikus sprendimas perkrov\u0117jams, susiduriantiems su \u0161tamp\u0173 reguliavimo sunkumais ank\u0161tose \u012franki\u0173 galvut\u0117se. \u0160is pagal u\u017esakym\u0105 pagamintas, lazeriu i\u0161pjautas ner\u016bdijan\u010dio plieno ver\u017eliaraktis pasi\u017eymi:<\/p>\n<ul>\n<li>Plonasien\u0117 konstrukcija, leid\u017eianti lengvai prieiti tarp \u0161tamp\u0173<\/li>\n<li>Kelios \u017eiotys optimaliam pozicionavimui<\/li>\n<li>Patvari konstrukcija, skirta naudoti vis\u0105 gyvenim\u0105<\/li>\n<li>Tiksliai suprojektuotas 1&#8243; ver\u017el\u0117ms<\/li>\n<\/ul>\n<p>Patobulinkite savo perkrovimo \u012frang\u0105 \u0161iuo b\u016btinu \u012frankiu, sukurtu greitam ir lengvam \u0161tamp\u0173 reguliavimui. Suderinamas su standartin\u0117mis 1&#8243; \u0161tamp\u0173 ver\u017el\u0117mis, u\u017etikrinant maksimal\u0173 universalum\u0105 ir patogum\u0105.<\/p>\n<\/div>\n","protected":false},"excerpt":{"rendered":"<p>DAA 1 colio matric\u0173 ver\u017eliaraktis: Plonas, tvirtas, universalus. Lengvas pri\u0117jimas \u0161ovini\u0173 u\u017etaisytojams.<\/p>\n","protected":false},"featured_media":27011,"template":"","meta":{"_acf_changed":false},"product_brand":[11275],"product_cat":[13737,13691],"product_tag":[],"class_list":{"0":"post-44981","1":"product","2":"type-product","3":"status-publish","4":"has-post-thumbnail","6":"product_brand-doublealpha","7":"product_cat-perkrovimas","8":"product_cat-perkrovimo-priedai","10":"first","11":"outofstock","12":"taxable","13":"shipping-taxable","14":"purchasable","15":"product-type-simple"},"acf":[],"_links":{"self":[{"href":"https:\/\/staging.nbg.eu\/lt\/wp-json\/wp\/v2\/product\/44981","targetHints":{"allow":["GET"]}}],"collection":[{"href":"https:\/\/staging.nbg.eu\/lt\/wp-json\/wp\/v2\/product"}],"about":[{"href":"https:\/\/staging.nbg.eu\/lt\/wp-json\/wp\/v2\/types\/product"}],"wp:featuredmedia":[{"embeddable":true,"href":"https:\/\/staging.nbg.eu\/lt\/wp-json\/wp\/v2\/media\/27011"}],"wp:attachment":[{"href":"https:\/\/staging.nbg.eu\/lt\/wp-json\/wp\/v2\/media?parent=44981"}],"wp:term":[{"taxonomy":"product_brand","embeddable":true,"href":"https:\/\/staging.nbg.eu\/lt\/wp-json\/wp\/v2\/product_brand?post=44981"},{"taxonomy":"product_cat","embeddable":true,"href":"https:\/\/staging.nbg.eu\/lt\/wp-json\/wp\/v2\/product_cat?post=44981"},{"taxonomy":"product_tag","embeddable":true,"href":"https:\/\/staging.nbg.eu\/lt\/wp-json\/wp\/v2\/product_tag?post=44981"}],"curies":[{"name":"wp","href":"https:\/\/api.w.org\/{rel}","templated":true}]}}