{"id":44959,"date":"2024-08-18T09:31:20","date_gmt":"2024-08-18T09:31:20","guid":{"rendered":"https:\/\/staging.nbg.eu\/product\/dillon-daa-click-adjustable-powder-knob-v2\/"},"modified":"2024-09-10T11:51:05","modified_gmt":"2024-09-10T11:51:05","slug":"dillon-daa-spustelejimu-reguliuojamas-milteliu-rankenele-v2","status":"publish","type":"product","link":"https:\/\/staging.nbg.eu\/lt\/produktas\/dillon-daa-spustelejimu-reguliuojamas-milteliu-rankenele-v2\/","title":{"rendered":"Dillon &#8211; Daa spustel\u0117jimu reguliuojamas milteli\u0173 ranken\u0117l\u0117 V2"},"content":{"rendered":"<div class=\"product-description\">\n<h2>Dillon &#8211; DAA Spragtel\u0117jimu Reguliuojama Parako Ranken\u0117l\u0117 V2<\/h2>\n<p>Patobulinkite savo pakrovimo patirt\u012f su DAA Spragtel\u0117jimu Reguliuojama Parako Ranken\u0117le V2, patobulinta antrosios kartos DAA pasi\u016bla. \u0160i\u0105 precizi\u0161kai sukonstruot\u0105 ranken\u0117l\u0119 sudaro:<\/p>\n<ul>\n<li>Dviej\u0173 dali\u0173 aliuminio konstrukcija lengvam surinkimui<\/li>\n<li>32 mm apvali, mechani\u0161kai apdirbta aliuminio ranken\u0117l\u0117 su lazeriu i\u0161graviruotais \u017eenklais<\/li>\n<li>Riev\u0117tas i\u0161orinis kra\u0161tas geresniam sukibimui ir valdymui<\/li>\n<li>Girdimi spragtel\u0117jimai tiksliam 18 laipsni\u0173 reguliavimui<\/li>\n<li>20 spragtel\u0117jim\u0173 per vien\u0105 apsisukim\u0105 tiksliam parako \u012fkrovos valdymui<\/li>\n<li>Lazeriu i\u0161graviruota skal\u0117, rodanti \u012fkrovos didinim\u0105\/ma\u017einim\u0105<\/li>\n<li>Suderinama su ma\u017eomis Dillon \u012fkrovos juostomis (netinka didel\u0117ms \u0161autuv\u0173 \u012fkrovos juostoms)<\/li>\n<\/ul>\n<p>Lengvai \u012fdiekite ir reguliuokite savo parako \u012fkrovas su \u0161ia elegant\u0161ka, funkcionalia ir naudotojui patogia ranken\u0117le. Patobulinkite savo pakrovimo \u012frang\u0105 jau \u0161iandien!<\/p>\n<\/div>\n","protected":false},"excerpt":{"rendered":"<p>Tikslus, lengvai naudojamas parako kiekio reguliavimas Dillon presams.<\/p>\n","protected":false},"featured_media":27057,"template":"","meta":{"_acf_changed":false},"product_brand":[11275],"product_cat":[13737,13691],"product_tag":[],"class_list":{"0":"post-44959","1":"product","2":"type-product","3":"status-publish","4":"has-post-thumbnail","6":"product_brand-doublealpha","7":"product_cat-perkrovimas","8":"product_cat-perkrovimo-priedai","10":"first","11":"outofstock","12":"taxable","13":"shipping-taxable","14":"purchasable","15":"product-type-simple"},"acf":[],"_links":{"self":[{"href":"https:\/\/staging.nbg.eu\/lt\/wp-json\/wp\/v2\/product\/44959","targetHints":{"allow":["GET"]}}],"collection":[{"href":"https:\/\/staging.nbg.eu\/lt\/wp-json\/wp\/v2\/product"}],"about":[{"href":"https:\/\/staging.nbg.eu\/lt\/wp-json\/wp\/v2\/types\/product"}],"wp:featuredmedia":[{"embeddable":true,"href":"https:\/\/staging.nbg.eu\/lt\/wp-json\/wp\/v2\/media\/27057"}],"wp:attachment":[{"href":"https:\/\/staging.nbg.eu\/lt\/wp-json\/wp\/v2\/media?parent=44959"}],"wp:term":[{"taxonomy":"product_brand","embeddable":true,"href":"https:\/\/staging.nbg.eu\/lt\/wp-json\/wp\/v2\/product_brand?post=44959"},{"taxonomy":"product_cat","embeddable":true,"href":"https:\/\/staging.nbg.eu\/lt\/wp-json\/wp\/v2\/product_cat?post=44959"},{"taxonomy":"product_tag","embeddable":true,"href":"https:\/\/staging.nbg.eu\/lt\/wp-json\/wp\/v2\/product_tag?post=44959"}],"curies":[{"name":"wp","href":"https:\/\/api.w.org\/{rel}","templated":true}]}}