{"id":44937,"date":"2024-08-18T09:31:43","date_gmt":"2024-08-18T09:31:43","guid":{"rendered":"https:\/\/staging.nbg.eu\/product\/daa-reloading-hex-key-set\/"},"modified":"2024-09-10T11:35:51","modified_gmt":"2024-09-10T11:35:51","slug":"daa-perkrovimo-sesiakampiu-raktu-rinkinys","status":"publish","type":"product","link":"https:\/\/staging.nbg.eu\/lt\/produktas\/daa-perkrovimo-sesiakampiu-raktu-rinkinys\/","title":{"rendered":"# Daa perkrovimo \u0161e\u0161iakampi\u0173 rakt\u0173 rinkinys"},"content":{"rendered":"<p>Patobulinkite savo \u0161ovini\u0173 u\u017etaisymo patirt\u012f su DAA \u0161e\u0161iakampi\u0173 rakt\u0173 rinkiniu. \u0160is 7 dali\u0173 ilg\u0173, rutulio formos galvu\u010di\u0173 Allen rakt\u0173 rinkinys pasi\u017eymi:<\/p>\n<ul>\n<li>Auk\u0161\u010diausios kokyb\u0117s konstrukcija<\/li>\n<li>Ry\u0161kiai raudonais viniliniais pe\u010diais geresniam matomumui<\/li>\n<li>Puikiai tinka Dillon ir kitoms JAV gamybos presams<\/li>\n<li>Dyd\u017eiai: 5\/64&#8243;, 3\/32&#8243;, 1\/8&#8243;, 9\/64&#8243;, 5\/32&#8243;, 3\/16&#8243;, 1\/4&#8243;<\/li>\n<\/ul>\n<p>Idealus papildinys DAA \u0161ovini\u0173 u\u017etaisymo preso \u012franki\u0173 laikikliui.<\/p>\n","protected":false},"excerpt":{"rendered":"<p>7 dali\u0173 \u0161e\u0161iakampi\u0173 rakt\u0173 su rutuline galvute rinkinys JAV \u0161ovini\u0173 u\u017etaisymo presams. Raudonas vinilinis.<\/p>\n","protected":false},"featured_media":27149,"template":"","meta":{"_acf_changed":false},"product_brand":[11275],"product_cat":[13737,13691],"product_tag":[],"class_list":{"0":"post-44937","1":"product","2":"type-product","3":"status-publish","4":"has-post-thumbnail","6":"product_brand-doublealpha","7":"product_cat-perkrovimas","8":"product_cat-perkrovimo-priedai","10":"first","11":"outofstock","12":"taxable","13":"shipping-taxable","14":"purchasable","15":"product-type-simple"},"acf":[],"_links":{"self":[{"href":"https:\/\/staging.nbg.eu\/lt\/wp-json\/wp\/v2\/product\/44937","targetHints":{"allow":["GET"]}}],"collection":[{"href":"https:\/\/staging.nbg.eu\/lt\/wp-json\/wp\/v2\/product"}],"about":[{"href":"https:\/\/staging.nbg.eu\/lt\/wp-json\/wp\/v2\/types\/product"}],"wp:featuredmedia":[{"embeddable":true,"href":"https:\/\/staging.nbg.eu\/lt\/wp-json\/wp\/v2\/media\/27149"}],"wp:attachment":[{"href":"https:\/\/staging.nbg.eu\/lt\/wp-json\/wp\/v2\/media?parent=44937"}],"wp:term":[{"taxonomy":"product_brand","embeddable":true,"href":"https:\/\/staging.nbg.eu\/lt\/wp-json\/wp\/v2\/product_brand?post=44937"},{"taxonomy":"product_cat","embeddable":true,"href":"https:\/\/staging.nbg.eu\/lt\/wp-json\/wp\/v2\/product_cat?post=44937"},{"taxonomy":"product_tag","embeddable":true,"href":"https:\/\/staging.nbg.eu\/lt\/wp-json\/wp\/v2\/product_tag?post=44937"}],"curies":[{"name":"wp","href":"https:\/\/api.w.org\/{rel}","templated":true}]}}