{"id":44915,"date":"2024-08-18T09:32:43","date_gmt":"2024-08-18T09:32:43","guid":{"rendered":"https:\/\/staging.nbg.eu\/product\/daa-toolhead-led-lighting-controller-unit\/"},"modified":"2024-09-10T11:30:54","modified_gmt":"2024-09-10T11:30:54","slug":"daa-irankiu-galvutes-led-apsvietimo-valdymo-blokas","status":"publish","type":"product","link":"https:\/\/staging.nbg.eu\/lt\/produktas\/daa-irankiu-galvutes-led-apsvietimo-valdymo-blokas\/","title":{"rendered":"Daa irankiu galvutes LED apsvietimo valdymo blokas"},"content":{"rendered":"<h2>DAA \u012franki\u0173 galvut\u0117s LED ap\u0161vietimo valdymo blokas<\/h2>\n<p>Ap\u0161vieskite savo darbo viet\u0105 su tikslumu! \u0160is universalus valdiklis maitina visas DAA LED \u012franki\u0173 galvut\u0117s \u0161viesas, nuo 4 LED plok\u0161\u010di\u0173 iki 10 LED Mark7 plok\u0161\u010di\u0173. Ypatyb\u0117s:<\/p>\n<ul>\n<li>I\u0161manioji elektronika automatiniam plok\u0161t\u0117s atpa\u017einimui<\/li>\n<li>Kompakti\u0161kas dizainas su ritininiu \u012fjungimo\/i\u0161jungimo jungikliu ir ry\u0161kumo reguliatoriumi<\/li>\n<li>30 cm jungiamasis kabelis<\/li>\n<li>Lipni juostel\u0117 lengvam montavimui<\/li>\n<li>110\/220V maitinimo \u0161altinis su 2M laidu ir JAV\/ES ki\u0161tukais<\/li>\n<\/ul>\n<p>Optimizuokite savo ap\u0161vietimo sistem\u0105 su \u0161iuo b\u016btinu priedu!<\/p>\n","protected":false},"excerpt":{"rendered":"<p>Universalus LED valdiklis su \u0161viesos reguliatoriumi ap\u0161vietimui prie \u0161ovini\u0173 u\u017etaisymo \u012frangos.<\/p>\n","protected":false},"featured_media":27195,"template":"","meta":{"_acf_changed":false},"product_brand":[11275],"product_cat":[13737,13691],"product_tag":[],"class_list":{"0":"post-44915","1":"product","2":"type-product","3":"status-publish","4":"has-post-thumbnail","6":"product_brand-doublealpha","7":"product_cat-perkrovimas","8":"product_cat-perkrovimo-priedai","10":"first","11":"outofstock","12":"taxable","13":"shipping-taxable","14":"purchasable","15":"product-type-simple"},"acf":[],"_links":{"self":[{"href":"https:\/\/staging.nbg.eu\/lt\/wp-json\/wp\/v2\/product\/44915","targetHints":{"allow":["GET"]}}],"collection":[{"href":"https:\/\/staging.nbg.eu\/lt\/wp-json\/wp\/v2\/product"}],"about":[{"href":"https:\/\/staging.nbg.eu\/lt\/wp-json\/wp\/v2\/types\/product"}],"wp:featuredmedia":[{"embeddable":true,"href":"https:\/\/staging.nbg.eu\/lt\/wp-json\/wp\/v2\/media\/27195"}],"wp:attachment":[{"href":"https:\/\/staging.nbg.eu\/lt\/wp-json\/wp\/v2\/media?parent=44915"}],"wp:term":[{"taxonomy":"product_brand","embeddable":true,"href":"https:\/\/staging.nbg.eu\/lt\/wp-json\/wp\/v2\/product_brand?post=44915"},{"taxonomy":"product_cat","embeddable":true,"href":"https:\/\/staging.nbg.eu\/lt\/wp-json\/wp\/v2\/product_cat?post=44915"},{"taxonomy":"product_tag","embeddable":true,"href":"https:\/\/staging.nbg.eu\/lt\/wp-json\/wp\/v2\/product_tag?post=44915"}],"curies":[{"name":"wp","href":"https:\/\/api.w.org\/{rel}","templated":true}]}}