{"id":44893,"date":"2024-08-18T09:33:06","date_gmt":"2024-08-18T09:33:06","guid":{"rendered":"https:\/\/staging.nbg.eu\/product\/daa-hard-case-medium-300\/"},"modified":"2024-09-10T11:26:59","modified_gmt":"2024-09-10T11:26:59","slug":"daa-kietasis-deklas-vidutinis-300","status":"publish","type":"product","link":"https:\/\/staging.nbg.eu\/lt\/produktas\/daa-kietasis-deklas-vidutinis-300\/","title":{"rendered":"Daa kietasis deklas vidutinis &#8211; 300"},"content":{"rendered":"<div class=\"product-description\">\n<h2>DAA vidutinio dyd\u017eio kietasis d\u0117klas &#8211; 300<\/h2>\n<p>IP67 sertifikuotas DAA vidutinio dyd\u017eio kietasis d\u0117klas-300 suteikia neprilygstam\u0105 apsaug\u0105 j\u016bs\u0173 \u0161aunamiesiems ginklams ir vertingai \u012frangai. Sukurtas ilgaam\u017ei\u0161kumui ir patikimumui, \u0161is d\u0117klas puikiai tinka \u012fvairiems tikslams, \u012fskaitant j\u016brininkyst\u0119, fotografij\u0105, med\u017eiokl\u0119 ir kt.<\/p>\n<h3>Pagrindin\u0117s savyb\u0117s:<\/h3>\n<ul>\n<li>Vandeniui atsparus sandariklis ir automatinis sl\u0117gio i\u0161leidimo vo\u017etuvas<\/li>\n<li>Dvigubi u\u017eraktai ir spynos skylut\u0117s saugumui u\u017etikrinti<\/li>\n<li>Kraunama tarpusavyje susijungianti sistema<\/li>\n<li>Pick N Pluck putplas\u010dio vidus pritaikytai apsaugai<\/li>\n<li>Galima \u012fsigyti juodos arba oran\u017ein\u0117s spalvos<\/li>\n<\/ul>\n<h3>Specifikacijos:<\/h3>\n<ul>\n<li>I\u0161oriniai matmenys: 336 x 300 x 148 mm<\/li>\n<li>Vidiniai matmenys: 300 x 225 x 132 mm<\/li>\n<li>Svoris: 1,75 kg<\/li>\n<\/ul>\n<p>Idealiai tinkamas \u0161aunam\u0173j\u0173 ginkl\u0173 transportavimui, DAA vidutinio dyd\u017eio kietasis d\u0117klas-300 u\u017etikrina, kad j\u016bs\u0173 vertinga \u012franga i\u0161liks saugi bet kokioje aplinkoje.<\/p>\n<\/div>\n","protected":false},"excerpt":{"rendered":"<p>Patvarus IP67 d\u0117klas \u0161aunamiesiems ginklams. Atsparus vandeniui, dulk\u0117ms ir sm\u016bgiams.<\/p>\n","protected":false},"featured_media":27218,"template":"","meta":{"_acf_changed":false},"product_brand":[11275],"product_cat":[13708,13730],"product_tag":[],"class_list":{"0":"post-44893","1":"product","2":"type-product","3":"status-publish","4":"has-post-thumbnail","6":"product_brand-doublealpha","7":"product_cat-iranga","8":"product_cat-nesimo-deklai","10":"first","11":"outofstock","12":"taxable","13":"shipping-taxable","14":"purchasable","15":"product-type-simple"},"acf":[],"_links":{"self":[{"href":"https:\/\/staging.nbg.eu\/lt\/wp-json\/wp\/v2\/product\/44893","targetHints":{"allow":["GET"]}}],"collection":[{"href":"https:\/\/staging.nbg.eu\/lt\/wp-json\/wp\/v2\/product"}],"about":[{"href":"https:\/\/staging.nbg.eu\/lt\/wp-json\/wp\/v2\/types\/product"}],"wp:featuredmedia":[{"embeddable":true,"href":"https:\/\/staging.nbg.eu\/lt\/wp-json\/wp\/v2\/media\/27218"}],"wp:attachment":[{"href":"https:\/\/staging.nbg.eu\/lt\/wp-json\/wp\/v2\/media?parent=44893"}],"wp:term":[{"taxonomy":"product_brand","embeddable":true,"href":"https:\/\/staging.nbg.eu\/lt\/wp-json\/wp\/v2\/product_brand?post=44893"},{"taxonomy":"product_cat","embeddable":true,"href":"https:\/\/staging.nbg.eu\/lt\/wp-json\/wp\/v2\/product_cat?post=44893"},{"taxonomy":"product_tag","embeddable":true,"href":"https:\/\/staging.nbg.eu\/lt\/wp-json\/wp\/v2\/product_tag?post=44893"}],"curies":[{"name":"wp","href":"https:\/\/api.w.org\/{rel}","templated":true}]}}