{"id":44871,"date":"2024-08-18T09:33:23","date_gmt":"2024-08-18T09:33:23","guid":{"rendered":"https:\/\/staging.nbg.eu\/product\/daa-toolhead-led-lighting-pcb-dillon-1050-1100\/"},"modified":"2024-09-10T11:21:36","modified_gmt":"2024-09-10T11:21:36","slug":"daa-irankiu-galvutes-led-apsvietimo-plokste-dillon-10501100","status":"publish","type":"product","link":"https:\/\/staging.nbg.eu\/lt\/produktas\/daa-irankiu-galvutes-led-apsvietimo-plokste-dillon-10501100\/","title":{"rendered":"Daa irankiu galvutes LED apsvietimo plokste &#8211; Dillon 1050\/1100"},"content":{"rendered":"<h2>DAA \u012franki\u0173 galvut\u0117s LED ap\u0161vietimo PCB &#8211; Dillon 1050\/1100<\/h2>\n<p>Pagerinkite savo pakrovimo patirt\u012f su DAA \u012franki\u0173 galvut\u0117s LED ap\u0161vietimo PCB, skirta Dillon 1050\/1100. \u0160ioje auk\u0161tos kokyb\u0117s aliuminio PCB yra:<\/p>\n<ul>\n<li>8 ry\u0161kios LED lemput\u0117s, u\u017etikrinan\u010dios tobul\u0105 gilzi\u0173 plok\u0161tel\u0117s ap\u0161vietim\u0105<\/li>\n<li>Balta spalva geresniam \u0161viesos atspind\u0117jimui<\/li>\n<li>I\u0161 anksto pritvirtinta dvipus\u0117 lipni juosta lengvam montavimui<\/li>\n<li>Suderinama su DAA valdymo bloku (parduodama atskirai)<\/li>\n<li>\u0160viesos reguliavimo funkcija pritaikytam ap\u0161vietimui<\/li>\n<\/ul>\n<p>Suma\u017einkite aki\u0173 \u012ftamp\u0105 ir klaidas pakrovimo metu. Kompakti\u0161kas dizainas leid\u017eia ekonomi\u0161kai \u012frengti kelias \u012franki\u0173 galvutes. Suderinama su Dillon CP2000 \u012franki\u0173 galvute (4 stotis turi b\u016bti laisva). Patobulinkite savo pakrovimo stot\u012f jau \u0161iandien!<\/p>\n","protected":false},"excerpt":{"rendered":"<p>Ry\u0161kus LED ap\u0161vietimas skirtas Dillon 1050\/1100 \u0161ovini\u0173 u\u017etaisymui, pagerina matomum\u0105.<\/p>\n","protected":false},"featured_media":27241,"template":"","meta":{"_acf_changed":false},"product_brand":[11275],"product_cat":[13737,13691],"product_tag":[],"class_list":{"0":"post-44871","1":"product","2":"type-product","3":"status-publish","4":"has-post-thumbnail","6":"product_brand-doublealpha","7":"product_cat-perkrovimas","8":"product_cat-perkrovimo-priedai","10":"first","11":"outofstock","12":"taxable","13":"shipping-taxable","14":"purchasable","15":"product-type-simple"},"acf":[],"_links":{"self":[{"href":"https:\/\/staging.nbg.eu\/lt\/wp-json\/wp\/v2\/product\/44871","targetHints":{"allow":["GET"]}}],"collection":[{"href":"https:\/\/staging.nbg.eu\/lt\/wp-json\/wp\/v2\/product"}],"about":[{"href":"https:\/\/staging.nbg.eu\/lt\/wp-json\/wp\/v2\/types\/product"}],"wp:featuredmedia":[{"embeddable":true,"href":"https:\/\/staging.nbg.eu\/lt\/wp-json\/wp\/v2\/media\/27241"}],"wp:attachment":[{"href":"https:\/\/staging.nbg.eu\/lt\/wp-json\/wp\/v2\/media?parent=44871"}],"wp:term":[{"taxonomy":"product_brand","embeddable":true,"href":"https:\/\/staging.nbg.eu\/lt\/wp-json\/wp\/v2\/product_brand?post=44871"},{"taxonomy":"product_cat","embeddable":true,"href":"https:\/\/staging.nbg.eu\/lt\/wp-json\/wp\/v2\/product_cat?post=44871"},{"taxonomy":"product_tag","embeddable":true,"href":"https:\/\/staging.nbg.eu\/lt\/wp-json\/wp\/v2\/product_tag?post=44871"}],"curies":[{"name":"wp","href":"https:\/\/api.w.org\/{rel}","templated":true}]}}