{"id":44849,"date":"2024-08-18T09:33:44","date_gmt":"2024-08-18T09:33:44","guid":{"rendered":"https:\/\/staging.nbg.eu\/product\/pro-grip-lotion-2oz\/"},"modified":"2024-09-10T11:15:19","modified_gmt":"2024-09-10T11:15:19","slug":"pro-grip-losjonas-2oz","status":"publish","type":"product","link":"https:\/\/staging.nbg.eu\/lt\/produktas\/pro-grip-losjonas-2oz\/","title":{"rendered":"Pro Grip losjonas 2oz"},"content":{"rendered":"<p>\nPagerinkite savo \u0161audymo rezultatus naudodami &#8222;Pro Grip&#8221; losjon\u0105 2 uncij\u0173 (60 ml) pakuot\u0117je. \u0160iuo losjonu pasitiki \u010dempionai, tokie kaip Jerry Barnhart, Todd Jarrett ir Saul Kirsch. Jis pranoksta kanifolijos ir kreidos efektyvum\u0105 ir yra patogiai supakuotas. Pajuskite geresn\u012f sukibim\u0105, ginklo valdym\u0105 ir greitesn\u012f atsigavim\u0105. B\u016btinas kiekvieno \u0161aulio krep\u0161yje, &#8222;Pro Grip&#8221; yra slaptas ginklas, padedantis pasiekti s\u0117km\u0119 dinaminiame \u0161audyme.<\/p>\n","protected":false},"excerpt":{"rendered":"<p>Pro Grip: \u010dempion\u0173 patvirtintas losjonas u\u017etikrinantis auk\u0161\u010diausio lygio ginklo valdym\u0105.<\/p>\n","protected":false},"featured_media":27287,"template":"","meta":{"_acf_changed":false},"product_brand":[11275],"product_cat":[13695,13728,13708],"product_tag":[],"class_list":{"0":"post-44849","1":"product","2":"type-product","3":"status-publish","4":"has-post-thumbnail","6":"product_brand-doublealpha","7":"product_cat-deklas","8":"product_cat-deklo-priedai","9":"product_cat-iranga","11":"first","12":"instock","13":"taxable","14":"shipping-taxable","15":"purchasable","16":"product-type-simple"},"acf":[],"_links":{"self":[{"href":"https:\/\/staging.nbg.eu\/lt\/wp-json\/wp\/v2\/product\/44849","targetHints":{"allow":["GET"]}}],"collection":[{"href":"https:\/\/staging.nbg.eu\/lt\/wp-json\/wp\/v2\/product"}],"about":[{"href":"https:\/\/staging.nbg.eu\/lt\/wp-json\/wp\/v2\/types\/product"}],"wp:featuredmedia":[{"embeddable":true,"href":"https:\/\/staging.nbg.eu\/lt\/wp-json\/wp\/v2\/media\/27287"}],"wp:attachment":[{"href":"https:\/\/staging.nbg.eu\/lt\/wp-json\/wp\/v2\/media?parent=44849"}],"wp:term":[{"taxonomy":"product_brand","embeddable":true,"href":"https:\/\/staging.nbg.eu\/lt\/wp-json\/wp\/v2\/product_brand?post=44849"},{"taxonomy":"product_cat","embeddable":true,"href":"https:\/\/staging.nbg.eu\/lt\/wp-json\/wp\/v2\/product_cat?post=44849"},{"taxonomy":"product_tag","embeddable":true,"href":"https:\/\/staging.nbg.eu\/lt\/wp-json\/wp\/v2\/product_tag?post=44849"}],"curies":[{"name":"wp","href":"https:\/\/api.w.org\/{rel}","templated":true}]}}