{"id":44827,"date":"2024-08-18T09:34:28","date_gmt":"2024-08-18T09:34:28","guid":{"rendered":"https:\/\/staging.nbg.eu\/product\/daa-magnet-with-m5-screw-for-rm-pouch\/"},"modified":"2024-09-10T11:11:28","modified_gmt":"2024-09-10T11:11:28","slug":"daa-magnetas-su-m5-varztu","status":"publish","type":"product","link":"https:\/\/staging.nbg.eu\/lt\/produktas\/daa-magnetas-su-m5-varztu\/","title":{"rendered":"DAA magnetas su M5 varztu"},"content":{"rendered":"<h2>DAA ypa\u010d stiprus magnetas Alpha-Xi\/X ir Race Master d\u0117klams<\/h2>\n<p>Patobulinkite savo \u0161audymo \u012frang\u0105 su m\u016bs\u0173 galingais DAA ypa\u010d stipriais magnetais, sukurtais Alpha-Xi, Alpha-X ir Race Master d\u0117klams.<\/p>\n<ul>\n<li>Cinkuotas ilgaam\u017ei\u0161kumui<\/li>\n<li>\u012esp\u016bdinga 87 kg traukos j\u0117ga<\/li>\n<li>50 mm skersmuo, 12 mm storis (\u012fskaitant korpus\u0105)<\/li>\n<li>Saugus tvirtinimas M5 var\u017etu<\/li>\n<\/ul>\n<p>Montavimas yra paprastas:<\/p>\n<ol>\n<li>I\u0161sriekite 4,2 mm skyl\u0119 d\u0117klo priekyje naudodami M5 sriegpjov\u0119<\/li>\n<li>Atsargiai \u012fsukite magnet\u0105<\/li>\n<li>U\u017etvirtinkite naudodami &#8222;LockTite&#8221; papildomam stabilumui<\/li>\n<\/ol>\n<p>Patirkite u\u017etikrint\u0105 d\u0117tuv\u0117s \u012fd\u0117jim\u0105 ir i\u0161laikym\u0105 dinami\u0161k\u0173 judesi\u0173 metu. Patobulinkite savo d\u0117kl\u0105 \u0161iandien geresniam na\u0161umui!<\/p>\n","protected":false},"excerpt":{"rendered":"<p>Stiprus M5 srieginis magnetas, skirtas Alpha-Xi\/X ir Race Master d\u0117klams.<\/p>\n","protected":false},"featured_media":27333,"template":"","meta":{"_acf_changed":false},"product_brand":[11275],"product_cat":[13695,13728,13733],"product_tag":[],"class_list":{"0":"post-44827","1":"product","2":"type-product","3":"status-publish","4":"has-post-thumbnail","6":"product_brand-doublealpha","7":"product_cat-deklas","8":"product_cat-deklo-priedai","9":"product_cat-sportinis-deklas","11":"first","12":"instock","13":"taxable","14":"shipping-taxable","15":"purchasable","16":"product-type-simple"},"acf":[],"_links":{"self":[{"href":"https:\/\/staging.nbg.eu\/lt\/wp-json\/wp\/v2\/product\/44827","targetHints":{"allow":["GET"]}}],"collection":[{"href":"https:\/\/staging.nbg.eu\/lt\/wp-json\/wp\/v2\/product"}],"about":[{"href":"https:\/\/staging.nbg.eu\/lt\/wp-json\/wp\/v2\/types\/product"}],"wp:featuredmedia":[{"embeddable":true,"href":"https:\/\/staging.nbg.eu\/lt\/wp-json\/wp\/v2\/media\/27333"}],"wp:attachment":[{"href":"https:\/\/staging.nbg.eu\/lt\/wp-json\/wp\/v2\/media?parent=44827"}],"wp:term":[{"taxonomy":"product_brand","embeddable":true,"href":"https:\/\/staging.nbg.eu\/lt\/wp-json\/wp\/v2\/product_brand?post=44827"},{"taxonomy":"product_cat","embeddable":true,"href":"https:\/\/staging.nbg.eu\/lt\/wp-json\/wp\/v2\/product_cat?post=44827"},{"taxonomy":"product_tag","embeddable":true,"href":"https:\/\/staging.nbg.eu\/lt\/wp-json\/wp\/v2\/product_tag?post=44827"}],"curies":[{"name":"wp","href":"https:\/\/api.w.org\/{rel}","templated":true}]}}