{"id":44805,"date":"2024-08-18T09:35:16","date_gmt":"2024-08-18T09:35:16","guid":{"rendered":"https:\/\/staging.nbg.eu\/product\/daa-4-pack-magnetic-collars-for-primer-tube\/"},"modified":"2024-09-10T11:05:55","modified_gmt":"2024-09-10T11:05:55","slug":"daa-4-vnt-magnetiniu-apykakliu-rinkinys-kapsuliu-vamzdeliui","status":"publish","type":"product","link":"https:\/\/staging.nbg.eu\/lt\/produktas\/daa-4-vnt-magnetiniu-apykakliu-rinkinys-kapsuliu-vamzdeliui\/","title":{"rendered":"Daa 4 vnt. magnetiniu apykakliu rinkinys kapsuliu vamzdeliui"},"content":{"rendered":"<div class=\"product-description\">\n<h2>DAA 4 magnetini\u0173 apykakli\u0173 rinkinys kapsuli\u0173 vamzdeliams<\/h2>\n<p>Padidinkite savo \u0161ovini\u0173 u\u017etaisymo efektyvum\u0105 naudodami DAA 4 magnetini\u0173 apykakli\u0173 rinkin\u012f, specialiai sukurt\u0105 naudoti su Dillon surinkimo vamzdeliais ir PRIMER-PRO kapsuli\u0173 r\u016b\u0161iuotuvu.<\/p>\n<ul>\n<li>Rinkin\u012f sudaro 4 polimerin\u0117s apykakl\u0117s su pritvirtintais magnetais ir fiksavimo var\u017etais<\/li>\n<li>Suderinamos su Dillon kapsuli\u0173 vamzdeliais<\/li>\n<li>Idealiai tinka i\u0161 anksto u\u017epildyti kelis vamzdelius prie\u0161 u\u017etaisymo sesijas<\/li>\n<li>Pa\u0161alina poreik\u012f da\u017enai gr\u012f\u017eti prie PRIMER-PRO \u012frenginio<\/li>\n<li>Puikiai papildo PRIMER-PRO, kuris tiekiamas su viena magnetine apykakle<\/li>\n<\/ul>\n<p><strong>Pastaba:<\/strong> Kapsuli\u0173 vamzdeliai NE\u012eTRAUKTI.<\/p>\n<p>Optimizuokite savo u\u017etaisymo darbo eig\u0105 ir taupykite laik\u0105 naudodami \u0161ias papildomas magnetines apykakles, leid\u017eian\u010dias i\u0161 anksto paruo\u0161ti kelis kapsuli\u0173 vamzdelius.<\/p>\n<\/div>\n","protected":false},"excerpt":{"rendered":"<p>4 magnetin\u0117s apykakl\u0117s Dillon \u012fdegiklio vamzdeliams. Naudoti su PRIMER-PRO.<\/p>\n","protected":false},"featured_media":27356,"template":"","meta":{"_acf_changed":false},"product_brand":[11275],"product_cat":[13737,13691],"product_tag":[],"class_list":{"0":"post-44805","1":"product","2":"type-product","3":"status-publish","4":"has-post-thumbnail","6":"product_brand-doublealpha","7":"product_cat-perkrovimas","8":"product_cat-perkrovimo-priedai","10":"first","11":"outofstock","12":"taxable","13":"shipping-taxable","14":"purchasable","15":"product-type-simple"},"acf":[],"_links":{"self":[{"href":"https:\/\/staging.nbg.eu\/lt\/wp-json\/wp\/v2\/product\/44805","targetHints":{"allow":["GET"]}}],"collection":[{"href":"https:\/\/staging.nbg.eu\/lt\/wp-json\/wp\/v2\/product"}],"about":[{"href":"https:\/\/staging.nbg.eu\/lt\/wp-json\/wp\/v2\/types\/product"}],"wp:featuredmedia":[{"embeddable":true,"href":"https:\/\/staging.nbg.eu\/lt\/wp-json\/wp\/v2\/media\/27356"}],"wp:attachment":[{"href":"https:\/\/staging.nbg.eu\/lt\/wp-json\/wp\/v2\/media?parent=44805"}],"wp:term":[{"taxonomy":"product_brand","embeddable":true,"href":"https:\/\/staging.nbg.eu\/lt\/wp-json\/wp\/v2\/product_brand?post=44805"},{"taxonomy":"product_cat","embeddable":true,"href":"https:\/\/staging.nbg.eu\/lt\/wp-json\/wp\/v2\/product_cat?post=44805"},{"taxonomy":"product_tag","embeddable":true,"href":"https:\/\/staging.nbg.eu\/lt\/wp-json\/wp\/v2\/product_tag?post=44805"}],"curies":[{"name":"wp","href":"https:\/\/api.w.org\/{rel}","templated":true}]}}