{"id":44783,"date":"2024-08-18T09:35:34","date_gmt":"2024-08-18T09:35:34","guid":{"rendered":"https:\/\/staging.nbg.eu\/product\/mr-bulletfeeder-pro-dropper-assembly-9-38s\/"},"modified":"2024-09-10T10:59:09","modified_gmt":"2024-09-10T10:59:09","slug":"mr-bulletfeeder-pro-tiekimo-mazgas-938s","status":"publish","type":"product","link":"https:\/\/staging.nbg.eu\/lt\/produktas\/mr-bulletfeeder-pro-tiekimo-mazgas-938s\/","title":{"rendered":"Mr. Bulletfeeder Pro tiekimo mazgas 9\/38S"},"content":{"rendered":"<p>Patobulinkite savo \u0161ovini\u0173 u\u017etaisymo \u012frang\u0105 su <strong>Mr. Bulletfeeder Pro Dropper Assembly 9\/38S<\/strong>. \u0160is patobulintas komponentas pasi\u017eymi:<\/p>\n<ul>\n<li>Pagerintu gravitacijos valdomu veikimu<\/li>\n<li>Dvigubo ilgio \u017ealvario sekcija didesniam svoriui ir patikimumui<\/li>\n<li>Visa plienin\u0117 \u0161tampavimo sekcija papildomam patvarumui<\/li>\n<li>Apsauga nuo u\u017estrigim\u0173, kuriuos sukelia tiekimo spyruokl\u0117s \u012ftempimas ar trintis<\/li>\n<li>Sukurtas didel\u0117s apimties \u0161ovini\u0173 u\u017etaisytojams<\/li>\n<\/ul>\n<p>Patirkite nuosekl\u0173 ir efektyv\u0173 kulk\u0173 tiekim\u0105 su \u0161iuo profesionalaus lygio kulk\u0173 tiekimo mechanizmu.<\/p>\n","protected":false},"excerpt":{"rendered":"<p>Patobulinta, sunkesn\u0117 padavimo sistema patikimam \u0161ovini\u0173 tiekimui. Plienin\u0117s dalys u\u017etikrina ilgaam\u017ei\u0161kum\u0105.<\/p>\n","protected":false},"featured_media":27379,"template":"","meta":{"_acf_changed":false},"product_brand":[11275],"product_cat":[13737,13691],"product_tag":[],"class_list":{"0":"post-44783","1":"product","2":"type-product","3":"status-publish","4":"has-post-thumbnail","6":"product_brand-doublealpha","7":"product_cat-perkrovimas","8":"product_cat-perkrovimo-priedai","10":"first","11":"outofstock","12":"taxable","13":"shipping-taxable","14":"purchasable","15":"product-type-simple"},"acf":[],"_links":{"self":[{"href":"https:\/\/staging.nbg.eu\/lt\/wp-json\/wp\/v2\/product\/44783","targetHints":{"allow":["GET"]}}],"collection":[{"href":"https:\/\/staging.nbg.eu\/lt\/wp-json\/wp\/v2\/product"}],"about":[{"href":"https:\/\/staging.nbg.eu\/lt\/wp-json\/wp\/v2\/types\/product"}],"wp:featuredmedia":[{"embeddable":true,"href":"https:\/\/staging.nbg.eu\/lt\/wp-json\/wp\/v2\/media\/27379"}],"wp:attachment":[{"href":"https:\/\/staging.nbg.eu\/lt\/wp-json\/wp\/v2\/media?parent=44783"}],"wp:term":[{"taxonomy":"product_brand","embeddable":true,"href":"https:\/\/staging.nbg.eu\/lt\/wp-json\/wp\/v2\/product_brand?post=44783"},{"taxonomy":"product_cat","embeddable":true,"href":"https:\/\/staging.nbg.eu\/lt\/wp-json\/wp\/v2\/product_cat?post=44783"},{"taxonomy":"product_tag","embeddable":true,"href":"https:\/\/staging.nbg.eu\/lt\/wp-json\/wp\/v2\/product_tag?post=44783"}],"curies":[{"name":"wp","href":"https:\/\/api.w.org\/{rel}","templated":true}]}}