{"id":44735,"date":"2024-08-18T09:36:04","date_gmt":"2024-08-18T09:36:04","guid":{"rendered":"https:\/\/staging.nbg.eu\/product\/lynx-belt-buckle-roll-pins-50bag\/"},"modified":"2024-09-10T09:19:37","modified_gmt":"2024-09-10T09:19:37","slug":"lynx-dirzo-sagtis-ritininiai-kaisciai-50-maiselis","status":"publish","type":"product","link":"https:\/\/staging.nbg.eu\/lt\/produktas\/lynx-dirzo-sagtis-ritininiai-kaisciai-50-maiselis\/","title":{"rendered":"Lynx dirzo sagtis ritininiai kaisciai (50 maiselis)"},"content":{"rendered":"<p>\nAtsarginiai ritininiai kai\u0161\u010diai Lynx dir\u017e\u0173 sagtims. 50 kai\u0161\u010di\u0173 pakuot\u0117. B\u016btini Lynx dir\u017e\u0173 surinkimui ir remontui. U\u017etikrina saug\u0173 Lynx sagties pritvirtinim\u0105.<\/p>\n","protected":false},"excerpt":{"rendered":"<p>\u201eLynx&#8221; dir\u017eo sagties voleliniai kai\u0161\u010diai (50 vnt. mai\u0161elyje): Papildomi kai\u0161\u010diai j\u016bs\u0173 \u201eLynx&#8221; dir\u017eams.<\/p>\n","protected":false},"featured_media":27448,"template":"","meta":{"_acf_changed":false},"product_brand":[11275],"product_cat":[13708,13711],"product_tag":[],"class_list":{"0":"post-44735","1":"product","2":"type-product","3":"status-publish","4":"has-post-thumbnail","6":"product_brand-doublealpha","7":"product_cat-iranga","8":"product_cat-sportiniai-dirzai","10":"first","11":"instock","12":"taxable","13":"shipping-taxable","14":"purchasable","15":"product-type-simple"},"acf":[],"_links":{"self":[{"href":"https:\/\/staging.nbg.eu\/lt\/wp-json\/wp\/v2\/product\/44735","targetHints":{"allow":["GET"]}}],"collection":[{"href":"https:\/\/staging.nbg.eu\/lt\/wp-json\/wp\/v2\/product"}],"about":[{"href":"https:\/\/staging.nbg.eu\/lt\/wp-json\/wp\/v2\/types\/product"}],"wp:featuredmedia":[{"embeddable":true,"href":"https:\/\/staging.nbg.eu\/lt\/wp-json\/wp\/v2\/media\/27448"}],"wp:attachment":[{"href":"https:\/\/staging.nbg.eu\/lt\/wp-json\/wp\/v2\/media?parent=44735"}],"wp:term":[{"taxonomy":"product_brand","embeddable":true,"href":"https:\/\/staging.nbg.eu\/lt\/wp-json\/wp\/v2\/product_brand?post=44735"},{"taxonomy":"product_cat","embeddable":true,"href":"https:\/\/staging.nbg.eu\/lt\/wp-json\/wp\/v2\/product_cat?post=44735"},{"taxonomy":"product_tag","embeddable":true,"href":"https:\/\/staging.nbg.eu\/lt\/wp-json\/wp\/v2\/product_tag?post=44735"}],"curies":[{"name":"wp","href":"https:\/\/api.w.org\/{rel}","templated":true}]}}