{"id":44713,"date":"2024-08-18T09:36:21","date_gmt":"2024-08-18T09:36:21","guid":{"rendered":"https:\/\/staging.nbg.eu\/product\/ced-deluxe-quick-patch-tape-gun\/"},"modified":"2024-09-10T09:16:11","modified_gmt":"2024-09-10T09:16:11","slug":"ced-deluxe-greito-taisymo-juostos-pistoletas","status":"publish","type":"product","link":"https:\/\/staging.nbg.eu\/lt\/produktas\/ced-deluxe-greito-taisymo-juostos-pistoletas\/","title":{"rendered":"Ced Deluxe greito taisymo juostos pistoletas"},"content":{"rendered":"<p>Pristatome CED Deluxe greitojo klijavimo juostos pistolet\u0105: puik\u0173 sprendim\u0105 taikini\u0173 skyli\u0173 u\u017eklijavimui!<\/p>\n<ul>\n<li>Greitesnis ir paprastesnis nei rankinis klijavimas<\/li>\n<li>Suderinamas su dauguma standartinio dyd\u017eio lop\u0173<\/li>\n<li>Paprastas naudojimas &#8211; tik spustel\u0117kite ir atleiskite<\/li>\n<li>Lengva taikyti, naudoti ir perkrauti<\/li>\n<li>Didina efektyvum\u0105 ir taupo laik\u0105<\/li>\n<li>Smagu ir paprasta naudoti<\/li>\n<\/ul>\n<p>Patobulinkite savo \u0161audymo pratybas su CED Deluxe juostos pistoletu &#8211; universaliu \u012frankiu greitam ir efektyviam taikini\u0173 lopymui!<\/p>\n","protected":false},"excerpt":{"rendered":"<p>Efektyvus taikini\u0173 taisymo \u012frankis. Lengva naudoti, u\u017etaisyti ir taikyti. Smagu!<\/p>\n","protected":false},"featured_media":27517,"template":"","meta":{"_acf_changed":false},"product_brand":[11275],"product_cat":[13706,13714,13739],"product_tag":[],"class_list":{"0":"post-44713","1":"product","2":"type-product","3":"status-publish","4":"has-post-thumbnail","6":"product_brand-doublealpha","7":"product_cat-lopai-ir-lopu-sautuvai","8":"product_cat-popieriniai-taikiniai","9":"product_cat-taikiniai","11":"first","12":"instock","13":"taxable","14":"shipping-taxable","15":"purchasable","16":"product-type-simple"},"acf":[],"_links":{"self":[{"href":"https:\/\/staging.nbg.eu\/lt\/wp-json\/wp\/v2\/product\/44713","targetHints":{"allow":["GET"]}}],"collection":[{"href":"https:\/\/staging.nbg.eu\/lt\/wp-json\/wp\/v2\/product"}],"about":[{"href":"https:\/\/staging.nbg.eu\/lt\/wp-json\/wp\/v2\/types\/product"}],"wp:featuredmedia":[{"embeddable":true,"href":"https:\/\/staging.nbg.eu\/lt\/wp-json\/wp\/v2\/media\/27517"}],"wp:attachment":[{"href":"https:\/\/staging.nbg.eu\/lt\/wp-json\/wp\/v2\/media?parent=44713"}],"wp:term":[{"taxonomy":"product_brand","embeddable":true,"href":"https:\/\/staging.nbg.eu\/lt\/wp-json\/wp\/v2\/product_brand?post=44713"},{"taxonomy":"product_cat","embeddable":true,"href":"https:\/\/staging.nbg.eu\/lt\/wp-json\/wp\/v2\/product_cat?post=44713"},{"taxonomy":"product_tag","embeddable":true,"href":"https:\/\/staging.nbg.eu\/lt\/wp-json\/wp\/v2\/product_tag?post=44713"}],"curies":[{"name":"wp","href":"https:\/\/api.w.org\/{rel}","templated":true}]}}