{"id":44691,"date":"2024-08-18T09:36:41","date_gmt":"2024-08-18T09:36:41","guid":{"rendered":"https:\/\/staging.nbg.eu\/product\/mr-bulletfeeder-pro-9-38s\/"},"modified":"2024-09-10T09:12:22","modified_gmt":"2024-09-10T09:12:22","slug":"mrbulletfeeder-pro-938s","status":"publish","type":"product","link":"https:\/\/staging.nbg.eu\/lt\/produktas\/mrbulletfeeder-pro-938s\/","title":{"rendered":"Mr.Bulletfeeder Pro 9\/38S"},"content":{"rendered":"<div class=\"product-description\">\n<h2>Mr.Bulletfeeder Pro 9\/38S<\/h2>\n<p>Pakelkite savo \u0161ovini\u0173 u\u017etaisymo lyg\u012f su Mr.Bulletfeeder Pro 9\/38S &#8211; tobulu sprendimu didel\u0117s apimties \u0161audmen\u0173 gamybai. \u0160is pa\u017eangus kulk\u0173 tiektuvas pasi\u017eymi:<\/p>\n<ul>\n<li>Did\u017eiul\u0117 talpa: Talpina daugiau nei 1000 9mm 124 gr kulk\u0173<\/li>\n<li>\u012esp\u016bdingas na\u0161umas: Iki 7200 kulk\u0173 per valand\u0105<\/li>\n<li>Tvirta konstrukcija: Plieninis leidimo \u0161tampas didesniam patvarumui<\/li>\n<li>Reguliuojamas stovas: Aliuminis, teleskopinis ir reguliuojamo auk\u0161\u010dio optimaliam pad\u0117ties nustatymui<\/li>\n<li>Patobulintas patikimumas: Sunkesni komponentai u\u017etikrina nuosekl\u0173 veikim\u0105<\/li>\n<\/ul>\n<p>Tobulai tinkantis komerciniams u\u017etaisytojams ir didelio kiekio \u0161audytojams, Mr.Bulletfeeder Pro 9\/38S supaprastina j\u016bs\u0173 \u0161audmen\u0173 gamybos proces\u0105, taupydamas laik\u0105 ir pastangas.<\/p>\n<\/div>\n","protected":false},"excerpt":{"rendered":"<p>Mr.Bulletfeeder Pro 9\/38S: Didel\u0117s talpos kulk\u0173 tiektuvas rimtiems \u0161ovini\u0173 u\u017etaisytojams.<\/p>\n","protected":false},"featured_media":27540,"template":"","meta":{"_acf_changed":false},"product_brand":[11275],"product_cat":[13737,13709],"product_tag":[],"class_list":{"0":"post-44691","1":"product","2":"type-product","3":"status-publish","4":"has-post-thumbnail","6":"product_brand-doublealpha","7":"product_cat-perkrovimas","8":"product_cat-perkrovimo-masinos","10":"first","11":"outofstock","12":"taxable","13":"shipping-taxable","14":"purchasable","15":"product-type-simple"},"acf":[],"_links":{"self":[{"href":"https:\/\/staging.nbg.eu\/lt\/wp-json\/wp\/v2\/product\/44691","targetHints":{"allow":["GET"]}}],"collection":[{"href":"https:\/\/staging.nbg.eu\/lt\/wp-json\/wp\/v2\/product"}],"about":[{"href":"https:\/\/staging.nbg.eu\/lt\/wp-json\/wp\/v2\/types\/product"}],"wp:featuredmedia":[{"embeddable":true,"href":"https:\/\/staging.nbg.eu\/lt\/wp-json\/wp\/v2\/media\/27540"}],"wp:attachment":[{"href":"https:\/\/staging.nbg.eu\/lt\/wp-json\/wp\/v2\/media?parent=44691"}],"wp:term":[{"taxonomy":"product_brand","embeddable":true,"href":"https:\/\/staging.nbg.eu\/lt\/wp-json\/wp\/v2\/product_brand?post=44691"},{"taxonomy":"product_cat","embeddable":true,"href":"https:\/\/staging.nbg.eu\/lt\/wp-json\/wp\/v2\/product_cat?post=44691"},{"taxonomy":"product_tag","embeddable":true,"href":"https:\/\/staging.nbg.eu\/lt\/wp-json\/wp\/v2\/product_tag?post=44691"}],"curies":[{"name":"wp","href":"https:\/\/api.w.org\/{rel}","templated":true}]}}