{"id":44669,"date":"2024-08-18T09:37:01","date_gmt":"2024-08-18T09:37:01","guid":{"rendered":"https:\/\/staging.nbg.eu\/product\/daa-carry-it-all-cia-backpack\/"},"modified":"2024-09-10T09:08:47","modified_gmt":"2024-09-10T09:08:47","slug":"daa-carry-it-all-cia-kuprine","status":"publish","type":"product","link":"https:\/\/staging.nbg.eu\/lt\/produktas\/daa-carry-it-all-cia-kuprine\/","title":{"rendered":"Daa Carry It All (Cia) kuprine"},"content":{"rendered":"<h2>DAA \u201eCarry It All&#8221; (CIA) kuprin\u0117<\/h2>\n<p>\u0160i ne\u012ftik\u0117tina kuprin\u0117, skirta atsidavusiems IPSC \u0161auliams, yra sukurta patenkinti ir vir\u0161yti j\u016bs\u0173 l\u016bkes\u010dius.<\/p>\n<h2>Pagrindin\u0117s savyb\u0117s:<\/h2>\n<ul>\n<li>Patvari D600 Cordura med\u017eiaga su vandeniui atspariu pavir\u0161iumi<\/li>\n<li>Hypalon med\u017eiaga padengtas dugnas papildomai apsaugai<\/li>\n<li>Vidus padengtas lipnia juosta, leid\u017eian\u010dia pritaikyti laikymo vietas<\/li>\n<li>Nuimama centrin\u0117 pertvara<\/li>\n<li>Erdvi vir\u0161utin\u0117 priekin\u0117 ki\u0161en\u0117 klausos apsaugos priemon\u0117ms<\/li>\n<li>I\u0161orin\u0117 lipnios juostos plok\u0161t\u0117 personalizavimui<\/li>\n<li>MOLLE dir\u017eeliai papildomiems priedams<\/li>\n<li>Patog\u016bs, nuimami pe\u010di\u0173 dir\u017eeliai<\/li>\n<li>Ergonomi\u0161kas dizainas optimaliam svorio paskirstymui<\/li>\n<\/ul>\n<h2>Specifikacijos:<\/h2>\n<ul>\n<li>Matmenys: 42P x 27G x 56A cm<\/li>\n<li>Talpa: Apie 37L<\/li>\n<li>Svoris: 2,8 kg<\/li>\n<li>Spalva: Juoda<\/li>\n<\/ul>\n<p>Patirkite tobul\u0105 patvarumo, funkcionalumo ir patogumo derin\u012f su DAA CIA kuprine \u2013 j\u016bs\u0173 b\u016btina \u012franga, kuri tarnaus ilgus metus \u0161audykloje.<\/p>\n","protected":false},"excerpt":{"rendered":"<p>DAA CIA kuprin\u0117: Patvari, universali krep\u0161ys IPSC \u0161auliams.<\/p>\n","protected":false},"featured_media":27770,"template":"","meta":{"_acf_changed":false},"product_brand":[11275],"product_cat":[13708,13754],"product_tag":[],"class_list":{"0":"post-44669","1":"product","2":"type-product","3":"status-publish","4":"has-post-thumbnail","6":"product_brand-doublealpha","7":"product_cat-iranga","8":"product_cat-saudyklos-krepsiai","10":"first","11":"outofstock","12":"taxable","13":"shipping-taxable","14":"purchasable","15":"product-type-simple"},"acf":[],"_links":{"self":[{"href":"https:\/\/staging.nbg.eu\/lt\/wp-json\/wp\/v2\/product\/44669","targetHints":{"allow":["GET"]}}],"collection":[{"href":"https:\/\/staging.nbg.eu\/lt\/wp-json\/wp\/v2\/product"}],"about":[{"href":"https:\/\/staging.nbg.eu\/lt\/wp-json\/wp\/v2\/types\/product"}],"wp:featuredmedia":[{"embeddable":true,"href":"https:\/\/staging.nbg.eu\/lt\/wp-json\/wp\/v2\/media\/27770"}],"wp:attachment":[{"href":"https:\/\/staging.nbg.eu\/lt\/wp-json\/wp\/v2\/media?parent=44669"}],"wp:term":[{"taxonomy":"product_brand","embeddable":true,"href":"https:\/\/staging.nbg.eu\/lt\/wp-json\/wp\/v2\/product_brand?post=44669"},{"taxonomy":"product_cat","embeddable":true,"href":"https:\/\/staging.nbg.eu\/lt\/wp-json\/wp\/v2\/product_cat?post=44669"},{"taxonomy":"product_tag","embeddable":true,"href":"https:\/\/staging.nbg.eu\/lt\/wp-json\/wp\/v2\/product_tag?post=44669"}],"curies":[{"name":"wp","href":"https:\/\/api.w.org\/{rel}","templated":true}]}}