{"id":44647,"date":"2024-08-18T09:37:34","date_gmt":"2024-09-10T09:03:04","guid":{"rendered":"https:\/\/staging.nbg.eu\/product\/flex-holster-spare-slide-lock-teeth-set\/"},"modified":"2024-09-10T09:03:51","modified_gmt":"2024-09-10T09:03:51","slug":"flex-holster-atspargininiu-slankiklio-fiksatoriaus-dantu-rinkinys","status":"publish","type":"product","link":"https:\/\/staging.nbg.eu\/lt\/produktas\/flex-holster-atspargininiu-slankiklio-fiksatoriaus-dantu-rinkinys\/","title":{"rendered":"Flex Holster &#8211; atspargininiu slankiklio fiksatoriaus dantu rinkinys"},"content":{"rendered":"<div class=\"product-description\">\n<h2>\u201eFlex&#8221; d\u0117klas &#8211; Atsargini\u0173 slankiojan\u010dio u\u017erakto dant\u0173 rinkinys<\/h2>\n<p>Patobulinkite savo \u201eFlex&#8221; d\u0117kl\u0105 su \u0161iuo raudon\u0173 slankiojan\u010dio u\u017erakto dant\u0173 pakeitimu. Suderinamas su A tipo ir B tipo \u012fd\u0117kl\u0173 blokais, \u0161\u012f rinkin\u012f sudaro:<\/p>\n<ul>\n<li>Raudoni slankiojan\u010dio u\u017erakto dantys<\/li>\n<li>Surinkimo \u012franga (var\u017etai ir ver\u017el\u0117s)<\/li>\n<\/ul>\n<p>Lengvai atnaujinkite arba pakeiskite esamus dantis optimaliam veikimui ir saugiam pritvirtinimui u\u017etikrinti.<\/p>\n<\/div>\n","protected":false},"excerpt":{"rendered":"<p>Pakaitiniai raudoni slankiojantys u\u017erakto dantukai Flex d\u0117klui su montavimo detal\u0117mis.<\/p>\n","protected":false},"featured_media":30503,"template":"","meta":{"_acf_changed":false},"product_brand":[11275],"product_cat":[13695,13728,13733],"product_tag":[],"class_list":{"0":"post-44647","1":"product","2":"type-product","3":"status-publish","4":"has-post-thumbnail","6":"product_brand-doublealpha","7":"product_cat-deklas","8":"product_cat-deklo-priedai","9":"product_cat-sportinis-deklas","11":"first","12":"instock","13":"taxable","14":"shipping-taxable","15":"purchasable","16":"product-type-simple"},"acf":[],"_links":{"self":[{"href":"https:\/\/staging.nbg.eu\/lt\/wp-json\/wp\/v2\/product\/44647","targetHints":{"allow":["GET"]}}],"collection":[{"href":"https:\/\/staging.nbg.eu\/lt\/wp-json\/wp\/v2\/product"}],"about":[{"href":"https:\/\/staging.nbg.eu\/lt\/wp-json\/wp\/v2\/types\/product"}],"wp:featuredmedia":[{"embeddable":true,"href":"https:\/\/staging.nbg.eu\/lt\/wp-json\/wp\/v2\/media\/30503"}],"wp:attachment":[{"href":"https:\/\/staging.nbg.eu\/lt\/wp-json\/wp\/v2\/media?parent=44647"}],"wp:term":[{"taxonomy":"product_brand","embeddable":true,"href":"https:\/\/staging.nbg.eu\/lt\/wp-json\/wp\/v2\/product_brand?post=44647"},{"taxonomy":"product_cat","embeddable":true,"href":"https:\/\/staging.nbg.eu\/lt\/wp-json\/wp\/v2\/product_cat?post=44647"},{"taxonomy":"product_tag","embeddable":true,"href":"https:\/\/staging.nbg.eu\/lt\/wp-json\/wp\/v2\/product_tag?post=44647"}],"curies":[{"name":"wp","href":"https:\/\/api.w.org\/{rel}","templated":true}]}}