{"id":44625,"date":"2024-08-18T09:37:54","date_gmt":"2024-08-18T09:37:54","guid":{"rendered":"https:\/\/staging.nbg.eu\/product\/daa-primer-pickup-tubes-5-pack-small\/"},"modified":"2024-09-10T08:58:56","modified_gmt":"2024-09-10T08:58:56","slug":"daa-kapsuliu-surinkimo-vamzdeliai-5-vnt-mazi","status":"publish","type":"product","link":"https:\/\/staging.nbg.eu\/lt\/produktas\/daa-kapsuliu-surinkimo-vamzdeliai-5-vnt-mazi\/","title":{"rendered":"Daa kapsuliu surinkimo vamzdeliai, 5 vnt., mazi"},"content":{"rendered":"<div class=\"product-description\">\n<h2>DAA kapsuli\u0173 pa\u0117mimo vamzdeliai, 5 vnt. pakuot\u0117, ma\u017ei<\/h2>\n<p>Patobulinkite savo \u0161ovini\u0173 u\u017etaisymo patirt\u012f su DAA kapsuli\u0173 pa\u0117mimo vamzdeliais. Pagaminti i\u0161 auk\u0161\u010diausios kokyb\u0117s aliuminio naudojant specialius ekstruzijos \u012frankius, \u0161ie vamzdeliai pasi\u017eymi neprilygstamu tikslumu ir apdaila. Raudonas anoduotas pavir\u0161ius ma\u017eoms kapsul\u0117ms u\u017etikrina lengv\u0105 identifikavim\u0105 ir suteikia eleganti\u0161k\u0105 i\u0161vaizd\u0105.<\/p>\n<ul>\n<li>Ergonomi\u0161kas pa\u0117mimo galas su platesne pir\u0161t\u0173 atramos sritimi apsaugo nuo rank\u0173 nuovargio<\/li>\n<li>Atnaujintas antgalis su dvigubais dantukais u\u017etikrina saug\u0173 kapsul\u0117s su\u0117mim\u0105<\/li>\n<li>Permatomi galiniai elementai lengvam kapsuli\u0173 matomumui<\/li>\n<li>Tvirtai pritvirtinti galai apsaugo nuo atsitiktinio atsijungimo<\/li>\n<li>Nuoseklus vidinis ir i\u0161orinis nusklembimas optimaliam tiekimui<\/li>\n<\/ul>\n<p>Patirkite DAA kapsuli\u0173 pa\u0117mimo vamzdeli\u0173 komfort\u0105 ir efektyvum\u0105 savo \u0161ovini\u0173 u\u017etaisymo procese. Patobulinkite savo \u012frang\u0105 jau \u0161iandien!<\/p>\n<\/div>\n","protected":false},"excerpt":{"rendered":"<p>DAA pradinio u\u017etaiso pa\u0117mimo vamzdeliai: 5 vnt. pakuot\u0117, ma\u017ei, raudonai anoduoto aliuminio, ergonomi\u0161ko dizaino.<\/p>\n","protected":false},"featured_media":28046,"template":"","meta":{"_acf_changed":false},"product_brand":[11275],"product_cat":[13737,13691],"product_tag":[],"class_list":{"0":"post-44625","1":"product","2":"type-product","3":"status-publish","4":"has-post-thumbnail","6":"product_brand-doublealpha","7":"product_cat-perkrovimas","8":"product_cat-perkrovimo-priedai","10":"first","11":"outofstock","12":"taxable","13":"shipping-taxable","14":"purchasable","15":"product-type-simple"},"acf":[],"_links":{"self":[{"href":"https:\/\/staging.nbg.eu\/lt\/wp-json\/wp\/v2\/product\/44625","targetHints":{"allow":["GET"]}}],"collection":[{"href":"https:\/\/staging.nbg.eu\/lt\/wp-json\/wp\/v2\/product"}],"about":[{"href":"https:\/\/staging.nbg.eu\/lt\/wp-json\/wp\/v2\/types\/product"}],"wp:featuredmedia":[{"embeddable":true,"href":"https:\/\/staging.nbg.eu\/lt\/wp-json\/wp\/v2\/media\/28046"}],"wp:attachment":[{"href":"https:\/\/staging.nbg.eu\/lt\/wp-json\/wp\/v2\/media?parent=44625"}],"wp:term":[{"taxonomy":"product_brand","embeddable":true,"href":"https:\/\/staging.nbg.eu\/lt\/wp-json\/wp\/v2\/product_brand?post=44625"},{"taxonomy":"product_cat","embeddable":true,"href":"https:\/\/staging.nbg.eu\/lt\/wp-json\/wp\/v2\/product_cat?post=44625"},{"taxonomy":"product_tag","embeddable":true,"href":"https:\/\/staging.nbg.eu\/lt\/wp-json\/wp\/v2\/product_tag?post=44625"}],"curies":[{"name":"wp","href":"https:\/\/api.w.org\/{rel}","templated":true}]}}